{"id":98305,"date":"2026-01-08T15:55:28","date_gmt":"2026-01-08T13:55:28","guid":{"rendered":"https:\/\/ddt.lv\/lv\/product\/kafijas-dzirnavinas-gefu-giro\/"},"modified":"2026-04-13T10:06:20","modified_gmt":"2026-04-13T07:06:20","slug":"kafijas-dzirnavinas-gefu-giro","status":"publish","type":"product","link":"https:\/\/ddt.lv\/lv\/product\/kafijas-dzirnavinas-gefu-giro\/","title":{"rendered":"Kafijas dzirnavi\u0146as GEFU Giro"},"content":{"rendered":"<p><\/p>\n<div class=\"tld-highlight-tree ng-star-inserted\"><span class=\"ng-star-inserted\">Kafijas dzirnavi\u0146as GIRO<\/span><\/div>\n<div class=\"tld-highlight-tree ng-star-inserted\"><span class=\"ng-star-inserted\">Visiem kafijas cien\u012bt\u0101jiem patiks GIRO, jo tas apvieno klasisku retro dizainu ar novatorisku mal\u0161anas tehnolo\u0123iju. T\u0101 elegantaj\u0101 koka korpus\u0101 \u012bpa\u0161i augstas kvalit\u0101tes un jaud\u012bgs keramikas dzirnavi\u0146as darbojas ar 11 individu\u0101li regul\u0113jamiem mal\u0161anas l\u012bme\u0146iem &#8211; no smalki malta espresso l\u012bdz vid\u0113ji smalkai filtrkafijai un rupji maltai fran\u010du preses kafijai.<\/span><\/div>\n<div class=\"tld-highlight-tree ng-star-inserted\"><\/div>\n<div class=\"tld-highlight-tree ng-star-inserted\"><\/div>\n<div class=\"tld-highlight-tree ng-star-inserted\"><span class=\"ng-star-inserted\">Vienm\u0113r\u012bgi darbojo\u0161\u0101s keramikas dzirnavi\u0146as ar 11 mal\u0161anas l\u012bme\u0146iem,\u00a0 m\u0113rsskala<\/span><\/div>\n<div class=\"tld-highlight-tree ng-star-inserted\"><span class=\"ng-star-inserted\">Uzglab\u0101\u0161anas trauks 50 g kafijas pupi\u0146\u0101m<\/span><\/div>\n<div class=\"tld-highlight-tree ng-star-inserted\"><span class=\"ng-star-inserted\">Iz\u0146emama sav\u0101k\u0161anas papl\u0101te l\u012bdz 7 tas\u0113m kafijas (50 g)<\/span><\/div>\n<div class=\"tld-highlight-tree ng-star-inserted\"><span class=\"ng-star-inserted\">Nostalgisks, augstas kvalit\u0101tes dizains, korpuss, kas izgatavots no ak\u0101cijas koka, bet izskat\u0101 l\u012bdzin\u0101s valrieksta kokam<\/span><\/div>\n<div class=\"tld-highlight-tree ng-star-inserted\"><\/div>\n<div class=\"tld-highlight-tree ng-star-inserted\"><span class=\"ng-star-inserted\">Materi\u0101li: ak\u0101cijas koks \/ augstas kvalit\u0101tes ner\u016bs\u0113jo\u0161ais t\u0113rauds \/ silikons \/ keramikas dzirnavi\u0146as \/ plastmasa<\/span><\/div>\n<div class=\"tld-highlight-tree ng-star-inserted\"><span class=\"ng-star-inserted\">Nav piem\u0113rots mazg\u0101\u0161anai trauku mazg\u0101jamaj\u0101 ma\u0161\u012bn\u0101<\/span><\/div>\n<div class=\"tld-highlight-tree ng-star-inserted\"><span class=\"ng-star-inserted\">Izm\u0113rs: garums 18,5 cm x platums 12 cm x augstums 17,8 cm<\/span><\/div>\n<div class=\"tld-highlight-tree ng-star-inserted\"><span class=\"ng-star-inserted\">Svars: 0.85 kg<\/span><\/div>\n<p><\/p>","protected":false},"excerpt":{"rendered":"<p>Kafijas dzirnavi\u0146as GIRO Visiem kafijas cien\u012bt\u0101jiem patiks GIRO, jo tas apvieno klasisku retro dizainu ar novatorisku mal\u0161anas tehnolo\u0123iju. T\u0101 elegantaj\u0101 koka korpus\u0101 \u012bpa\u0161i augstas kvalit\u0101tes un jaud\u012bgs keramikas dzirnavi\u0146as darbojas ar 11 individu\u0101li regul\u0113jamiem mal\u0161anas l\u012bme\u0146iem &#8211; no smalki malta espresso l\u012bdz vid\u0113ji smalkai filtrkafijai un rupji maltai fran\u010du preses kafijai. Vienm\u0113r\u012bgi darbojo\u0161\u0101s keramikas dzirnavi\u0146as [&hellip;]<\/p>\n","protected":false},"featured_media":98306,"comment_status":"closed","ping_status":"closed","template":"","meta":{"inline_featured_image":false},"product_cat":[1684,772],"product_tag":[],"yst_prominent_words":[],"class_list":{"0":"post-98305","1":"product","2":"type-product","3":"status-publish","4":"has-post-thumbnail","6":"product_cat-dzerieniem","7":"product_cat-atlaides","9":"first","10":"instock","11":"sale","12":"taxable","13":"shipping-taxable","14":"purchasable","15":"product-type-simple"},"jetpack_sharing_enabled":true,"_links":{"self":[{"href":"https:\/\/ddt.lv\/lv\/wp-json\/wp\/v2\/product\/98305"}],"collection":[{"href":"https:\/\/ddt.lv\/lv\/wp-json\/wp\/v2\/product"}],"about":[{"href":"https:\/\/ddt.lv\/lv\/wp-json\/wp\/v2\/types\/product"}],"replies":[{"embeddable":true,"href":"https:\/\/ddt.lv\/lv\/wp-json\/wp\/v2\/comments?post=98305"}],"wp:featuredmedia":[{"embeddable":true,"href":"https:\/\/ddt.lv\/lv\/wp-json\/wp\/v2\/media\/98306"}],"wp:attachment":[{"href":"https:\/\/ddt.lv\/lv\/wp-json\/wp\/v2\/media?parent=98305"}],"wp:term":[{"taxonomy":"product_cat","embeddable":true,"href":"https:\/\/ddt.lv\/lv\/wp-json\/wp\/v2\/product_cat?post=98305"},{"taxonomy":"product_tag","embeddable":true,"href":"https:\/\/ddt.lv\/lv\/wp-json\/wp\/v2\/product_tag?post=98305"},{"taxonomy":"yst_prominent_words","embeddable":true,"href":"https:\/\/ddt.lv\/lv\/wp-json\/wp\/v2\/yst_prominent_words?post=98305"}],"curies":[{"name":"wp","href":"https:\/\/api.w.org\/{rel}","templated":true}]}}