{"id":98288,"date":"2026-01-08T10:55:27","date_gmt":"2026-01-08T08:55:27","guid":{"rendered":"https:\/\/ddt.lv\/lv\/product\/etika-un-ellas-izsmidzinataji-gefu-neva\/"},"modified":"2026-04-13T10:05:24","modified_gmt":"2026-04-13T07:05:24","slug":"etika-un-ellas-izsmidzinataji-gefu-neva","status":"publish","type":"product","link":"https:\/\/ddt.lv\/lv\/product\/etika-un-ellas-izsmidzinataji-gefu-neva\/","title":{"rendered":"Eti\u0137a un e\u013c\u013cas izsmidzin\u0101t\u0101ji GEFU Neva"},"content":{"rendered":"<p><\/p>\n<div class=\"tld-highlight-tree ng-star-inserted\"><span class=\"ng-star-inserted\">Eti\u0137a un e\u013c\u013cas izsmidzin\u0101t\u0101js NEVA, 2 gab.<\/span><\/div>\n<div class=\"tld-highlight-tree ng-star-inserted\"><span class=\"ng-star-inserted\">Vien\u0101 mirkl\u012b izsmidziniet, nevis ilgi t\u0113r\u0113jiet laiku, t\u012brot vai p\u0101rkl\u0101jot! Elegants smidzin\u0101\u0161anas pudeles Duo NEVA \u013cauj smalki un vienm\u0113r\u012bgi doz\u0113t eti\u0137i un e\u013c\u013cu ar pogas spiedienu. Ide\u0101li piem\u0113rots zema tauku satura, vesel\u012bgam uzturam un lai veicin\u0101tu zemu kaloriju \u0113dienu cep\u0161anu, gril\u0113\u0161anu, v\u0101r\u012b\u0161anu.<\/span><\/div>\n<div class=\"tld-highlight-tree ng-star-inserted\"><\/div>\n<div class=\"tld-highlight-tree ng-star-inserted\"><\/div>\n<div class=\"tld-highlight-tree ng-star-inserted\"><span class=\"ng-star-inserted\">Ietilp\u012bba: 100 ml<\/span><\/div>\n<div class=\"tld-highlight-tree ng-star-inserted\"><span class=\"ng-star-inserted\">Prec\u012bza un vienm\u0113r\u012bga eti\u0137a un e\u013c\u013cas doz\u0113\u0161ana<\/span><\/div>\n<div class=\"tld-highlight-tree ng-star-inserted\"><span class=\"ng-star-inserted\">Nospiediet izsmidzin\u0101\u0161anas pogu l\u012bdz galam<\/span><\/div>\n<div class=\"tld-highlight-tree ng-star-inserted\"><span class=\"ng-star-inserted\">Viegla sprauslas t\u012br\u012b\u0161ana ar \u016bdeni<\/span><\/div>\n<div class=\"tld-highlight-tree ng-star-inserted\"><span class=\"ng-star-inserted\">Materi\u0101li: stikls \/ augstas kvalit\u0101tes ner\u016bs\u0113jo\u0161ais t\u0113rauds \/ plastmasa<\/span><\/div>\n<div class=\"tld-highlight-tree ng-star-inserted\"><span class=\"ng-star-inserted\">Trauku mazg\u0101jamaj\u0101 ma\u0161\u012bn\u0101\u00a0 &#8211; mazg\u0101jams<\/span><\/div>\n<div class=\"tld-highlight-tree ng-star-inserted\"><span class=\"ng-star-inserted\">Izm\u0113rs: garums 4 cm x platums 4 cm x augstums 18 cm<\/span><\/div>\n<div class=\"tld-highlight-tree ng-star-inserted\"><span class=\"ng-star-inserted\">Svars: 0.222 kg<\/span><\/div>\n<p><\/p>","protected":false},"excerpt":{"rendered":"<p>Eti\u0137a un e\u013c\u013cas izsmidzin\u0101t\u0101js NEVA, 2 gab. Vien\u0101 mirkl\u012b izsmidziniet, nevis ilgi t\u0113r\u0113jiet laiku, t\u012brot vai p\u0101rkl\u0101jot! Elegants smidzin\u0101\u0161anas pudeles Duo NEVA \u013cauj smalki un vienm\u0113r\u012bgi doz\u0113t eti\u0137i un e\u013c\u013cu ar pogas spiedienu. Ide\u0101li piem\u0113rots zema tauku satura, vesel\u012bgam uzturam un lai veicin\u0101tu zemu kaloriju \u0113dienu cep\u0161anu, gril\u0113\u0161anu, v\u0101r\u012b\u0161anu. Ietilp\u012bba: 100 ml Prec\u012bza un vienm\u0113r\u012bga [&hellip;]<\/p>\n","protected":false},"featured_media":98289,"comment_status":"closed","ping_status":"closed","template":"","meta":{"inline_featured_image":false},"product_cat":[1681,772],"product_tag":[],"yst_prominent_words":[],"class_list":{"0":"post-98288","1":"product","2":"type-product","3":"status-publish","4":"has-post-thumbnail","6":"product_cat-virtuves-paligi","7":"product_cat-atlaides","9":"first","10":"instock","11":"sale","12":"taxable","13":"shipping-taxable","14":"purchasable","15":"product-type-simple"},"jetpack_sharing_enabled":true,"_links":{"self":[{"href":"https:\/\/ddt.lv\/lv\/wp-json\/wp\/v2\/product\/98288"}],"collection":[{"href":"https:\/\/ddt.lv\/lv\/wp-json\/wp\/v2\/product"}],"about":[{"href":"https:\/\/ddt.lv\/lv\/wp-json\/wp\/v2\/types\/product"}],"replies":[{"embeddable":true,"href":"https:\/\/ddt.lv\/lv\/wp-json\/wp\/v2\/comments?post=98288"}],"wp:featuredmedia":[{"embeddable":true,"href":"https:\/\/ddt.lv\/lv\/wp-json\/wp\/v2\/media\/98289"}],"wp:attachment":[{"href":"https:\/\/ddt.lv\/lv\/wp-json\/wp\/v2\/media?parent=98288"}],"wp:term":[{"taxonomy":"product_cat","embeddable":true,"href":"https:\/\/ddt.lv\/lv\/wp-json\/wp\/v2\/product_cat?post=98288"},{"taxonomy":"product_tag","embeddable":true,"href":"https:\/\/ddt.lv\/lv\/wp-json\/wp\/v2\/product_tag?post=98288"},{"taxonomy":"yst_prominent_words","embeddable":true,"href":"https:\/\/ddt.lv\/lv\/wp-json\/wp\/v2\/yst_prominent_words?post=98288"}],"curies":[{"name":"wp","href":"https:\/\/api.w.org\/{rel}","templated":true}]}}