{"id":98219,"date":"2026-01-07T17:35:37","date_gmt":"2026-01-07T15:35:37","guid":{"rendered":"https:\/\/ddt.lv\/lv\/product\/espresso-kafijas-kanna-gefu-nando-4-tasem-indukcijas\/"},"modified":"2026-04-13T10:05:23","modified_gmt":"2026-04-13T07:05:23","slug":"espresso-kafijas-kanna-gefu-nando-4-tasem-indukcijas","status":"publish","type":"product","link":"https:\/\/ddt.lv\/lv\/product\/espresso-kafijas-kanna-gefu-nando-4-tasem-indukcijas\/","title":{"rendered":"Espresso kafijas kanna GEFU Nando 4 tas\u0113m , indukcijas"},"content":{"rendered":"<p><\/p>\n<div class=\"tld-highlight-tree ng-star-inserted\"><span class=\"ng-star-inserted\">Espresso kafijas kanna NANDO, 4 tases<\/span><\/div>\n<div class=\"tld-highlight-tree ng-star-inserted\"><span class=\"ng-star-inserted\">Svaigs espresso, klasiski pagatavots lab\u0101 espresso kann\u0101. M\u016bsdien\u012bga espresso kanna izskat\u0101s lieliski uz katras pl\u012bts.<\/span><\/div>\n<div class=\"tld-highlight-tree ng-star-inserted\"><\/div>\n<div class=\"tld-highlight-tree ng-star-inserted\"><\/div>\n<div class=\"tld-highlight-tree ng-star-inserted\"><span class=\"ng-star-inserted\">\u2022 svaigi pagatavotam espresso<\/span><\/div>\n<div class=\"tld-highlight-tree ng-star-inserted\"><span class=\"ng-star-inserted\">\u2022 piem\u0113rots ar\u012b indukcijas pl\u012bt\u012bm<\/span><\/div>\n<div class=\"tld-highlight-tree ng-star-inserted\"><span class=\"ng-star-inserted\">\u2022 ar redukcijas sietu &#8211; maz\u0101kam espresso daudzumam<\/span><\/div>\n<div class=\"tld-highlight-tree ng-star-inserted\"><span class=\"ng-star-inserted\">\u2022 lie\u0161anas sn\u012bpis<\/span><\/div>\n<div class=\"tld-highlight-tree ng-star-inserted\"><\/div>\n<div class=\"tld-highlight-tree ng-star-inserted\"><\/div>\n<div class=\"tld-highlight-tree ng-star-inserted\"><span class=\"ng-star-inserted\">Espresso kanna apvieno m\u016bsdien\u012bgu dizainu ar klasisko it\u0101\u013cu espresso kult\u016bru. Un tas ir tik vienk\u0101r\u0161i: ielejiet \u016bdeni konteiner\u0101, ievietojiet sietu ar espresso pulveri, uzskr\u016bv\u0113jiet kr\u016bzi, un novietojiet to uz pl\u012bts. Starp citu, espresso kanna ir piem\u0113rota visiem pl\u012bts veidiem, ar\u012b indukcijai. Un, ja v\u0113laties baud\u012bt tikai pusi no espresso, redukcijas siets \u013cauj pagatavot kafiju ar pusi no pulvera daudzuma.<\/span><\/div>\n<div class=\"tld-highlight-tree ng-star-inserted\"><span class=\"ng-star-inserted\">Materi\u0101li: augstas kvalit\u0101tes ner\u016bs\u0113jo\u0161ais t\u0113rauds \/ misi\u0146\u0161<\/span><\/div>\n<div class=\"tld-highlight-tree ng-star-inserted\"><span class=\"ng-star-inserted\">Piem\u0113rots mazg\u0101\u0161anai trauku mazg\u0101jamaj\u0101 ma\u0161\u012bn\u0101<\/span><\/div>\n<div class=\"tld-highlight-tree ng-star-inserted\"><span class=\"ng-star-inserted\">Izm\u0113rs: garums 13.7 cm x platums 9.6 cm x augstums 20.4 cm<\/span><\/div>\n<div class=\"tld-highlight-tree ng-star-inserted\"><span class=\"ng-star-inserted\">Svars: 0.7 kg<\/span><\/div>\n<p><\/p>","protected":false},"excerpt":{"rendered":"<p>Espresso kafijas kanna NANDO, 4 tases Svaigs espresso, klasiski pagatavots lab\u0101 espresso kann\u0101. M\u016bsdien\u012bga espresso kanna izskat\u0101s lieliski uz katras pl\u012bts. \u2022 svaigi pagatavotam espresso \u2022 piem\u0113rots ar\u012b indukcijas pl\u012bt\u012bm \u2022 ar redukcijas sietu &#8211; maz\u0101kam espresso daudzumam \u2022 lie\u0161anas sn\u012bpis Espresso kanna apvieno m\u016bsdien\u012bgu dizainu ar klasisko it\u0101\u013cu espresso kult\u016bru. Un tas ir tik [&hellip;]<\/p>\n","protected":false},"featured_media":98220,"comment_status":"closed","ping_status":"closed","template":"","meta":{"inline_featured_image":false},"product_cat":[1684,772],"product_tag":[],"yst_prominent_words":[],"class_list":{"0":"post-98219","1":"product","2":"type-product","3":"status-publish","4":"has-post-thumbnail","6":"product_cat-dzerieniem","7":"product_cat-atlaides","9":"first","10":"instock","11":"sale","12":"taxable","13":"shipping-taxable","14":"purchasable","15":"product-type-simple"},"jetpack_sharing_enabled":true,"_links":{"self":[{"href":"https:\/\/ddt.lv\/lv\/wp-json\/wp\/v2\/product\/98219"}],"collection":[{"href":"https:\/\/ddt.lv\/lv\/wp-json\/wp\/v2\/product"}],"about":[{"href":"https:\/\/ddt.lv\/lv\/wp-json\/wp\/v2\/types\/product"}],"replies":[{"embeddable":true,"href":"https:\/\/ddt.lv\/lv\/wp-json\/wp\/v2\/comments?post=98219"}],"wp:featuredmedia":[{"embeddable":true,"href":"https:\/\/ddt.lv\/lv\/wp-json\/wp\/v2\/media\/98220"}],"wp:attachment":[{"href":"https:\/\/ddt.lv\/lv\/wp-json\/wp\/v2\/media?parent=98219"}],"wp:term":[{"taxonomy":"product_cat","embeddable":true,"href":"https:\/\/ddt.lv\/lv\/wp-json\/wp\/v2\/product_cat?post=98219"},{"taxonomy":"product_tag","embeddable":true,"href":"https:\/\/ddt.lv\/lv\/wp-json\/wp\/v2\/product_tag?post=98219"},{"taxonomy":"yst_prominent_words","embeddable":true,"href":"https:\/\/ddt.lv\/lv\/wp-json\/wp\/v2\/yst_prominent_words?post=98219"}],"curies":[{"name":"wp","href":"https:\/\/api.w.org\/{rel}","templated":true}]}}