{"id":98215,"date":"2026-01-07T16:35:36","date_gmt":"2026-01-07T14:35:36","guid":{"rendered":"https:\/\/ddt.lv\/lv\/product\/steika-nazu-komplekts-gefu-rancho-6gab\/"},"modified":"2026-04-13T10:03:04","modified_gmt":"2026-04-13T07:03:04","slug":"steika-nazu-komplekts-gefu-rancho-6gab","status":"publish","type":"product","link":"https:\/\/ddt.lv\/lv\/product\/steika-nazu-komplekts-gefu-rancho-6gab\/","title":{"rendered":"Steika na\u017eu komplekts GEFU Rancho 6gab."},"content":{"rendered":"<p><\/p>\n<div class=\"tld-highlight-tree ng-star-inserted\"><span class=\"ng-star-inserted\">Steika na\u017eu komplekts RANCHO, 6 gab.<\/span><\/div>\n<div class=\"tld-highlight-tree ng-star-inserted\"><span class=\"ng-star-inserted\">Neatkar\u012bgi no t\u0101, vai pasniedzat ceptu liellopa ga\u013cu vai rib-eye steiku, \u0161o steika na\u017eu gludie asme\u0146i nodro\u0161ina perfektu griezumu. P\u0113c lieto\u0161anas j\u016bs varat uzglab\u0101t na\u017eus augstas kvalit\u0101tes koka kast\u0113.<\/span><\/div>\n<div><\/div>\n<div class=\"tld-highlight-tree ng-star-inserted\"><span class=\"ng-star-inserted\">6 steika na\u017ei kast\u0113, kas izgatavota no augst\u0101k\u0101s kvalit\u0101tes priedes koka<\/span><\/div>\n<div class=\"tld-highlight-tree ng-star-inserted\"><span class=\"ng-star-inserted\">Ergonomiski koka rokturi<\/span><\/div>\n<div class=\"tld-highlight-tree ng-star-inserted\"><span class=\"ng-star-inserted\">Dekorat\u012bva v\u0113r\u0161a galvas embl\u0113ma<\/span><\/div>\n<div class=\"tld-highlight-tree ng-star-inserted\"><span class=\"ng-star-inserted\">Kalt\u0101 asme\u0146u virsma \u013cauj viegli no\u0146emt no t\u0101s sasmalcin\u0101tos produktus<\/span><\/div>\n<div class=\"tld-highlight-tree ng-star-inserted\"><span class=\"ng-star-inserted\">Na\u017ea izm\u0113rs: L 22.5 cm<\/span><\/div>\n<div class=\"tld-highlight-tree ng-star-inserted\"><span class=\"ng-star-inserted\">Kastes izm\u0113rs: L 25 cm, W 14.5 cm, H 5.5 cm<\/span><\/div>\n<div class=\"tld-highlight-tree ng-star-inserted\"><\/div>\n<div class=\"tld-highlight-tree ng-star-inserted\"><\/div>\n<div class=\"tld-highlight-tree ng-star-inserted\"><span class=\"ng-star-inserted\">Steika na\u017eu komplekts RANCHO, 6 gab.<\/span><\/div>\n<div class=\"tld-highlight-tree ng-star-inserted\"><span class=\"ng-star-inserted\">Materi\u0101li: augstas kvalit\u0101tes asmens t\u0113rauds \/ pakkawood<\/span><\/div>\n<div class=\"tld-highlight-tree ng-star-inserted\"><span class=\"ng-star-inserted\">Nav piem\u0113rots mazg\u0101\u0161anai trauku mazg\u0101jam\u0101 ma\u0161\u012bn\u0101<\/span><\/div>\n<div class=\"tld-highlight-tree ng-star-inserted\"><span class=\"ng-star-inserted\">Izm\u0113rs: garums 22.7 cm x platums 2.1 cm x augstums 1.5 cm<\/span><\/div>\n<div class=\"tld-highlight-tree ng-star-inserted\"><span class=\"ng-star-inserted\">Svars: 0.85 kg<\/span><\/div>\n<p><\/p>","protected":false},"excerpt":{"rendered":"<p>Steika na\u017eu komplekts RANCHO, 6 gab. Neatkar\u012bgi no t\u0101, vai pasniedzat ceptu liellopa ga\u013cu vai rib-eye steiku, \u0161o steika na\u017eu gludie asme\u0146i nodro\u0161ina perfektu griezumu. P\u0113c lieto\u0161anas j\u016bs varat uzglab\u0101t na\u017eus augstas kvalit\u0101tes koka kast\u0113. 6 steika na\u017ei kast\u0113, kas izgatavota no augst\u0101k\u0101s kvalit\u0101tes priedes koka Ergonomiski koka rokturi Dekorat\u012bva v\u0113r\u0161a galvas embl\u0113ma Kalt\u0101 asme\u0146u [&hellip;]<\/p>\n","protected":false},"featured_media":98216,"comment_status":"closed","ping_status":"closed","template":"","meta":{"inline_featured_image":false},"product_cat":[1685,1680,772],"product_tag":[],"yst_prominent_words":[],"class_list":{"0":"post-98215","1":"product","2":"type-product","3":"status-publish","4":"has-post-thumbnail","6":"product_cat-grilesanai","7":"product_cat-griezeji-un-rives","8":"product_cat-atlaides","10":"first","11":"instock","12":"sale","13":"taxable","14":"shipping-taxable","15":"purchasable","16":"product-type-simple"},"jetpack_sharing_enabled":true,"_links":{"self":[{"href":"https:\/\/ddt.lv\/lv\/wp-json\/wp\/v2\/product\/98215"}],"collection":[{"href":"https:\/\/ddt.lv\/lv\/wp-json\/wp\/v2\/product"}],"about":[{"href":"https:\/\/ddt.lv\/lv\/wp-json\/wp\/v2\/types\/product"}],"replies":[{"embeddable":true,"href":"https:\/\/ddt.lv\/lv\/wp-json\/wp\/v2\/comments?post=98215"}],"wp:featuredmedia":[{"embeddable":true,"href":"https:\/\/ddt.lv\/lv\/wp-json\/wp\/v2\/media\/98216"}],"wp:attachment":[{"href":"https:\/\/ddt.lv\/lv\/wp-json\/wp\/v2\/media?parent=98215"}],"wp:term":[{"taxonomy":"product_cat","embeddable":true,"href":"https:\/\/ddt.lv\/lv\/wp-json\/wp\/v2\/product_cat?post=98215"},{"taxonomy":"product_tag","embeddable":true,"href":"https:\/\/ddt.lv\/lv\/wp-json\/wp\/v2\/product_tag?post=98215"},{"taxonomy":"yst_prominent_words","embeddable":true,"href":"https:\/\/ddt.lv\/lv\/wp-json\/wp\/v2\/yst_prominent_words?post=98215"}],"curies":[{"name":"wp","href":"https:\/\/api.w.org\/{rel}","templated":true}]}}