{"id":98211,"date":"2026-01-07T16:00:37","date_gmt":"2026-01-07T14:00:37","guid":{"rendered":"https:\/\/ddt.lv\/lv\/product\/cetru-skautnu-rive-gefu-grato\/"},"modified":"2026-04-08T14:42:52","modified_gmt":"2026-04-08T11:42:52","slug":"cetru-skautnu-rive-gefu-grato","status":"publish","type":"product","link":"https:\/\/ddt.lv\/lv\/product\/cetru-skautnu-rive-gefu-grato\/","title":{"rendered":"\u010cetru \u0161\u0137aut\u0146u r\u012bve GEFU Grato"},"content":{"rendered":"<p><\/p>\n<div class=\"tld-highlight-tree ng-star-inserted\"><span class=\"ng-star-inserted\">\u010cetru \u0161\u0137aut\u0146u r\u012bve GRATO<\/span><\/div>\n<div class=\"tld-highlight-tree ng-star-inserted\"><span class=\"ng-star-inserted\">Noteikti, nav \u0101tr\u0101ka un efekt\u012bv\u0101ka veida, k\u0101 sagriezt un sar\u012bv\u0113t, nek\u0101 ar \u0161o aso 4-in-1 daudzfunkcion\u0101lo ier\u012bci. Augstas kvalit\u0101tes, iztur\u012bga un ar \u013coti praktisku v\u0101ku\/pamatni sar\u012bv\u0113to sast\u0101vda\u013cu sav\u0101k\u0161anai.<\/span><\/div>\n<div class=\"tld-highlight-tree ng-star-inserted\"><\/div>\n<div class=\"tld-highlight-tree ng-star-inserted\"><\/div>\n<div class=\"tld-highlight-tree ng-star-inserted\"><span class=\"ng-star-inserted\">4-in-1 r\u012bve, kas izgatavota no augstas kvalit\u0101tes ner\u016bs\u0113jo\u0161\u0101 t\u0113rauda.<\/span><\/div>\n<div class=\"tld-highlight-tree ng-star-inserted\"><span class=\"ng-star-inserted\">-griez\u0113js gur\u0137u un kartupe\u013cu \u0161\u0137\u0113l\u0113m<\/span><\/div>\n<div class=\"tld-highlight-tree ng-star-inserted\"><span class=\"ng-star-inserted\">-rupja d\u0101rze\u0146u un m\u012bksta siera r\u012bve<\/span><\/div>\n<div class=\"tld-highlight-tree ng-star-inserted\"><span class=\"ng-star-inserted\">-smalka neapstr\u0101d\u0101tu aug\u013cu un d\u0101rze\u0146u, un cieta siera r\u012bve<\/span><\/div>\n<div class=\"tld-highlight-tree ng-star-inserted\"><span class=\"ng-star-inserted\">-kartupe\u013cu r\u012bve<\/span><\/div>\n<div class=\"tld-highlight-tree ng-star-inserted\"><span class=\"ng-star-inserted\">Ergonomisks rokturis dro\u0161ai lieto\u0161anai.<\/span><\/div>\n<div class=\"tld-highlight-tree ng-star-inserted\"><span class=\"ng-star-inserted\">Praktiska v\u0101ka kolekcija ar nesl\u012bdo\u0161u funkciju<\/span><\/div>\n<div class=\"tld-highlight-tree ng-star-inserted\"><\/div>\n<div class=\"tld-highlight-tree ng-star-inserted\"><span class=\"ng-star-inserted\">Materi\u0101li: augstas kvalit\u0101tes ner\u016bs\u0113jo\u0161ais t\u0113rauds \/ plastmasa<\/span><\/div>\n<div class=\"tld-highlight-tree ng-star-inserted\"><span class=\"ng-star-inserted\">Trauku mazg\u0101jamaj\u0101 ma\u0161\u012bn\u0101 &#8211; dro\u0161s<\/span><\/div>\n<div class=\"tld-highlight-tree ng-star-inserted\"><span class=\"ng-star-inserted\">Izm\u0113rs: garums 11 cm x platums 11 cm x augstums 24,5 cm<\/span><\/div>\n<div class=\"tld-highlight-tree ng-star-inserted\"><span class=\"ng-star-inserted\">Svars: 0.32 kg<\/span><\/div>\n<p><\/p>","protected":false},"excerpt":{"rendered":"<p>\u010cetru \u0161\u0137aut\u0146u r\u012bve GRATO Noteikti, nav \u0101tr\u0101ka un efekt\u012bv\u0101ka veida, k\u0101 sagriezt un sar\u012bv\u0113t, nek\u0101 ar \u0161o aso 4-in-1 daudzfunkcion\u0101lo ier\u012bci. Augstas kvalit\u0101tes, iztur\u012bga un ar \u013coti praktisku v\u0101ku\/pamatni sar\u012bv\u0113to sast\u0101vda\u013cu sav\u0101k\u0161anai. 4-in-1 r\u012bve, kas izgatavota no augstas kvalit\u0101tes ner\u016bs\u0113jo\u0161\u0101 t\u0113rauda. -griez\u0113js gur\u0137u un kartupe\u013cu \u0161\u0137\u0113l\u0113m -rupja d\u0101rze\u0146u un m\u012bksta siera r\u012bve -smalka neapstr\u0101d\u0101tu aug\u013cu [&hellip;]<\/p>\n","protected":false},"featured_media":98212,"comment_status":"closed","ping_status":"closed","template":"","meta":{"inline_featured_image":false},"product_cat":[1680,772],"product_tag":[],"yst_prominent_words":[],"class_list":{"0":"post-98211","1":"product","2":"type-product","3":"status-publish","4":"has-post-thumbnail","6":"product_cat-griezeji-un-rives","7":"product_cat-atlaides","9":"first","10":"instock","11":"sale","12":"taxable","13":"shipping-taxable","14":"purchasable","15":"product-type-simple"},"jetpack_sharing_enabled":true,"_links":{"self":[{"href":"https:\/\/ddt.lv\/lv\/wp-json\/wp\/v2\/product\/98211"}],"collection":[{"href":"https:\/\/ddt.lv\/lv\/wp-json\/wp\/v2\/product"}],"about":[{"href":"https:\/\/ddt.lv\/lv\/wp-json\/wp\/v2\/types\/product"}],"replies":[{"embeddable":true,"href":"https:\/\/ddt.lv\/lv\/wp-json\/wp\/v2\/comments?post=98211"}],"wp:featuredmedia":[{"embeddable":true,"href":"https:\/\/ddt.lv\/lv\/wp-json\/wp\/v2\/media\/98212"}],"wp:attachment":[{"href":"https:\/\/ddt.lv\/lv\/wp-json\/wp\/v2\/media?parent=98211"}],"wp:term":[{"taxonomy":"product_cat","embeddable":true,"href":"https:\/\/ddt.lv\/lv\/wp-json\/wp\/v2\/product_cat?post=98211"},{"taxonomy":"product_tag","embeddable":true,"href":"https:\/\/ddt.lv\/lv\/wp-json\/wp\/v2\/product_tag?post=98211"},{"taxonomy":"yst_prominent_words","embeddable":true,"href":"https:\/\/ddt.lv\/lv\/wp-json\/wp\/v2\/yst_prominent_words?post=98211"}],"curies":[{"name":"wp","href":"https:\/\/api.w.org\/{rel}","templated":true}]}}