{"id":98206,"date":"2026-01-07T15:20:30","date_gmt":"2026-01-07T13:20:30","guid":{"rendered":"https:\/\/ddt.lv\/lv\/product\/sals-vai-piparu-dzirnavinas-gefu-giva\/"},"modified":"2026-04-08T14:46:08","modified_gmt":"2026-04-08T11:46:08","slug":"sals-vai-piparu-dzirnavinas-gefu-giva","status":"publish","type":"product","link":"https:\/\/ddt.lv\/lv\/product\/sals-vai-piparu-dzirnavinas-gefu-giva\/","title":{"rendered":"S\u0101ls vai piparu dzirnavi\u0146as GEFU Giva"},"content":{"rendered":"<p><\/p>\n<div class=\"tld-highlight-tree ng-star-inserted\"><span class=\"ng-star-inserted\">S\u0101ls vai piparu dzirnavi\u0146as GIVA, elektriskas, ar sl\u012bpuma sensoru.<\/span><\/div>\n<div class=\"tld-highlight-tree ng-star-inserted\"><span class=\"ng-star-inserted\">Ide\u0101ls triks, bez piep\u016bles, gar\u0161vielu pievieno\u0161anai: vienk\u0101r\u0161i nolieciet elektrisk\u0101s, ar gravit\u0101cijas sp\u0113ku kontrol\u0113t\u0101s dzirnavi\u0146as GIVA, un augstas kvalit\u0101tes, keramikas dzirnavi\u0146as nekav\u0113joties s\u0101k mal\u0161anas procesu. GIVA garant\u0113 \u012bpa\u0161i vienm\u0113r\u012bgus mal\u0161anas rezult\u0101tus, no smalka l\u012bdz rupjam, un ir apr\u012bkotas ar integr\u0113tu LED apgaismojumu, lai optim\u0101li kontrol\u0113tu gar\u0161vielu daudzumu.<\/span><\/div>\n<div><\/div>\n<div>\n<div class=\"tld-highlight-tree ng-star-inserted\"><span class=\"ng-star-inserted\">Augstas kvalit\u0101tes, keramikas dzirnavi\u0146as ar regul\u0113jamu maluma pak\u0101pi<\/span><\/div>\n<div class=\"tld-highlight-tree ng-star-inserted\"><span class=\"ng-star-inserted\">Integr\u0113ts LED apgaismojums<\/span><\/div>\n<div class=\"tld-highlight-tree ng-star-inserted\"><span class=\"ng-star-inserted\">Komplekt\u0101 ietilpst 6 AAA baterijas<\/span><\/div>\n<div class=\"tld-highlight-tree ng-star-inserted\"><span class=\"ng-star-inserted\">Uzglab\u0101\u0161anas konteiners 80 g piparu graudiem vai 150 g s\u0101ls<\/span><\/div>\n<div class=\"tld-highlight-tree ng-star-inserted\"><\/div>\n<div class=\"tld-highlight-tree ng-star-inserted\"><span class=\"ng-star-inserted\">Materi\u0101li: plastmasa \/ augstas kvalit\u0101tes ner\u016bs\u0113jo\u0161ais t\u0113rauds \/ keramikas dzirnavi\u0146as<\/span><\/div>\n<div class=\"tld-highlight-tree ng-star-inserted\"><span class=\"ng-star-inserted\">Nav piem\u0113rots mazg\u0101\u0161anai trauku mazg\u0101jam\u0101 ma\u0161\u012bn\u0101<\/span><\/div>\n<div class=\"tld-highlight-tree ng-star-inserted\"><span class=\"ng-star-inserted\">Izm\u0113rs: garums 6,3 cm x platums 6,3 cm x augstums 20,2 cm<\/span><\/div>\n<div class=\"tld-highlight-tree ng-star-inserted\"><span class=\"ng-star-inserted\">Svars: 0.419 kg<\/span><\/div>\n<\/div>\n<p><\/p>","protected":false},"excerpt":{"rendered":"<p>S\u0101ls vai piparu dzirnavi\u0146as GIVA, elektriskas, ar sl\u012bpuma sensoru. Ide\u0101ls triks, bez piep\u016bles, gar\u0161vielu pievieno\u0161anai: vienk\u0101r\u0161i nolieciet elektrisk\u0101s, ar gravit\u0101cijas sp\u0113ku kontrol\u0113t\u0101s dzirnavi\u0146as GIVA, un augstas kvalit\u0101tes, keramikas dzirnavi\u0146as nekav\u0113joties s\u0101k mal\u0161anas procesu. GIVA garant\u0113 \u012bpa\u0161i vienm\u0113r\u012bgus mal\u0161anas rezult\u0101tus, no smalka l\u012bdz rupjam, un ir apr\u012bkotas ar integr\u0113tu LED apgaismojumu, lai optim\u0101li kontrol\u0113tu gar\u0161vielu daudzumu. [&hellip;]<\/p>\n","protected":false},"featured_media":98207,"comment_status":"closed","ping_status":"closed","template":"","meta":{"inline_featured_image":false},"product_cat":[1686,772],"product_tag":[],"yst_prominent_words":[],"class_list":{"0":"post-98206","1":"product","2":"type-product","3":"status-publish","4":"has-post-thumbnail","6":"product_cat-garsvielam","7":"product_cat-atlaides","9":"first","10":"instock","11":"sale","12":"taxable","13":"shipping-taxable","14":"purchasable","15":"product-type-simple"},"jetpack_sharing_enabled":true,"_links":{"self":[{"href":"https:\/\/ddt.lv\/lv\/wp-json\/wp\/v2\/product\/98206"}],"collection":[{"href":"https:\/\/ddt.lv\/lv\/wp-json\/wp\/v2\/product"}],"about":[{"href":"https:\/\/ddt.lv\/lv\/wp-json\/wp\/v2\/types\/product"}],"replies":[{"embeddable":true,"href":"https:\/\/ddt.lv\/lv\/wp-json\/wp\/v2\/comments?post=98206"}],"wp:featuredmedia":[{"embeddable":true,"href":"https:\/\/ddt.lv\/lv\/wp-json\/wp\/v2\/media\/98207"}],"wp:attachment":[{"href":"https:\/\/ddt.lv\/lv\/wp-json\/wp\/v2\/media?parent=98206"}],"wp:term":[{"taxonomy":"product_cat","embeddable":true,"href":"https:\/\/ddt.lv\/lv\/wp-json\/wp\/v2\/product_cat?post=98206"},{"taxonomy":"product_tag","embeddable":true,"href":"https:\/\/ddt.lv\/lv\/wp-json\/wp\/v2\/product_tag?post=98206"},{"taxonomy":"yst_prominent_words","embeddable":true,"href":"https:\/\/ddt.lv\/lv\/wp-json\/wp\/v2\/yst_prominent_words?post=98206"}],"curies":[{"name":"wp","href":"https:\/\/api.w.org\/{rel}","templated":true}]}}