{"id":98201,"date":"2026-01-07T14:45:40","date_gmt":"2026-01-07T12:45:40","guid":{"rendered":"https:\/\/ddt.lv\/lv\/product\/sals-vai-piparu-dzirnavinas-gefu-velo-uzladejamas\/"},"modified":"2026-04-08T14:42:50","modified_gmt":"2026-04-08T11:42:50","slug":"sals-vai-piparu-dzirnavinas-gefu-velo-uzladejamas","status":"publish","type":"product","link":"https:\/\/ddt.lv\/lv\/product\/sals-vai-piparu-dzirnavinas-gefu-velo-uzladejamas\/","title":{"rendered":"S\u0101ls vai piparu dzirnavi\u0146as GEFU Velo , uzl\u0101d\u0113jamas"},"content":{"rendered":"<p><\/p>\n<div class=\"tld-highlight-tree ng-star-inserted\"><span class=\"ng-star-inserted\">Gar\u0161vielu pievieno\u0161ana acumirkl\u012b? Nav probl\u0113mu, jo \u0161\u012bs s\u0101ls<\/span> un piparu dzirnavi\u0146as darbojas, izmantojot gravit\u0101cijas sp\u0113ku. Vienk\u0101r\u0161i nolieciet VELO, un, t\u0101 augstas kvalit\u0101tes, keramikas dzirnavi\u0146as uzreiz rada perfektus mal\u0161anas rezult\u0101tus, no \u012bpa\u0161i smalkiem l\u012bdz rupjiem. Ar augstas veiktsp\u0113jas, uzl\u0101d\u0113jamu akumulatoru un integr\u0113tu LED apgaismojumu, optim\u0101lai gar\u0161vielu daudzuma kontrolei.<\/div>\n<div><\/div>\n<div>\n<div class=\"tld-highlight-tree ng-star-inserted\"><\/div>\n<div class=\"tld-highlight-tree ng-star-inserted\"><span class=\"ng-star-inserted\">Keramikas dzirnavi\u0146as ar regul\u0113juma maluma pk\u0101pi.<\/span><\/div>\n<div class=\"tld-highlight-tree ng-star-inserted\"><span class=\"ng-star-inserted\">Integr\u0113ts LED apgaismojums.<\/span><\/div>\n<div class=\"tld-highlight-tree ng-star-inserted\"><span class=\"ng-star-inserted\">Viegli uzl\u0101d\u0113t, izmantojot USB kabeli.<\/span><\/div>\n<div class=\"tld-highlight-tree ng-star-inserted\"><span class=\"ng-star-inserted\">Uzglab\u0101\u0161anas konteiners 80 g piparu graudiem vai 150 g s\u0101ls.<\/span><\/div>\n<div class=\"tld-highlight-tree ng-star-inserted\"><\/div>\n<div class=\"tld-highlight-tree ng-star-inserted\"><span class=\"ng-star-inserted\">Materi\u0101li: augstas kvalit\u0101tes ner\u016bs\u0113jo\u0161ais t\u0113rauds \/ plastmasa \/ keramikas dzirnavi\u0146as \/ alum\u012bnijs<\/span><\/div>\n<div class=\"tld-highlight-tree ng-star-inserted\"><span class=\"ng-star-inserted\">Nav piem\u0113rots mazg\u0101\u0161anai trauku mazg\u0101jam\u0101 ma\u0161\u012bn\u0101<\/span><\/div>\n<div class=\"tld-highlight-tree ng-star-inserted\"><span class=\"ng-star-inserted\">Izm\u0113rs: garums 6.4 cm x platums 6.4 cm x augstums 20.8 cm<\/span><\/div>\n<div class=\"tld-highlight-tree ng-star-inserted\"><span class=\"ng-star-inserted\">Svars: 0.321 kg<\/span><\/div>\n<\/div>\n<p><\/p>","protected":false},"excerpt":{"rendered":"<p>Gar\u0161vielu pievieno\u0161ana acumirkl\u012b? Nav probl\u0113mu, jo \u0161\u012bs s\u0101ls un piparu dzirnavi\u0146as darbojas, izmantojot gravit\u0101cijas sp\u0113ku. Vienk\u0101r\u0161i nolieciet VELO, un, t\u0101 augstas kvalit\u0101tes, keramikas dzirnavi\u0146as uzreiz rada perfektus mal\u0161anas rezult\u0101tus, no \u012bpa\u0161i smalkiem l\u012bdz rupjiem. Ar augstas veiktsp\u0113jas, uzl\u0101d\u0113jamu akumulatoru un integr\u0113tu LED apgaismojumu, optim\u0101lai gar\u0161vielu daudzuma kontrolei. Keramikas dzirnavi\u0146as ar regul\u0113juma maluma pk\u0101pi. Integr\u0113ts LED [&hellip;]<\/p>\n","protected":false},"featured_media":98202,"comment_status":"closed","ping_status":"closed","template":"","meta":{"inline_featured_image":false},"product_cat":[1686,772],"product_tag":[],"yst_prominent_words":[],"class_list":{"0":"post-98201","1":"product","2":"type-product","3":"status-publish","4":"has-post-thumbnail","6":"product_cat-garsvielam","7":"product_cat-atlaides","9":"first","10":"outofstock","11":"sale","12":"taxable","13":"shipping-taxable","14":"purchasable","15":"product-type-simple"},"jetpack_sharing_enabled":true,"_links":{"self":[{"href":"https:\/\/ddt.lv\/lv\/wp-json\/wp\/v2\/product\/98201"}],"collection":[{"href":"https:\/\/ddt.lv\/lv\/wp-json\/wp\/v2\/product"}],"about":[{"href":"https:\/\/ddt.lv\/lv\/wp-json\/wp\/v2\/types\/product"}],"replies":[{"embeddable":true,"href":"https:\/\/ddt.lv\/lv\/wp-json\/wp\/v2\/comments?post=98201"}],"wp:featuredmedia":[{"embeddable":true,"href":"https:\/\/ddt.lv\/lv\/wp-json\/wp\/v2\/media\/98202"}],"wp:attachment":[{"href":"https:\/\/ddt.lv\/lv\/wp-json\/wp\/v2\/media?parent=98201"}],"wp:term":[{"taxonomy":"product_cat","embeddable":true,"href":"https:\/\/ddt.lv\/lv\/wp-json\/wp\/v2\/product_cat?post=98201"},{"taxonomy":"product_tag","embeddable":true,"href":"https:\/\/ddt.lv\/lv\/wp-json\/wp\/v2\/product_tag?post=98201"},{"taxonomy":"yst_prominent_words","embeddable":true,"href":"https:\/\/ddt.lv\/lv\/wp-json\/wp\/v2\/yst_prominent_words?post=98201"}],"curies":[{"name":"wp","href":"https:\/\/api.w.org\/{rel}","templated":true}]}}