{"id":98197,"date":"2026-01-07T14:10:32","date_gmt":"2026-01-07T12:10:32","guid":{"rendered":"https:\/\/ddt.lv\/lv\/product\/sals-un-piparu-dzrinavinu-komplekts-gefu-lamola-2gab\/"},"modified":"2026-04-08T14:42:53","modified_gmt":"2026-04-08T11:42:53","slug":"sals-un-piparu-dzrinavinu-komplekts-gefu-lamola-2gab","status":"publish","type":"product","link":"https:\/\/ddt.lv\/lv\/product\/sals-un-piparu-dzrinavinu-komplekts-gefu-lamola-2gab\/","title":{"rendered":"S\u0101ls un piparu dzrinavi\u0146u komplekts GEFU Lamola , 2gab."},"content":{"rendered":"<p><\/p>\n<div class=\"tld-highlight-tree ng-star-inserted\"><span class=\"ng-star-inserted\">Ar \u0161\u012bm dzirnavi\u0146\u0101m j\u016bs piln\u012bb\u0101 kontrol\u0113jat gar\u0161vielu pievieno\u0161anu, s\u0101kot no uzpildes l\u012bme\u0146a l\u012bdz piln\u012bb\u0101 regul\u0113jamam maluma iestat\u012bjumam. J\u016bs varat viegli un dro\u0161i samalt gar\u0161vielas no\u0146emamaj\u0101 arom\u0101ta v\u0101ci\u0146\u0101, nevis tie\u0161i tvaikojo\u0161\u0101 katl\u0101 vai pann\u0101, prec\u012bzi doz\u0113jot s\u0101li vai piparus un nov\u0113r\u0161ot to pielip\u0161anu pie dzirnavi\u0146\u0101m.<\/span><\/div>\n<div class=\"tld-highlight-tree ng-star-inserted\"><\/div>\n<div class=\"tld-highlight-tree ng-star-inserted\"><\/div>\n<div class=\"tld-highlight-tree ng-star-inserted\"><span class=\"ng-star-inserted\">Augstas kvalit\u0101tes keramikas dzirnavi\u0146as:<\/span><\/div>\n<div class=\"tld-highlight-tree ng-star-inserted\"><span class=\"ng-star-inserted\">-viegli uzpild\u0101ms gar\u0161vielu trauks<\/span><\/div>\n<div class=\"tld-highlight-tree ng-star-inserted\"><span class=\"ng-star-inserted\">-arom\u0101tu saglab\u0101jo\u0161s v\u0101ci\u0146\u0161<\/span><\/div>\n<div><\/div>\n<div class=\"tld-highlight-tree ng-star-inserted\"><span class=\"ng-star-inserted\">Materi\u0101li: stikls \/ augstas kvalit\u0101tes ner\u016bs\u0113jo\u0161ais t\u0113rauds \/ keramikas dzirnavi\u0146as \/ plastmasa<\/span><\/div>\n<div class=\"tld-highlight-tree ng-star-inserted\"><span class=\"ng-star-inserted\">Nav piem\u0113rots mazg\u0101\u0161anai trauku mazg\u0101jamaj\u0101 ma\u0161\u012bn\u0101.<\/span><\/div>\n<div class=\"tld-highlight-tree ng-star-inserted\"><span class=\"ng-star-inserted\">Izm\u0113rs: garums 5.5 cm x platums 5.5 cm x augstums 16.6 cm<\/span><\/div>\n<div class=\"tld-highlight-tree ng-star-inserted\"><span class=\"ng-star-inserted\">Svars: 0.255 kg<\/span><\/div>\n<div><\/div>\n<div>Komplekt\u0101 ietilpst 2 gab.<\/div>\n<p><\/p>","protected":false},"excerpt":{"rendered":"<p>Ar \u0161\u012bm dzirnavi\u0146\u0101m j\u016bs piln\u012bb\u0101 kontrol\u0113jat gar\u0161vielu pievieno\u0161anu, s\u0101kot no uzpildes l\u012bme\u0146a l\u012bdz piln\u012bb\u0101 regul\u0113jamam maluma iestat\u012bjumam. J\u016bs varat viegli un dro\u0161i samalt gar\u0161vielas no\u0146emamaj\u0101 arom\u0101ta v\u0101ci\u0146\u0101, nevis tie\u0161i tvaikojo\u0161\u0101 katl\u0101 vai pann\u0101, prec\u012bzi doz\u0113jot s\u0101li vai piparus un nov\u0113r\u0161ot to pielip\u0161anu pie dzirnavi\u0146\u0101m. Augstas kvalit\u0101tes keramikas dzirnavi\u0146as: -viegli uzpild\u0101ms gar\u0161vielu trauks -arom\u0101tu saglab\u0101jo\u0161s v\u0101ci\u0146\u0161 [&hellip;]<\/p>\n","protected":false},"featured_media":98198,"comment_status":"closed","ping_status":"closed","template":"","meta":{"inline_featured_image":false},"product_cat":[1686,772],"product_tag":[],"yst_prominent_words":[],"class_list":{"0":"post-98197","1":"product","2":"type-product","3":"status-publish","4":"has-post-thumbnail","6":"product_cat-garsvielam","7":"product_cat-atlaides","9":"first","10":"instock","11":"sale","12":"taxable","13":"shipping-taxable","14":"purchasable","15":"product-type-simple"},"jetpack_sharing_enabled":true,"_links":{"self":[{"href":"https:\/\/ddt.lv\/lv\/wp-json\/wp\/v2\/product\/98197"}],"collection":[{"href":"https:\/\/ddt.lv\/lv\/wp-json\/wp\/v2\/product"}],"about":[{"href":"https:\/\/ddt.lv\/lv\/wp-json\/wp\/v2\/types\/product"}],"replies":[{"embeddable":true,"href":"https:\/\/ddt.lv\/lv\/wp-json\/wp\/v2\/comments?post=98197"}],"wp:featuredmedia":[{"embeddable":true,"href":"https:\/\/ddt.lv\/lv\/wp-json\/wp\/v2\/media\/98198"}],"wp:attachment":[{"href":"https:\/\/ddt.lv\/lv\/wp-json\/wp\/v2\/media?parent=98197"}],"wp:term":[{"taxonomy":"product_cat","embeddable":true,"href":"https:\/\/ddt.lv\/lv\/wp-json\/wp\/v2\/product_cat?post=98197"},{"taxonomy":"product_tag","embeddable":true,"href":"https:\/\/ddt.lv\/lv\/wp-json\/wp\/v2\/product_tag?post=98197"},{"taxonomy":"yst_prominent_words","embeddable":true,"href":"https:\/\/ddt.lv\/lv\/wp-json\/wp\/v2\/yst_prominent_words?post=98197"}],"curies":[{"name":"wp","href":"https:\/\/api.w.org\/{rel}","templated":true}]}}