{"id":98182,"date":"2026-01-07T10:55:33","date_gmt":"2026-01-07T08:55:33","guid":{"rendered":"https:\/\/ddt.lv\/lv\/product\/sals-vai-piparu-dzirnavinas-gefu-x-plosion-m-melnas\/"},"modified":"2026-04-08T14:42:50","modified_gmt":"2026-04-08T11:42:50","slug":"sals-vai-piparu-dzirnavinas-gefu-x-plosion-m-melnas","status":"publish","type":"product","link":"https:\/\/ddt.lv\/lv\/product\/sals-vai-piparu-dzirnavinas-gefu-x-plosion-m-melnas\/","title":{"rendered":"S\u0101ls vai piparu dzirnavi\u0146as GEFU X-Plosion M , melnas"},"content":{"rendered":"<p>Inovat\u012bv\u0101s X-PLOSION\u00ae dzirnavi\u0146as apvieno modernu dizainu, izcilu tehnolo\u0123iju un rado\u0161u pieeju \u0113dienu gatavo\u0161anai. Apr\u012bkots ar iespaid\u012bgo CYCLONE\u00ae precizit\u0101tes mal\u0113ju, tas \u012bpa\u0161i \u0101tri, viegli un efekt\u012bvi sama\u013c s\u0101ls krist\u0101lus un piparu graudus, nodro\u0161inot ide\u0101lu maluma l\u012bmeni, no \u012bpa\u0161i smalka l\u012bdz \u012bpa\u0161i rupjam. X-PLOSION\u00ae vienm\u0113r izce\u013c piln\u012bgu, dabisku piparu un s\u0101ls gar\u0161u, no sagatavo\u0161anas l\u012bdz gar\u0161vielu pievieno\u0161anai.<\/p>","protected":false},"excerpt":{"rendered":"<p>Inovat\u012bv\u0101s X-PLOSION\u00ae dzirnavi\u0146as apvieno modernu dizainu, izcilu tehnolo\u0123iju un rado\u0161u pieeju \u0113dienu gatavo\u0161anai. Apr\u012bkots ar iespaid\u012bgo CYCLONE\u00ae precizit\u0101tes mal\u0113ju, tas \u012bpa\u0161i \u0101tri, viegli un efekt\u012bvi sama\u013c s\u0101ls krist\u0101lus un piparu graudus, nodro\u0161inot ide\u0101lu maluma l\u012bmeni, no \u012bpa\u0161i smalka l\u012bdz \u012bpa\u0161i rupjam. X-PLOSION\u00ae vienm\u0113r izce\u013c piln\u012bgu, dabisku piparu un s\u0101ls gar\u0161u, no sagatavo\u0161anas l\u012bdz gar\u0161vielu pievieno\u0161anai.<\/p>\n","protected":false},"featured_media":98188,"comment_status":"closed","ping_status":"closed","template":"","meta":{"inline_featured_image":false},"product_cat":[1686,772],"product_tag":[],"yst_prominent_words":[],"class_list":{"0":"post-98182","1":"product","2":"type-product","3":"status-publish","4":"has-post-thumbnail","6":"product_cat-garsvielam","7":"product_cat-atlaides","9":"first","10":"instock","11":"sale","12":"taxable","13":"shipping-taxable","14":"purchasable","15":"product-type-simple"},"jetpack_sharing_enabled":true,"_links":{"self":[{"href":"https:\/\/ddt.lv\/lv\/wp-json\/wp\/v2\/product\/98182"}],"collection":[{"href":"https:\/\/ddt.lv\/lv\/wp-json\/wp\/v2\/product"}],"about":[{"href":"https:\/\/ddt.lv\/lv\/wp-json\/wp\/v2\/types\/product"}],"replies":[{"embeddable":true,"href":"https:\/\/ddt.lv\/lv\/wp-json\/wp\/v2\/comments?post=98182"}],"wp:featuredmedia":[{"embeddable":true,"href":"https:\/\/ddt.lv\/lv\/wp-json\/wp\/v2\/media\/98188"}],"wp:attachment":[{"href":"https:\/\/ddt.lv\/lv\/wp-json\/wp\/v2\/media?parent=98182"}],"wp:term":[{"taxonomy":"product_cat","embeddable":true,"href":"https:\/\/ddt.lv\/lv\/wp-json\/wp\/v2\/product_cat?post=98182"},{"taxonomy":"product_tag","embeddable":true,"href":"https:\/\/ddt.lv\/lv\/wp-json\/wp\/v2\/product_tag?post=98182"},{"taxonomy":"yst_prominent_words","embeddable":true,"href":"https:\/\/ddt.lv\/lv\/wp-json\/wp\/v2\/yst_prominent_words?post=98182"}],"curies":[{"name":"wp","href":"https:\/\/api.w.org\/{rel}","templated":true}]}}