{"id":97496,"date":"2025-12-17T14:00:36","date_gmt":"2025-12-17T12:00:36","guid":{"rendered":"https:\/\/ddt.lv\/lv\/product\/partikas-uzglabasanas-blodu-kompl-mondi-3-gab-vaki-gefu\/"},"modified":"2026-04-13T10:05:26","modified_gmt":"2026-04-13T07:05:26","slug":"partikas-uzglabasanas-blodu-kompl-mondi-3-gab-vaki-gefu","status":"publish","type":"product","link":"https:\/\/ddt.lv\/lv\/product\/partikas-uzglabasanas-blodu-kompl-mondi-3-gab-vaki-gefu\/","title":{"rendered":"P\u0101rtikas uzglab\u0101\u0161anas b\u013codu kompl. MONDI, 3 gab.+ v\u0101ki GEFU"},"content":{"rendered":"<p><\/p>\n<div class=\"tld-highlight-tree ng-star-inserted\"><span class=\"ng-star-inserted\">\u0160is komplekts, kas sast\u0101v no trim da\u017e\u0101da izm\u0113ra ner\u016bs\u0113jo\u0161\u0101 t\u0113rauda b\u013cod\u0101m, ir daudzpus\u012bgi izmantojams. Augstas kvalit\u0101tes plastmasas v\u0101ki ne tikai nodro\u0161ina br\u012bvu skatu uz gardumiem, bet ar\u012b pal\u012bdz saglab\u0101t tos svaigus ilg\u0101ku laiku.<\/span><\/div>\n<div class=\"tld-highlight-tree ng-star-inserted\"><\/div>\n<div class=\"tld-highlight-tree ng-star-inserted\"><\/div>\n<div class=\"tld-highlight-tree ng-star-inserted\"><span class=\"ng-star-inserted\">Gatavo\u0161anai, pasnieg\u0161anai un uzglab\u0101\u0161anai<\/span><\/div>\n<div class=\"tld-highlight-tree ng-star-inserted\"><span class=\"ng-star-inserted\">3-da\u013c\u012bgs b\u013codu komplekts, ieskaitot herm\u0113tiskus uzglab\u0101\u0161anas v\u0101ci\u0146us.<\/span><\/div>\n<div class=\"tld-highlight-tree ng-star-inserted\"><span class=\"ng-star-inserted\">B\u013codu tilpums: 1l, 2,5l un 4,5l<\/span><\/div>\n<div class=\"tld-highlight-tree ng-star-inserted\"><span class=\"ng-star-inserted\">Savstarp\u0113ji sakraujams vietas taup\u012b\u0161anai.<\/span><\/div>\n<div class=\"tld-highlight-tree ng-star-inserted\"><span class=\"ng-star-inserted\">\u00d8 16, 20 un 24 cm<\/span><\/div>\n<div class=\"tld-highlight-tree ng-star-inserted\"><span class=\"ng-star-inserted\">Materi\u0101li: augstas kvalit\u0101tes ner\u016bs\u0113jo\u0161ais t\u0113rauds \/ plastmasa<\/span><\/div>\n<div class=\"tld-highlight-tree ng-star-inserted\"><span class=\"ng-star-inserted\">Piem\u0113rots mazg\u0101\u0161anai trauku ma\u0161\u012bn\u0101<\/span><\/div>\n<p><\/p>","protected":false},"excerpt":{"rendered":"<p>\u0160is komplekts, kas sast\u0101v no trim da\u017e\u0101da izm\u0113ra ner\u016bs\u0113jo\u0161\u0101 t\u0113rauda b\u013cod\u0101m, ir daudzpus\u012bgi izmantojams. Augstas kvalit\u0101tes plastmasas v\u0101ki ne tikai nodro\u0161ina br\u012bvu skatu uz gardumiem, bet ar\u012b pal\u012bdz saglab\u0101t tos svaigus ilg\u0101ku laiku. Gatavo\u0161anai, pasnieg\u0161anai un uzglab\u0101\u0161anai 3-da\u013c\u012bgs b\u013codu komplekts, ieskaitot herm\u0113tiskus uzglab\u0101\u0161anas v\u0101ci\u0146us. B\u013codu tilpums: 1l, 2,5l un 4,5l Savstarp\u0113ji sakraujams vietas taup\u012b\u0161anai. \u00d8 [&hellip;]<\/p>\n","protected":false},"featured_media":97519,"comment_status":"closed","ping_status":"closed","template":"","meta":{"inline_featured_image":false},"product_cat":[1681,772],"product_tag":[],"yst_prominent_words":[],"class_list":{"0":"post-97496","1":"product","2":"type-product","3":"status-publish","4":"has-post-thumbnail","6":"product_cat-virtuves-paligi","7":"product_cat-atlaides","9":"first","10":"instock","11":"sale","12":"taxable","13":"shipping-taxable","14":"purchasable","15":"product-type-simple"},"jetpack_sharing_enabled":true,"_links":{"self":[{"href":"https:\/\/ddt.lv\/lv\/wp-json\/wp\/v2\/product\/97496"}],"collection":[{"href":"https:\/\/ddt.lv\/lv\/wp-json\/wp\/v2\/product"}],"about":[{"href":"https:\/\/ddt.lv\/lv\/wp-json\/wp\/v2\/types\/product"}],"replies":[{"embeddable":true,"href":"https:\/\/ddt.lv\/lv\/wp-json\/wp\/v2\/comments?post=97496"}],"wp:featuredmedia":[{"embeddable":true,"href":"https:\/\/ddt.lv\/lv\/wp-json\/wp\/v2\/media\/97519"}],"wp:attachment":[{"href":"https:\/\/ddt.lv\/lv\/wp-json\/wp\/v2\/media?parent=97496"}],"wp:term":[{"taxonomy":"product_cat","embeddable":true,"href":"https:\/\/ddt.lv\/lv\/wp-json\/wp\/v2\/product_cat?post=97496"},{"taxonomy":"product_tag","embeddable":true,"href":"https:\/\/ddt.lv\/lv\/wp-json\/wp\/v2\/product_tag?post=97496"},{"taxonomy":"yst_prominent_words","embeddable":true,"href":"https:\/\/ddt.lv\/lv\/wp-json\/wp\/v2\/yst_prominent_words?post=97496"}],"curies":[{"name":"wp","href":"https:\/\/api.w.org\/{rel}","templated":true}]}}