{"id":97420,"date":"2025-12-16T15:40:28","date_gmt":"2025-12-16T13:40:28","guid":{"rendered":"https:\/\/ddt.lv\/lv\/product\/majdzivnieku-pet-care-udens-struklaka-2-6l-peleka-emos\/"},"modified":"2026-04-01T00:26:26","modified_gmt":"2026-03-31T21:26:26","slug":"majdzivnieku-pet-care-udens-struklaka-2-6l-peleka-emos","status":"publish","type":"product","link":"https:\/\/ddt.lv\/lv\/product\/majdzivnieku-pet-care-udens-struklaka-2-6l-peleka-emos\/","title":{"rendered":"M\u0101jdz\u012bvnieku Pet Care \u016bdens str\u016bklaka 2.6l pel\u0113ka EMOS"},"content":{"rendered":"<p><\/p>\n<h3>Nep\u0101rtraukta svaiga \u016bdens padeve j\u016bsu m\u0101jdz\u012bvniekiem<\/h3>\n<p>M\u016bsu modern\u0101 \u016bdens str\u016bklaka ar\u00a0<strong>2,6 litru tilpumu tvertn\u0113<\/strong>\u00a0ir ide\u0101ls risin\u0101jums, lai nodro\u0161in\u0101tu\u00a0<strong>nep\u0101rtrauktu svaiga \u016bdens padevi<\/strong>\u00a0un\u00a0<strong>atbalst\u012btu j\u016bsu m\u0101jdz\u012bvnieku dzer\u0161anas re\u017e\u012bmu<\/strong>. Str\u016bklakai ir\u00a0<strong>kluss darb\u012bbas re\u017e\u012bms<\/strong>, kas nodro\u0161ina mier\u012bgu vidi j\u016bsu dz\u012bvniekiem. <strong>Augstas kvalit\u0101tes 5 sl\u0101\u0146u filtrs<\/strong>\u00a0efekt\u012bvi no\u0146em smagos met\u0101lus, piemais\u012bjumus un citas kait\u012bgas vielas, nodro\u0161inot maksim\u0101lu \u016bdens t\u012br\u012bbu.<\/p>","protected":false},"excerpt":{"rendered":"<p>Nep\u0101rtraukta svaiga \u016bdens padeve j\u016bsu m\u0101jdz\u012bvniekiem M\u016bsu modern\u0101 \u016bdens str\u016bklaka ar\u00a02,6 litru tilpumu tvertn\u0113\u00a0ir ide\u0101ls risin\u0101jums, lai nodro\u0161in\u0101tu\u00a0nep\u0101rtrauktu svaiga \u016bdens padevi\u00a0un\u00a0atbalst\u012btu j\u016bsu m\u0101jdz\u012bvnieku dzer\u0161anas re\u017e\u012bmu. Str\u016bklakai ir\u00a0kluss darb\u012bbas re\u017e\u012bms, kas nodro\u0161ina mier\u012bgu vidi j\u016bsu dz\u012bvniekiem. Augstas kvalit\u0101tes 5 sl\u0101\u0146u filtrs\u00a0efekt\u012bvi no\u0146em smagos met\u0101lus, piemais\u012bjumus un citas kait\u012bgas vielas, nodro\u0161inot maksim\u0101lu \u016bdens t\u012br\u012bbu.<\/p>\n","protected":false},"featured_media":97427,"comment_status":"closed","ping_status":"closed","template":"","meta":{"inline_featured_image":false},"product_cat":[1715],"product_tag":[],"yst_prominent_words":[],"class_list":{"0":"post-97420","1":"product","2":"type-product","3":"status-publish","4":"has-post-thumbnail","6":"product_cat-majas-miluliem","8":"first","9":"instock","10":"taxable","11":"shipping-taxable","12":"purchasable","13":"product-type-simple"},"jetpack_sharing_enabled":true,"_links":{"self":[{"href":"https:\/\/ddt.lv\/lv\/wp-json\/wp\/v2\/product\/97420"}],"collection":[{"href":"https:\/\/ddt.lv\/lv\/wp-json\/wp\/v2\/product"}],"about":[{"href":"https:\/\/ddt.lv\/lv\/wp-json\/wp\/v2\/types\/product"}],"replies":[{"embeddable":true,"href":"https:\/\/ddt.lv\/lv\/wp-json\/wp\/v2\/comments?post=97420"}],"wp:featuredmedia":[{"embeddable":true,"href":"https:\/\/ddt.lv\/lv\/wp-json\/wp\/v2\/media\/97427"}],"wp:attachment":[{"href":"https:\/\/ddt.lv\/lv\/wp-json\/wp\/v2\/media?parent=97420"}],"wp:term":[{"taxonomy":"product_cat","embeddable":true,"href":"https:\/\/ddt.lv\/lv\/wp-json\/wp\/v2\/product_cat?post=97420"},{"taxonomy":"product_tag","embeddable":true,"href":"https:\/\/ddt.lv\/lv\/wp-json\/wp\/v2\/product_tag?post=97420"},{"taxonomy":"yst_prominent_words","embeddable":true,"href":"https:\/\/ddt.lv\/lv\/wp-json\/wp\/v2\/yst_prominent_words?post=97420"}],"curies":[{"name":"wp","href":"https:\/\/api.w.org\/{rel}","templated":true}]}}