{"id":97382,"date":"2025-12-15T11:45:36","date_gmt":"2025-12-15T09:45:36","guid":{"rendered":"https:\/\/ddt.lv\/lv\/product\/trauku-mazgasanas-lidzekla-birste-swift-ar-notec-meh-gefu\/"},"modified":"2026-04-14T11:40:19","modified_gmt":"2026-04-14T08:40:19","slug":"trauku-mazgasanas-lidzekla-birste-swift-ar-notec-meh-gefu","status":"publish","type":"product","link":"https:\/\/ddt.lv\/lv\/product\/trauku-mazgasanas-lidzekla-birste-swift-ar-notec-meh-gefu\/","title":{"rendered":"Trauku mazg\u0101\u0161anas l\u012bdzek\u013ca birste SWIFT ar notec. meh. GEFU"},"content":{"rendered":"<p>Lai mazg\u0101t traukus beidzot ir jautri! Iztur\u012bg\u0101 neilona birste net\u012bros katlus un traukus t\u012bra perfekti un, vienlaikus, saudz\u012bgi. Trauku mazg\u0101jamo l\u012bdzekli birst\u0113 integr\u0113taj\u0101 dozator\u0101 var doz\u0113t, nospie\u017eot pogu.<\/p>","protected":false},"excerpt":{"rendered":"<p>Lai mazg\u0101t traukus beidzot ir jautri! Iztur\u012bg\u0101 neilona birste net\u012bros katlus un traukus t\u012bra perfekti un, vienlaikus, saudz\u012bgi. Trauku mazg\u0101jamo l\u012bdzekli birst\u0113 integr\u0113taj\u0101 dozator\u0101 var doz\u0113t, nospie\u017eot pogu.<\/p>\n","protected":false},"featured_media":97384,"comment_status":"closed","ping_status":"closed","template":"","meta":{"inline_featured_image":false},"product_cat":[1681,772],"product_tag":[],"yst_prominent_words":[],"class_list":{"0":"post-97382","1":"product","2":"type-product","3":"status-publish","4":"has-post-thumbnail","6":"product_cat-virtuves-paligi","7":"product_cat-atlaides","9":"first","10":"instock","11":"sale","12":"taxable","13":"shipping-taxable","14":"purchasable","15":"product-type-simple"},"jetpack_sharing_enabled":true,"_links":{"self":[{"href":"https:\/\/ddt.lv\/lv\/wp-json\/wp\/v2\/product\/97382"}],"collection":[{"href":"https:\/\/ddt.lv\/lv\/wp-json\/wp\/v2\/product"}],"about":[{"href":"https:\/\/ddt.lv\/lv\/wp-json\/wp\/v2\/types\/product"}],"replies":[{"embeddable":true,"href":"https:\/\/ddt.lv\/lv\/wp-json\/wp\/v2\/comments?post=97382"}],"wp:featuredmedia":[{"embeddable":true,"href":"https:\/\/ddt.lv\/lv\/wp-json\/wp\/v2\/media\/97384"}],"wp:attachment":[{"href":"https:\/\/ddt.lv\/lv\/wp-json\/wp\/v2\/media?parent=97382"}],"wp:term":[{"taxonomy":"product_cat","embeddable":true,"href":"https:\/\/ddt.lv\/lv\/wp-json\/wp\/v2\/product_cat?post=97382"},{"taxonomy":"product_tag","embeddable":true,"href":"https:\/\/ddt.lv\/lv\/wp-json\/wp\/v2\/product_tag?post=97382"},{"taxonomy":"yst_prominent_words","embeddable":true,"href":"https:\/\/ddt.lv\/lv\/wp-json\/wp\/v2\/yst_prominent_words?post=97382"}],"curies":[{"name":"wp","href":"https:\/\/api.w.org\/{rel}","templated":true}]}}