{"id":96498,"date":"2025-12-03T17:05:34","date_gmt":"2025-12-03T15:05:34","guid":{"rendered":"https:\/\/ddt.lv\/lv\/product\/nazu-asinatajs-gefu-colt-pro\/"},"modified":"2026-04-13T10:06:36","modified_gmt":"2026-04-13T07:06:36","slug":"nazu-asinatajs-gefu-colt-pro","status":"publish","type":"product","link":"https:\/\/ddt.lv\/lv\/product\/nazu-asinatajs-gefu-colt-pro\/","title":{"rendered":"Na\u017eu asin\u0101t\u0101js GEFU COLT PRO"},"content":{"rendered":"<p>Univers\u0101lais na;\u017eu un \u0161\u0137\u0113ru asin\u0101t\u0101js 4-in-1.<\/p>\n<ol>\n<li>Speci\u0101la keramikas pul\u0113\u0161anas rieva \u0161\u0137\u0113ru asin\u0101\u0161anai.<\/li>\n<li>Dimanta sl\u012bpakmens &#8211; \u012bpa\u0161i ciets, piem\u0113rots boj\u0101tu asme\u0146u izl\u012bdzin\u0101\u0161anai.<\/li>\n<li>Volframa t\u0113rauds &#8211; notrulin\u0101tu asme\u0146u atk\u0101rtotai asin\u0101\u0161anai.<\/li>\n<li>Keramikas sl\u012bpvirsma &#8211; regul\u0101rai apkopei, sl\u012bp\u0113\u0161anai un pul\u0113\u0161anai. Iepriek\u0161 iestat\u012bts asin\u0101\u0161anas 36 gr\u0101du le\u0146\u0137is<\/li>\n<\/ol>\n<p>Nesl\u012bdo\u0161a pamatne.<\/p>\n<p>Piem\u0113rots na\u017eiem un \u0161\u0137\u0113r\u0113m ar gludu asme\u0146a malu.<\/p>\n<p>Izgatavots no augstas kvalit\u0101tes ner\u016bs\u0113jo\u0161a t\u0113rauda, plastmasas, keramikas un volframa t\u0113rauda.<\/p>\n<p>Nav pie\u013caujama mazg\u0101\u0161ana trauku ma\u0161\u012bn\u0101.<\/p>","protected":false},"excerpt":{"rendered":"<p>Univers\u0101lais na;\u017eu un \u0161\u0137\u0113ru asin\u0101t\u0101js 4-in-1. Speci\u0101la keramikas pul\u0113\u0161anas rieva \u0161\u0137\u0113ru asin\u0101\u0161anai. Dimanta sl\u012bpakmens &#8211; \u012bpa\u0161i ciets, piem\u0113rots boj\u0101tu asme\u0146u izl\u012bdzin\u0101\u0161anai. Volframa t\u0113rauds &#8211; notrulin\u0101tu asme\u0146u atk\u0101rtotai asin\u0101\u0161anai. Keramikas sl\u012bpvirsma &#8211; regul\u0101rai apkopei, sl\u012bp\u0113\u0161anai un pul\u0113\u0161anai. Iepriek\u0161 iestat\u012bts asin\u0101\u0161anas 36 gr\u0101du le\u0146\u0137is Nesl\u012bdo\u0161a pamatne. Piem\u0113rots na\u017eiem un \u0161\u0137\u0113r\u0113m ar gludu asme\u0146a malu. Izgatavots no augstas [&hellip;]<\/p>\n","protected":false},"featured_media":96499,"comment_status":"closed","ping_status":"closed","template":"","meta":{"inline_featured_image":false},"product_cat":[1681,772],"product_tag":[],"yst_prominent_words":[],"class_list":{"0":"post-96498","1":"product","2":"type-product","3":"status-publish","4":"has-post-thumbnail","6":"product_cat-virtuves-paligi","7":"product_cat-atlaides","9":"first","10":"instock","11":"sale","12":"taxable","13":"shipping-taxable","14":"purchasable","15":"product-type-simple"},"jetpack_sharing_enabled":true,"_links":{"self":[{"href":"https:\/\/ddt.lv\/lv\/wp-json\/wp\/v2\/product\/96498"}],"collection":[{"href":"https:\/\/ddt.lv\/lv\/wp-json\/wp\/v2\/product"}],"about":[{"href":"https:\/\/ddt.lv\/lv\/wp-json\/wp\/v2\/types\/product"}],"replies":[{"embeddable":true,"href":"https:\/\/ddt.lv\/lv\/wp-json\/wp\/v2\/comments?post=96498"}],"wp:featuredmedia":[{"embeddable":true,"href":"https:\/\/ddt.lv\/lv\/wp-json\/wp\/v2\/media\/96499"}],"wp:attachment":[{"href":"https:\/\/ddt.lv\/lv\/wp-json\/wp\/v2\/media?parent=96498"}],"wp:term":[{"taxonomy":"product_cat","embeddable":true,"href":"https:\/\/ddt.lv\/lv\/wp-json\/wp\/v2\/product_cat?post=96498"},{"taxonomy":"product_tag","embeddable":true,"href":"https:\/\/ddt.lv\/lv\/wp-json\/wp\/v2\/product_tag?post=96498"},{"taxonomy":"yst_prominent_words","embeddable":true,"href":"https:\/\/ddt.lv\/lv\/wp-json\/wp\/v2\/yst_prominent_words?post=96498"}],"curies":[{"name":"wp","href":"https:\/\/api.w.org\/{rel}","templated":true}]}}