{"id":96491,"date":"2025-12-03T16:25:41","date_gmt":"2025-12-03T14:25:41","guid":{"rendered":"https:\/\/ddt.lv\/lv\/product\/universalais-mizotajs-gefu-y-pro\/"},"modified":"2026-04-13T10:06:19","modified_gmt":"2026-04-13T07:06:19","slug":"universalais-mizotajs-gefu-y-pro","status":"publish","type":"product","link":"https:\/\/ddt.lv\/lv\/product\/universalais-mizotajs-gefu-y-pro\/","title":{"rendered":"Univers\u0101lais mizot\u0101js GEFU Y-PRO"},"content":{"rendered":"<p>Aug\u013cu un d\u0101rze\u0146u mizo\u0161ana ar GEFU Y-PRO ir pavisam vienk\u0101r\u0161a,<\/p>\n<p>\u012apa\u0161i asais, ner\u016bs\u0113jo\u0161\u0101 t\u0113rauda asmenis bewz piep\u016bles sl\u012bd cauri mizi\u0146ai, nodro\u0161inot pl\u0101nu un prec\u012bzu griezumu.<\/p>\n<p>Ergonomiska Y forma, 2 austi\u0146as melno plankumu iz\u0146em\u0161anai.<\/p>\n<p>Izgatavots no augstv\u0113rt\u012bga ner\u016bs\u0113jo\u0161a, speci\u0101l\u0101 asme\u0146u t\u0113rauda.<\/p>\n<p>Var mazg\u0101t trauku ma\u0161\u012bn\u0101.<\/p>","protected":false},"excerpt":{"rendered":"<p>Aug\u013cu un d\u0101rze\u0146u mizo\u0161ana ar GEFU Y-PRO ir pavisam vienk\u0101r\u0161a, \u012apa\u0161i asais, ner\u016bs\u0113jo\u0161\u0101 t\u0113rauda asmenis bewz piep\u016bles sl\u012bd cauri mizi\u0146ai, nodro\u0161inot pl\u0101nu un prec\u012bzu griezumu. Ergonomiska Y forma, 2 austi\u0146as melno plankumu iz\u0146em\u0161anai. Izgatavots no augstv\u0113rt\u012bga ner\u016bs\u0113jo\u0161a, speci\u0101l\u0101 asme\u0146u t\u0113rauda. Var mazg\u0101t trauku ma\u0161\u012bn\u0101.<\/p>\n","protected":false},"featured_media":96492,"comment_status":"closed","ping_status":"closed","template":"","meta":{"inline_featured_image":false},"product_cat":[1680,772],"product_tag":[],"yst_prominent_words":[],"class_list":{"0":"post-96491","1":"product","2":"type-product","3":"status-publish","4":"has-post-thumbnail","6":"product_cat-griezeji-un-rives","7":"product_cat-atlaides","9":"first","10":"instock","11":"sale","12":"taxable","13":"shipping-taxable","14":"purchasable","15":"product-type-simple"},"jetpack_sharing_enabled":true,"_links":{"self":[{"href":"https:\/\/ddt.lv\/lv\/wp-json\/wp\/v2\/product\/96491"}],"collection":[{"href":"https:\/\/ddt.lv\/lv\/wp-json\/wp\/v2\/product"}],"about":[{"href":"https:\/\/ddt.lv\/lv\/wp-json\/wp\/v2\/types\/product"}],"replies":[{"embeddable":true,"href":"https:\/\/ddt.lv\/lv\/wp-json\/wp\/v2\/comments?post=96491"}],"wp:featuredmedia":[{"embeddable":true,"href":"https:\/\/ddt.lv\/lv\/wp-json\/wp\/v2\/media\/96492"}],"wp:attachment":[{"href":"https:\/\/ddt.lv\/lv\/wp-json\/wp\/v2\/media?parent=96491"}],"wp:term":[{"taxonomy":"product_cat","embeddable":true,"href":"https:\/\/ddt.lv\/lv\/wp-json\/wp\/v2\/product_cat?post=96491"},{"taxonomy":"product_tag","embeddable":true,"href":"https:\/\/ddt.lv\/lv\/wp-json\/wp\/v2\/product_tag?post=96491"},{"taxonomy":"yst_prominent_words","embeddable":true,"href":"https:\/\/ddt.lv\/lv\/wp-json\/wp\/v2\/yst_prominent_words?post=96491"}],"curies":[{"name":"wp","href":"https:\/\/api.w.org\/{rel}","templated":true}]}}