{"id":96460,"date":"2025-12-03T14:10:36","date_gmt":"2025-12-03T12:10:36","guid":{"rendered":"https:\/\/ddt.lv\/lv\/product\/gosmart-majdzivnieku-barotava-pet-care-4-l-melns-wi-fi\/"},"modified":"2026-04-01T00:26:26","modified_gmt":"2026-03-31T21:26:26","slug":"gosmart-majdzivnieku-barotava-pet-care-4-l-melns-wi-fi","status":"publish","type":"product","link":"https:\/\/ddt.lv\/lv\/product\/gosmart-majdzivnieku-barotava-pet-care-4-l-melns-wi-fi\/","title":{"rendered":"GoSmart m\u0101jdz\u012bvnieku barotava  Pet Care, 4 l, melna, Wi-Fi"},"content":{"rendered":"<p>Izveidojiet\u00a0<strong>pa\u0161u viedo m\u0101ju<\/strong>\u00a0ar EMOS GoSmart un cit\u0101m TUYA sader\u012bg\u0101m viedier\u012bc\u0113m.\u00a0<strong>Savienojiet<\/strong>\u00a0atsevi\u0161\u0137us produktus, iestatiet to darb\u012bbu\u00a0<strong>automatiz\u0101ciju<\/strong>\u00a0un\u00a0<strong>vadiet tos\u00a0att\u0101lin\u0101ti, izmantojot piln\u012bb\u0101 lokaliz\u0113tu un intuit\u012bvu\u00a0mobil\u0101 t\u0101lru\u0146a lietotni.<\/strong><\/p>\n<p><strong>Jums j\u0101dodas prom\u00a0<\/strong>no m\u0101j\u0101m vai\u00a0<strong>J\u016bs esat aizkav\u0113jies darb\u0101<\/strong>\u00a0un nevarat savlaic\u012bgi pabarot savu m\u012bluli?<\/p>\n<p>M\u016bsu vied\u0101 barotava var piln\u012bb\u0101\u00a0<strong>atrisin\u0101t j\u016bsu baro\u0161anas probl\u0113mas<\/strong>\u00a0un nodro\u0161in\u0101t svaigu granulu porciju\u00a0<strong>p\u0113c prec\u012bzi noteikta grafika<\/strong>.<\/p>\n<p>D\u0101v\u0101jiet savam m\u0101jdz\u012bvniekam\u00a0<strong>vesel\u012bgu un laim\u012bgu dz\u012bvesveidu<\/strong>.<\/p>","protected":false},"excerpt":{"rendered":"<p>Izveidojiet\u00a0pa\u0161u viedo m\u0101ju\u00a0ar EMOS GoSmart un cit\u0101m TUYA sader\u012bg\u0101m viedier\u012bc\u0113m.\u00a0Savienojiet\u00a0atsevi\u0161\u0137us produktus, iestatiet to darb\u012bbu\u00a0automatiz\u0101ciju\u00a0un\u00a0vadiet tos\u00a0att\u0101lin\u0101ti, izmantojot piln\u012bb\u0101 lokaliz\u0113tu un intuit\u012bvu\u00a0mobil\u0101 t\u0101lru\u0146a lietotni. Jums j\u0101dodas prom\u00a0no m\u0101j\u0101m vai\u00a0J\u016bs esat aizkav\u0113jies darb\u0101\u00a0un nevarat savlaic\u012bgi pabarot savu m\u012bluli? M\u016bsu vied\u0101 barotava var piln\u012bb\u0101\u00a0atrisin\u0101t j\u016bsu baro\u0161anas probl\u0113mas\u00a0un nodro\u0161in\u0101t svaigu granulu porciju\u00a0p\u0113c prec\u012bzi noteikta grafika. D\u0101v\u0101jiet savam m\u0101jdz\u012bvniekam\u00a0vesel\u012bgu un laim\u012bgu [&hellip;]<\/p>\n","protected":false},"featured_media":96461,"comment_status":"closed","ping_status":"closed","template":"","meta":{"inline_featured_image":false},"product_cat":[1715,772],"product_tag":[],"yst_prominent_words":[],"class_list":{"0":"post-96460","1":"product","2":"type-product","3":"status-publish","4":"has-post-thumbnail","6":"product_cat-majas-miluliem","7":"product_cat-atlaides","9":"first","10":"instock","11":"sale","12":"taxable","13":"shipping-taxable","14":"purchasable","15":"product-type-simple"},"jetpack_sharing_enabled":true,"_links":{"self":[{"href":"https:\/\/ddt.lv\/lv\/wp-json\/wp\/v2\/product\/96460"}],"collection":[{"href":"https:\/\/ddt.lv\/lv\/wp-json\/wp\/v2\/product"}],"about":[{"href":"https:\/\/ddt.lv\/lv\/wp-json\/wp\/v2\/types\/product"}],"replies":[{"embeddable":true,"href":"https:\/\/ddt.lv\/lv\/wp-json\/wp\/v2\/comments?post=96460"}],"wp:featuredmedia":[{"embeddable":true,"href":"https:\/\/ddt.lv\/lv\/wp-json\/wp\/v2\/media\/96461"}],"wp:attachment":[{"href":"https:\/\/ddt.lv\/lv\/wp-json\/wp\/v2\/media?parent=96460"}],"wp:term":[{"taxonomy":"product_cat","embeddable":true,"href":"https:\/\/ddt.lv\/lv\/wp-json\/wp\/v2\/product_cat?post=96460"},{"taxonomy":"product_tag","embeddable":true,"href":"https:\/\/ddt.lv\/lv\/wp-json\/wp\/v2\/product_tag?post=96460"},{"taxonomy":"yst_prominent_words","embeddable":true,"href":"https:\/\/ddt.lv\/lv\/wp-json\/wp\/v2\/yst_prominent_words?post=96460"}],"curies":[{"name":"wp","href":"https:\/\/api.w.org\/{rel}","templated":true}]}}