{"id":89408,"date":"2025-10-06T13:30:36","date_gmt":"2025-10-06T10:30:36","guid":{"rendered":"https:\/\/ddt.lv\/lv\/product\/89408\/"},"modified":"2026-04-14T11:05:16","modified_gmt":"2026-04-14T08:05:16","slug":"89408","status":"publish","type":"product","link":"https:\/\/ddt.lv\/lv\/product\/fermentacijas-burka-gefu-nativo-1-0l\/","title":{"rendered":"Ferment\u0101cijas burka GEFU Nativo 1.0l"},"content":{"rendered":"<p>Ar praktisko ferment\u0113\u0161anas burku un gudro ferment\u0101cijas ventil\u0101cijas sist\u0113mu sk\u0101b\u0113ti k\u0101posti, arom\u0101tisks kimchi, gar\u0161\u012bgi ferment\u0113ti gur\u0137i vai krauk\u0161\u0137\u012bgi burk\u0101ni izdodas \u0101tri un dro\u0161i.<\/p>","protected":false},"excerpt":{"rendered":"<p>Ar praktisko ferment\u0113\u0161anas burku un gudro ferment\u0101cijas ventil\u0101cijas sist\u0113mu sk\u0101b\u0113ti k\u0101posti, arom\u0101tisks kimchi, gar\u0161\u012bgi ferment\u0113ti gur\u0137i vai krauk\u0161\u0137\u012bgi burk\u0101ni izdodas \u0101tri un dro\u0161i.<\/p>\n","protected":false},"featured_media":89409,"comment_status":"closed","ping_status":"closed","template":"","meta":{"inline_featured_image":false},"product_cat":[1681,772],"product_tag":[],"yst_prominent_words":[],"class_list":{"0":"post-89408","1":"product","2":"type-product","3":"status-publish","4":"has-post-thumbnail","6":"product_cat-virtuves-paligi","7":"product_cat-atlaides","9":"first","10":"instock","11":"sale","12":"taxable","13":"shipping-taxable","14":"purchasable","15":"product-type-simple"},"jetpack_sharing_enabled":true,"_links":{"self":[{"href":"https:\/\/ddt.lv\/lv\/wp-json\/wp\/v2\/product\/89408"}],"collection":[{"href":"https:\/\/ddt.lv\/lv\/wp-json\/wp\/v2\/product"}],"about":[{"href":"https:\/\/ddt.lv\/lv\/wp-json\/wp\/v2\/types\/product"}],"replies":[{"embeddable":true,"href":"https:\/\/ddt.lv\/lv\/wp-json\/wp\/v2\/comments?post=89408"}],"wp:featuredmedia":[{"embeddable":true,"href":"https:\/\/ddt.lv\/lv\/wp-json\/wp\/v2\/media\/89409"}],"wp:attachment":[{"href":"https:\/\/ddt.lv\/lv\/wp-json\/wp\/v2\/media?parent=89408"}],"wp:term":[{"taxonomy":"product_cat","embeddable":true,"href":"https:\/\/ddt.lv\/lv\/wp-json\/wp\/v2\/product_cat?post=89408"},{"taxonomy":"product_tag","embeddable":true,"href":"https:\/\/ddt.lv\/lv\/wp-json\/wp\/v2\/product_tag?post=89408"},{"taxonomy":"yst_prominent_words","embeddable":true,"href":"https:\/\/ddt.lv\/lv\/wp-json\/wp\/v2\/yst_prominent_words?post=89408"}],"curies":[{"name":"wp","href":"https:\/\/api.w.org\/{rel}","templated":true}]}}