{"id":6868,"date":"2019-10-28T08:39:06","date_gmt":"2019-10-28T06:39:06","guid":{"rendered":"https:\/\/ddt.lv\/product\/elektriska-pusdienu-kaste-23-2x16-5x11-5cm-max-t-70c-unold\/"},"modified":"2026-04-08T14:36:32","modified_gmt":"2026-04-08T11:36:32","slug":"elektriska-pusdienu-kaste-23-2x16-5x11-5cm-max-t-70c-unold","status":"publish","type":"product","link":"https:\/\/ddt.lv\/lv\/product\/elektriska-pusdienu-kaste-23-2x16-5x11-5cm-max-t-70c-unold\/","title":{"rendered":"Elektrisk\u0101 pusdienu kaste 70C UNOLD"},"content":{"rendered":"<p>Unold pusdienu kaste ir lielisks ikdienas pal\u012bgs, ar kuru iesp\u0113jams pagatavoto \u0113dienu pa\u0146emt l\u012bdz un ar\u012b uzsild\u012bt.\u00a0 Ietilp\u012bba aptuveni 1.5 l. Apr\u012bkota ar ner\u016bs\u0113jo\u0161\u0101 t\u0113rauda tvertni, papildus plastmasas trauci\u0146\u0161 ar v\u0101ku sal\u0101tiem vai desertam.<\/p>\n","protected":false},"excerpt":{"rendered":"<p>Unold pusdienu kaste ir lielisks ikdienas pal\u012bgs, ar kuru iesp\u0113jams pagatavoto \u0113dienu pa\u0146emt l\u012bdz un ar\u012b uzsild\u012bt.\u00a0 Ietilp\u012bba aptuveni 1.5 l. Apr\u012bkota ar ner\u016bs\u0113jo\u0161\u0101 t\u0113rauda tvertni, papildus plastmasas trauci\u0146\u0161 ar v\u0101ku sal\u0101tiem vai desertam.<\/p>\n","protected":false},"featured_media":7486,"comment_status":"closed","ping_status":"closed","template":"","meta":{"inline_featured_image":false},"product_cat":[534],"product_tag":[],"yst_prominent_words":[],"class_list":{"0":"post-6868","1":"product","2":"type-product","3":"status-publish","4":"has-post-thumbnail","6":"product_cat-dazadi","8":"first","9":"outofstock","10":"taxable","11":"shipping-taxable","12":"purchasable","13":"product-type-simple"},"jetpack_sharing_enabled":true,"_links":{"self":[{"href":"https:\/\/ddt.lv\/lv\/wp-json\/wp\/v2\/product\/6868"}],"collection":[{"href":"https:\/\/ddt.lv\/lv\/wp-json\/wp\/v2\/product"}],"about":[{"href":"https:\/\/ddt.lv\/lv\/wp-json\/wp\/v2\/types\/product"}],"replies":[{"embeddable":true,"href":"https:\/\/ddt.lv\/lv\/wp-json\/wp\/v2\/comments?post=6868"}],"wp:featuredmedia":[{"embeddable":true,"href":"https:\/\/ddt.lv\/lv\/wp-json\/wp\/v2\/media\/7486"}],"wp:attachment":[{"href":"https:\/\/ddt.lv\/lv\/wp-json\/wp\/v2\/media?parent=6868"}],"wp:term":[{"taxonomy":"product_cat","embeddable":true,"href":"https:\/\/ddt.lv\/lv\/wp-json\/wp\/v2\/product_cat?post=6868"},{"taxonomy":"product_tag","embeddable":true,"href":"https:\/\/ddt.lv\/lv\/wp-json\/wp\/v2\/product_tag?post=6868"},{"taxonomy":"yst_prominent_words","embeddable":true,"href":"https:\/\/ddt.lv\/lv\/wp-json\/wp\/v2\/yst_prominent_words?post=6868"}],"curies":[{"name":"wp","href":"https:\/\/api.w.org\/{rel}","templated":true}]}}