{"id":6863,"date":"2019-10-28T08:39:05","date_gmt":"2019-10-28T06:39:05","guid":{"rendered":"https:\/\/ddt.lv\/product\/ventilators-tower-fan-40w-28x28x111cm-240v-melns-balts-unold\/"},"modified":"2026-04-13T09:56:26","modified_gmt":"2026-04-13T06:56:26","slug":"ventilators-tower-fan-40w-28x28x111cm-240v-melns-balts-unold","status":"publish","type":"product","link":"https:\/\/ddt.lv\/lv\/product\/ventilators-tower-fan-40w-28x28x111cm-240v-melns-balts-unold\/","title":{"rendered":"Ventilators TOWER FAN 40W 28x28x111cm 240V melns\/balts UNOLD"},"content":{"rendered":"<p>M\u016bsdien\u012bgais dizains padara Tower Fan View par stil\u012bgu telpas objektu, kas nodro\u0161ina komfortablu telpas klimatu.<\/p>\n<p>Pieejams ar\u012b &#8216;natural&#8217; re\u017e\u012bms, kur\u0161 padara gaisa pl\u016bsmu telp\u0101 maksim\u0101li pietuvin\u0101tu \u012bstai v\u0113ja br\u012bzei!<\/p>\n","protected":false},"excerpt":{"rendered":"<p>M\u016bsdien\u012bgais dizains padara Tower Fan View par stil\u012bgu telpas objektu, kas nodro\u0161ina komfortablu telpas klimatu. Pieejams ar\u012b &#8216;natural&#8217; re\u017e\u012bms, kur\u0161 padara gaisa pl\u016bsmu telp\u0101 maksim\u0101li pietuvin\u0101tu \u012bstai v\u0113ja br\u012bzei!<\/p>\n","protected":false},"featured_media":7797,"comment_status":"closed","ping_status":"closed","template":"","meta":{"inline_featured_image":false},"product_cat":[540],"product_tag":[],"yst_prominent_words":[],"class_list":{"0":"post-6863","1":"product","2":"type-product","3":"status-publish","4":"has-post-thumbnail","6":"product_cat-ventilatori-silditaji","8":"first","9":"outofstock","10":"taxable","11":"shipping-taxable","12":"purchasable","13":"product-type-simple"},"jetpack_sharing_enabled":true,"_links":{"self":[{"href":"https:\/\/ddt.lv\/lv\/wp-json\/wp\/v2\/product\/6863"}],"collection":[{"href":"https:\/\/ddt.lv\/lv\/wp-json\/wp\/v2\/product"}],"about":[{"href":"https:\/\/ddt.lv\/lv\/wp-json\/wp\/v2\/types\/product"}],"replies":[{"embeddable":true,"href":"https:\/\/ddt.lv\/lv\/wp-json\/wp\/v2\/comments?post=6863"}],"wp:featuredmedia":[{"embeddable":true,"href":"https:\/\/ddt.lv\/lv\/wp-json\/wp\/v2\/media\/7797"}],"wp:attachment":[{"href":"https:\/\/ddt.lv\/lv\/wp-json\/wp\/v2\/media?parent=6863"}],"wp:term":[{"taxonomy":"product_cat","embeddable":true,"href":"https:\/\/ddt.lv\/lv\/wp-json\/wp\/v2\/product_cat?post=6863"},{"taxonomy":"product_tag","embeddable":true,"href":"https:\/\/ddt.lv\/lv\/wp-json\/wp\/v2\/product_tag?post=6863"},{"taxonomy":"yst_prominent_words","embeddable":true,"href":"https:\/\/ddt.lv\/lv\/wp-json\/wp\/v2\/yst_prominent_words?post=6863"}],"curies":[{"name":"wp","href":"https:\/\/api.w.org\/{rel}","templated":true}]}}