{"id":6862,"date":"2019-10-28T08:39:05","date_gmt":"2019-10-28T06:39:05","guid":{"rendered":"https:\/\/ddt.lv\/product\/ventilators-tower-40w-14x14x83cm-220-240v-melns-balts-unold\/"},"modified":"2026-04-13T09:56:26","modified_gmt":"2026-04-13T06:56:26","slug":"ventilators-tower-40w-14x14x83cm-220-240v-melns-balts-unold","status":"publish","type":"product","link":"https:\/\/ddt.lv\/lv\/product\/ventilators-tower-40w-14x14x83cm-220-240v-melns-balts-unold\/","title":{"rendered":"Ventilators TOWER 40W 14x14x83cm 220-240V melns\/balts UNOLD"},"content":{"rendered":"<p>Praktisks un moderns dizains, apvienojum\u0101 ar lielisku &#8211; dab\u012bgas saj\u016btas rado\u0161u svaig\u0101 gaisa pl\u016bsmu.<\/p>\n<p>Darbojas ar t\u0101lvad\u012bbas pulti.<\/p>\n<p>Lieliski iederas da\u017e\u0101dos interjera risin\u0101jumos!<\/p>\n<p>&nbsp;<\/p>\n","protected":false},"excerpt":{"rendered":"<p>Praktisks un moderns dizains, apvienojum\u0101 ar lielisku &#8211; dab\u012bgas saj\u016btas rado\u0161u svaig\u0101 gaisa pl\u016bsmu. Darbojas ar t\u0101lvad\u012bbas pulti. Lieliski iederas da\u017e\u0101dos interjera risin\u0101jumos! &nbsp;<\/p>\n","protected":false},"featured_media":7791,"comment_status":"closed","ping_status":"closed","template":"","meta":{"inline_featured_image":false},"product_cat":[540],"product_tag":[],"yst_prominent_words":[],"class_list":{"0":"post-6862","1":"product","2":"type-product","3":"status-publish","4":"has-post-thumbnail","6":"product_cat-ventilatori-silditaji","8":"first","9":"outofstock","10":"taxable","11":"shipping-taxable","12":"purchasable","13":"product-type-simple"},"jetpack_sharing_enabled":true,"_links":{"self":[{"href":"https:\/\/ddt.lv\/lv\/wp-json\/wp\/v2\/product\/6862"}],"collection":[{"href":"https:\/\/ddt.lv\/lv\/wp-json\/wp\/v2\/product"}],"about":[{"href":"https:\/\/ddt.lv\/lv\/wp-json\/wp\/v2\/types\/product"}],"replies":[{"embeddable":true,"href":"https:\/\/ddt.lv\/lv\/wp-json\/wp\/v2\/comments?post=6862"}],"wp:featuredmedia":[{"embeddable":true,"href":"https:\/\/ddt.lv\/lv\/wp-json\/wp\/v2\/media\/7791"}],"wp:attachment":[{"href":"https:\/\/ddt.lv\/lv\/wp-json\/wp\/v2\/media?parent=6862"}],"wp:term":[{"taxonomy":"product_cat","embeddable":true,"href":"https:\/\/ddt.lv\/lv\/wp-json\/wp\/v2\/product_cat?post=6862"},{"taxonomy":"product_tag","embeddable":true,"href":"https:\/\/ddt.lv\/lv\/wp-json\/wp\/v2\/product_tag?post=6862"},{"taxonomy":"yst_prominent_words","embeddable":true,"href":"https:\/\/ddt.lv\/lv\/wp-json\/wp\/v2\/yst_prominent_words?post=6862"}],"curies":[{"name":"wp","href":"https:\/\/api.w.org\/{rel}","templated":true}]}}