{"id":6842,"date":"2019-10-28T08:39:03","date_gmt":"2019-10-28T06:39:03","guid":{"rendered":"https:\/\/ddt.lv\/product\/termometrs-higrometrs-iekstelpam-ar-pulkst-modin-1xaa-emos\/"},"modified":"2026-04-01T00:16:28","modified_gmt":"2026-03-31T21:16:28","slug":"termometrs-higrometrs-iekstelpam-ar-pulkst-modin-1xaa-emos","status":"publish","type":"product","link":"https:\/\/ddt.lv\/lv\/product\/termometrs-higrometrs-iekstelpam-ar-pulkst-modin-1xaa-emos\/","title":{"rendered":"Termometrs\/Higrometrs iek\u0161telp\u0101m ar pulksteni un modin\u0101taju (1xAA) EMOS"},"content":{"rendered":"<p>Termometrs balt\u0101 kr\u0101s\u0101, kuru kontrol\u0113 kvarca krist\u0101li.<\/p>\n<p>Zils ekr\u0101ns, kur\u0161 r\u0101da laiku, iek\u0161telpu temperat\u016bru, mitrumu un datumu, k\u0101 ar\u012b apvelt\u012bts ar modin\u0101t\u0101ja funkciju.<\/p>\n","protected":false},"excerpt":{"rendered":"<p>Termometrs balt\u0101 kr\u0101s\u0101, kuru kontrol\u0113 kvarca krist\u0101li. Zils ekr\u0101ns, kur\u0161 r\u0101da laiku, iek\u0161telpu temperat\u016bru, mitrumu un datumu, k\u0101 ar\u012b apvelt\u012bts ar modin\u0101t\u0101ja funkciju.<\/p>\n","protected":false},"featured_media":16140,"comment_status":"closed","ping_status":"closed","template":"","meta":{"inline_featured_image":false},"product_cat":[541],"product_tag":[],"yst_prominent_words":[],"class_list":{"0":"post-6842","1":"product","2":"type-product","3":"status-publish","4":"has-post-thumbnail","6":"product_cat-termometri-meteostacijas","8":"first","9":"instock","10":"taxable","11":"shipping-taxable","12":"purchasable","13":"product-type-simple"},"jetpack_sharing_enabled":true,"_links":{"self":[{"href":"https:\/\/ddt.lv\/lv\/wp-json\/wp\/v2\/product\/6842"}],"collection":[{"href":"https:\/\/ddt.lv\/lv\/wp-json\/wp\/v2\/product"}],"about":[{"href":"https:\/\/ddt.lv\/lv\/wp-json\/wp\/v2\/types\/product"}],"replies":[{"embeddable":true,"href":"https:\/\/ddt.lv\/lv\/wp-json\/wp\/v2\/comments?post=6842"}],"wp:featuredmedia":[{"embeddable":true,"href":"https:\/\/ddt.lv\/lv\/wp-json\/wp\/v2\/media\/16140"}],"wp:attachment":[{"href":"https:\/\/ddt.lv\/lv\/wp-json\/wp\/v2\/media?parent=6842"}],"wp:term":[{"taxonomy":"product_cat","embeddable":true,"href":"https:\/\/ddt.lv\/lv\/wp-json\/wp\/v2\/product_cat?post=6842"},{"taxonomy":"product_tag","embeddable":true,"href":"https:\/\/ddt.lv\/lv\/wp-json\/wp\/v2\/product_tag?post=6842"},{"taxonomy":"yst_prominent_words","embeddable":true,"href":"https:\/\/ddt.lv\/lv\/wp-json\/wp\/v2\/yst_prominent_words?post=6842"}],"curies":[{"name":"wp","href":"https:\/\/api.w.org\/{rel}","templated":true}]}}