{"id":6646,"date":"2019-10-28T08:38:40","date_gmt":"2019-10-28T06:38:40","guid":{"rendered":"https:\/\/ddt.lv\/product\/pankuku-panna-american-elektriska-unold\/"},"modified":"2026-04-06T10:55:28","modified_gmt":"2026-04-06T07:55:28","slug":"pankuku-panna-american-elektriska-unold","status":"publish","type":"product","link":"https:\/\/ddt.lv\/lv\/product\/pankuku-panna-american-elektriska-unold\/","title":{"rendered":"Pank\u016bku panna American, biezaj\u0101m pank\u016bk\u0101m UNOLD"},"content":{"rendered":"<p>Ar pankuku pannu American pank\u016bku gatavo\u0161ana ir \u0113rta un vienk\u0101r\u0161a.<\/p>\n<p>Pateicoties liek\u0101s m\u012bklas novad\u012b\u0161anai pank\u016bkas san\u0101k perfektas- glu\u017ei k\u0101 no bildes.<\/p>\n<p>Apr\u012bkots ar nel\u012bpo\u0161u p\u0101rkl\u0101jumu \u0113rtai t\u012br\u012b\u0161anai. Komplekt\u0101 recep\u0161u gr\u0101mati\u0146a gard\u0101m pank\u016bku recept\u0113m!<\/p>\n","protected":false},"excerpt":{"rendered":"<p>Ar pankuku pannu American pank\u016bku gatavo\u0161ana ir \u0113rta un vienk\u0101r\u0161a. Pateicoties liek\u0101s m\u012bklas novad\u012b\u0161anai pank\u016bkas san\u0101k perfektas- glu\u017ei k\u0101 no bildes. Apr\u012bkots ar nel\u012bpo\u0161u p\u0101rkl\u0101jumu \u0113rtai t\u012br\u012b\u0161anai. Komplekt\u0101 recep\u0161u gr\u0101mati\u0146a gard\u0101m pank\u016bku recept\u0113m!<\/p>\n","protected":false},"featured_media":7706,"comment_status":"closed","ping_status":"closed","template":"","meta":{"inline_featured_image":false},"product_cat":[532],"product_tag":[],"yst_prominent_words":[],"class_list":{"0":"post-6646","1":"product","2":"type-product","3":"status-publish","4":"has-post-thumbnail","6":"product_cat-vafelu-pankuku-pannas","8":"first","9":"outofstock","10":"taxable","11":"shipping-taxable","12":"purchasable","13":"product-type-simple"},"jetpack_sharing_enabled":true,"_links":{"self":[{"href":"https:\/\/ddt.lv\/lv\/wp-json\/wp\/v2\/product\/6646"}],"collection":[{"href":"https:\/\/ddt.lv\/lv\/wp-json\/wp\/v2\/product"}],"about":[{"href":"https:\/\/ddt.lv\/lv\/wp-json\/wp\/v2\/types\/product"}],"replies":[{"embeddable":true,"href":"https:\/\/ddt.lv\/lv\/wp-json\/wp\/v2\/comments?post=6646"}],"wp:featuredmedia":[{"embeddable":true,"href":"https:\/\/ddt.lv\/lv\/wp-json\/wp\/v2\/media\/7706"}],"wp:attachment":[{"href":"https:\/\/ddt.lv\/lv\/wp-json\/wp\/v2\/media?parent=6646"}],"wp:term":[{"taxonomy":"product_cat","embeddable":true,"href":"https:\/\/ddt.lv\/lv\/wp-json\/wp\/v2\/product_cat?post=6646"},{"taxonomy":"product_tag","embeddable":true,"href":"https:\/\/ddt.lv\/lv\/wp-json\/wp\/v2\/product_tag?post=6646"},{"taxonomy":"yst_prominent_words","embeddable":true,"href":"https:\/\/ddt.lv\/lv\/wp-json\/wp\/v2\/yst_prominent_words?post=6646"}],"curies":[{"name":"wp","href":"https:\/\/api.w.org\/{rel}","templated":true}]}}