{"id":6644,"date":"2019-10-28T08:38:40","date_gmt":"2019-10-28T06:38:40","guid":{"rendered":"https:\/\/ddt.lv\/product\/kafijas-aparats-compact-zils-1-25l-unold\/"},"modified":"2026-04-06T10:55:27","modified_gmt":"2026-04-06T07:55:27","slug":"kafijas-aparats-compact-zils-1-25l-unold","status":"publish","type":"product","link":"https:\/\/ddt.lv\/lv\/product\/kafijas-aparats-compact-zils-1-25l-unold\/","title":{"rendered":"Kafijas apar\u0101ts Unold Compact, zils 1.25l"},"content":{"rendered":"<p>Silta r\u012bta kafija m\u0101jas vai biroj\u0101. Ar kafijas apar\u0101tu Compact iesp\u0113jams pagatavot kafiju 10 tas\u012bt\u0113m vienlaic\u012bgi. Ja nepiecie\u0161ams pagatavot maz\u0101k- nek\u0101du probl\u0113mu! Kafijas apar\u0101ts apr\u012bkots ar \u016bdens daudzuma m\u0113ru \u016bdens trauk\u0101 un kafijas karaf\u0113.<\/p>\n<p>Apr\u012bkots ar sildplati karafes apak\u0161\u0101 siltas kafijas saglab\u0101\u0161anai.<\/p>\n","protected":false},"excerpt":{"rendered":"<p>Silta r\u012bta kafija m\u0101jas vai biroj\u0101. Ar kafijas apar\u0101tu Compact iesp\u0113jams pagatavot kafiju 10 tas\u012bt\u0113m vienlaic\u012bgi. Ja nepiecie\u0161ams pagatavot maz\u0101k- nek\u0101du probl\u0113mu! Kafijas apar\u0101ts apr\u012bkots ar \u016bdens daudzuma m\u0113ru \u016bdens trauk\u0101 un kafijas karaf\u0113. Apr\u012bkots ar sildplati karafes apak\u0161\u0101 siltas kafijas saglab\u0101\u0161anai.<\/p>\n","protected":false},"featured_media":7693,"comment_status":"closed","ping_status":"closed","template":"","meta":{"inline_featured_image":false},"product_cat":[938],"product_tag":[],"yst_prominent_words":[],"class_list":{"0":"post-6644","1":"product","2":"type-product","3":"status-publish","4":"has-post-thumbnail","6":"product_cat-kafijas-automati-un-piederumi","8":"first","9":"instock","10":"taxable","11":"shipping-taxable","12":"purchasable","13":"product-type-simple"},"jetpack_sharing_enabled":true,"_links":{"self":[{"href":"https:\/\/ddt.lv\/lv\/wp-json\/wp\/v2\/product\/6644"}],"collection":[{"href":"https:\/\/ddt.lv\/lv\/wp-json\/wp\/v2\/product"}],"about":[{"href":"https:\/\/ddt.lv\/lv\/wp-json\/wp\/v2\/types\/product"}],"replies":[{"embeddable":true,"href":"https:\/\/ddt.lv\/lv\/wp-json\/wp\/v2\/comments?post=6644"}],"wp:featuredmedia":[{"embeddable":true,"href":"https:\/\/ddt.lv\/lv\/wp-json\/wp\/v2\/media\/7693"}],"wp:attachment":[{"href":"https:\/\/ddt.lv\/lv\/wp-json\/wp\/v2\/media?parent=6644"}],"wp:term":[{"taxonomy":"product_cat","embeddable":true,"href":"https:\/\/ddt.lv\/lv\/wp-json\/wp\/v2\/product_cat?post=6644"},{"taxonomy":"product_tag","embeddable":true,"href":"https:\/\/ddt.lv\/lv\/wp-json\/wp\/v2\/product_tag?post=6644"},{"taxonomy":"yst_prominent_words","embeddable":true,"href":"https:\/\/ddt.lv\/lv\/wp-json\/wp\/v2\/yst_prominent_words?post=6644"}],"curies":[{"name":"wp","href":"https:\/\/api.w.org\/{rel}","templated":true}]}}