{"id":6628,"date":"2019-10-28T08:38:38","date_gmt":"2019-10-28T06:38:38","guid":{"rendered":"https:\/\/ddt.lv\/product\/trimm-luxury-ausu-deguna-timmeris-unold\/"},"modified":"2026-04-01T00:12:51","modified_gmt":"2026-03-31T21:12:51","slug":"trimm-luxury-ausu-deguna-timmeris-unold","status":"publish","type":"product","link":"https:\/\/ddt.lv\/lv\/product\/trimm-luxury-ausu-deguna-trimmeris-unold\/","title":{"rendered":"TRIMM LUXURY ausu\/deguna timmeris UNOLD"},"content":{"rendered":"<p>Stil\u012bgs un profesion\u0101ls ausu un deguna trimmeris!<\/p>\n<p>Uzl\u0101d\u0113jams, apr\u012bkots ar led gaismu prec\u012bz\u0101m darb\u012bb\u0101m.<\/p>\n<p>\u0112rta t\u012br\u012b\u0161ana.<\/p>\n","protected":false},"excerpt":{"rendered":"<p>Stil\u012bgs un profesion\u0101ls ausu un deguna trimmeris! Uzl\u0101d\u0113jams, apr\u012bkots ar led gaismu prec\u012bz\u0101m darb\u012bb\u0101m. \u0112rta t\u012br\u012b\u0161ana.<\/p>\n","protected":false},"featured_media":7857,"comment_status":"closed","ping_status":"closed","template":"","meta":{"inline_featured_image":false},"product_cat":[547],"product_tag":[],"yst_prominent_words":[],"class_list":{"0":"post-6628","1":"product","2":"type-product","3":"status-publish","4":"has-post-thumbnail","6":"product_cat-matu-bardas-trimmeri","8":"first","9":"outofstock","10":"taxable","11":"shipping-taxable","12":"purchasable","13":"product-type-simple"},"jetpack_sharing_enabled":true,"_links":{"self":[{"href":"https:\/\/ddt.lv\/lv\/wp-json\/wp\/v2\/product\/6628"}],"collection":[{"href":"https:\/\/ddt.lv\/lv\/wp-json\/wp\/v2\/product"}],"about":[{"href":"https:\/\/ddt.lv\/lv\/wp-json\/wp\/v2\/types\/product"}],"replies":[{"embeddable":true,"href":"https:\/\/ddt.lv\/lv\/wp-json\/wp\/v2\/comments?post=6628"}],"wp:featuredmedia":[{"embeddable":true,"href":"https:\/\/ddt.lv\/lv\/wp-json\/wp\/v2\/media\/7857"}],"wp:attachment":[{"href":"https:\/\/ddt.lv\/lv\/wp-json\/wp\/v2\/media?parent=6628"}],"wp:term":[{"taxonomy":"product_cat","embeddable":true,"href":"https:\/\/ddt.lv\/lv\/wp-json\/wp\/v2\/product_cat?post=6628"},{"taxonomy":"product_tag","embeddable":true,"href":"https:\/\/ddt.lv\/lv\/wp-json\/wp\/v2\/product_tag?post=6628"},{"taxonomy":"yst_prominent_words","embeddable":true,"href":"https:\/\/ddt.lv\/lv\/wp-json\/wp\/v2\/yst_prominent_words?post=6628"}],"curies":[{"name":"wp","href":"https:\/\/api.w.org\/{rel}","templated":true}]}}