{"id":6607,"date":"2019-10-28T08:38:36","date_gmt":"2019-10-28T06:38:36","guid":{"rendered":"https:\/\/ddt.lv\/product\/siltumventilators-design-2000w-unold\/"},"modified":"2026-04-13T09:52:45","modified_gmt":"2026-04-13T06:52:45","slug":"siltumventilators-design-2000w-unold","status":"publish","type":"product","link":"https:\/\/ddt.lv\/lv\/product\/siltumventilators-design-2000w-unold\/","title":{"rendered":"Keramiskais siltumventilators Design 2000W UNOLD"},"content":{"rendered":"<p>Siltumventil\u0101tors Design 2000W ir lieliski piem\u0113rots jebkurai dz\u012bvesvietai!<\/p>\n<p>Sild\u012btajs nodro\u0161ina piln\u012bgu un vienm\u0113r\u012bgu gaisa pl\u016bsmu vis\u0101 telp\u0101, pateicoties 70 gr\u0101du rot\u0101cijai. Ieb\u016bv\u0113tais taimeris nodro\u0161ina siltuma uztur\u0113\u0161anu telp\u0101 Jums nepiecie\u0161amaj\u0101 laik\u0101, k\u0101 ar\u012b ventilators pats izsl\u0113dzas, kad ir sasniegta nor\u0101d\u012bt\u0101 temperat\u016bra telp\u0101. \u013boti veiktsp\u0113j\u012bgs pal\u012bgs ikdienas vajadz\u012bbam, bet reiz\u0113 ar\u012b kluss.<\/p>\n","protected":false},"excerpt":{"rendered":"<p>Siltumventil\u0101tors Design 2000W ir lieliski piem\u0113rots jebkurai dz\u012bvesvietai! Sild\u012btajs nodro\u0161ina piln\u012bgu un vienm\u0113r\u012bgu gaisa pl\u016bsmu vis\u0101 telp\u0101, pateicoties 70 gr\u0101du rot\u0101cijai. Ieb\u016bv\u0113tais taimeris nodro\u0161ina siltuma uztur\u0113\u0161anu telp\u0101 Jums nepiecie\u0161amaj\u0101 laik\u0101, k\u0101 ar\u012b ventilators pats izsl\u0113dzas, kad ir sasniegta nor\u0101d\u012bt\u0101 temperat\u016bra telp\u0101. \u013boti veiktsp\u0113j\u012bgs pal\u012bgs ikdienas vajadz\u012bbam, bet reiz\u0113 ar\u012b kluss.<\/p>\n","protected":false},"featured_media":7976,"comment_status":"closed","ping_status":"closed","template":"","meta":{"inline_featured_image":false},"product_cat":[540],"product_tag":[],"yst_prominent_words":[],"class_list":{"0":"post-6607","1":"product","2":"type-product","3":"status-publish","4":"has-post-thumbnail","6":"product_cat-ventilatori-silditaji","8":"first","9":"instock","10":"taxable","11":"shipping-taxable","12":"purchasable","13":"product-type-simple"},"jetpack_sharing_enabled":true,"_links":{"self":[{"href":"https:\/\/ddt.lv\/lv\/wp-json\/wp\/v2\/product\/6607"}],"collection":[{"href":"https:\/\/ddt.lv\/lv\/wp-json\/wp\/v2\/product"}],"about":[{"href":"https:\/\/ddt.lv\/lv\/wp-json\/wp\/v2\/types\/product"}],"replies":[{"embeddable":true,"href":"https:\/\/ddt.lv\/lv\/wp-json\/wp\/v2\/comments?post=6607"}],"wp:featuredmedia":[{"embeddable":true,"href":"https:\/\/ddt.lv\/lv\/wp-json\/wp\/v2\/media\/7976"}],"wp:attachment":[{"href":"https:\/\/ddt.lv\/lv\/wp-json\/wp\/v2\/media?parent=6607"}],"wp:term":[{"taxonomy":"product_cat","embeddable":true,"href":"https:\/\/ddt.lv\/lv\/wp-json\/wp\/v2\/product_cat?post=6607"},{"taxonomy":"product_tag","embeddable":true,"href":"https:\/\/ddt.lv\/lv\/wp-json\/wp\/v2\/product_tag?post=6607"},{"taxonomy":"yst_prominent_words","embeddable":true,"href":"https:\/\/ddt.lv\/lv\/wp-json\/wp\/v2\/yst_prominent_words?post=6607"}],"curies":[{"name":"wp","href":"https:\/\/api.w.org\/{rel}","templated":true}]}}