{"id":6603,"date":"2019-10-28T08:38:35","date_gmt":"2019-10-28T06:38:35","guid":{"rendered":"https:\/\/ddt.lv\/product\/kompakta-cepeskrasns-15l-unold\/"},"modified":"2021-05-15T13:09:13","modified_gmt":"2021-05-15T10:09:13","slug":"kompakta-cepeskrasns-15l-unold","status":"publish","type":"product","link":"https:\/\/ddt.lv\/lv\/product\/kompakta-cepeskrasns-15l-unold\/","title":{"rendered":"Cepe\u0161kr\u0101sns Compact 15l UNOLD"},"content":{"rendered":"<p>Cepe\u0161kr\u0101sns Combi ir lieliska alternat\u012bva iebuv\u0113jam\u0101m cepe\u0161kr\u0101sn\u012bm. T\u0101 ir kompakta, bet taj\u0101 pat laik\u0101 sp\u0113j paveikt visu nepiecie\u0161amo. K\u016bkas, picas, ga\u013cas gril\u0113\u0161ana. Viss ir iesp\u0113jams ar cepe\u0161kr\u0101sni Combi, jo tai ir 15L ietilp\u012bba.<\/p>\n","protected":false},"excerpt":{"rendered":"<p>Cepe\u0161kr\u0101sns Combi ir lieliska alternat\u012bva iebuv\u0113jam\u0101m cepe\u0161kr\u0101sn\u012bm. T\u0101 ir kompakta, bet taj\u0101 pat laik\u0101 sp\u0113j paveikt visu nepiecie\u0161amo. K\u016bkas, picas, ga\u013cas gril\u0113\u0161ana. Viss ir iesp\u0113jams ar cepe\u0161kr\u0101sni Combi, jo tai ir 15L ietilp\u012bba.<\/p>\n","protected":false},"featured_media":9241,"comment_status":"closed","ping_status":"closed","template":"","meta":{"inline_featured_image":false},"product_cat":[521,522,536],"product_tag":[],"yst_prominent_words":[],"class_list":{"0":"post-6603","1":"product","2":"type-product","3":"status-publish","4":"has-post-thumbnail","6":"product_cat-sadzives-tehnika","7":"product_cat-virtuves-tehnika","8":"product_cat-elektriskas-krasnis","10":"first","11":"outofstock","12":"taxable","13":"shipping-taxable","14":"purchasable","15":"product-type-simple"},"jetpack_sharing_enabled":true,"_links":{"self":[{"href":"https:\/\/ddt.lv\/lv\/wp-json\/wp\/v2\/product\/6603"}],"collection":[{"href":"https:\/\/ddt.lv\/lv\/wp-json\/wp\/v2\/product"}],"about":[{"href":"https:\/\/ddt.lv\/lv\/wp-json\/wp\/v2\/types\/product"}],"replies":[{"embeddable":true,"href":"https:\/\/ddt.lv\/lv\/wp-json\/wp\/v2\/comments?post=6603"}],"wp:featuredmedia":[{"embeddable":true,"href":"https:\/\/ddt.lv\/lv\/wp-json\/wp\/v2\/media\/9241"}],"wp:attachment":[{"href":"https:\/\/ddt.lv\/lv\/wp-json\/wp\/v2\/media?parent=6603"}],"wp:term":[{"taxonomy":"product_cat","embeddable":true,"href":"https:\/\/ddt.lv\/lv\/wp-json\/wp\/v2\/product_cat?post=6603"},{"taxonomy":"product_tag","embeddable":true,"href":"https:\/\/ddt.lv\/lv\/wp-json\/wp\/v2\/product_tag?post=6603"},{"taxonomy":"yst_prominent_words","embeddable":true,"href":"https:\/\/ddt.lv\/lv\/wp-json\/wp\/v2\/yst_prominent_words?post=6603"}],"curies":[{"name":"wp","href":"https:\/\/api.w.org\/{rel}","templated":true}]}}