{"id":6596,"date":"2019-10-28T08:38:34","date_gmt":"2019-10-28T06:38:34","guid":{"rendered":"https:\/\/ddt.lv\/product\/elektriskais-grils-3in1-onyx-unold\/"},"modified":"2026-04-01T00:12:46","modified_gmt":"2026-03-31T21:12:46","slug":"elektriskais-grils-3in1-onyx-unold","status":"publish","type":"product","link":"https:\/\/ddt.lv\/lv\/product\/elektriskais-grils-3in1-onyx-unold\/","title":{"rendered":"Elektriskais grils 3in1 Onyx UNOLD"},"content":{"rendered":"<p>Elektriskais grils 3 in 1 &#8211; tosteris, grils un vafe\u013cu panna vien\u0101!<\/p>\n<p>Grils apr\u012bkots ar main\u0101m\u0101m plat\u0113m, piel\u0101gojoties jebkur\u0101m J\u016bsu pras\u012bbam.<\/p>\n<p>\u013boti kompakts un jaud\u012bgs virtuves pal\u012bgs.<\/p>\n","protected":false},"excerpt":{"rendered":"<p>Elektriskais grils 3 in 1 &#8211; tosteris, grils un vafe\u013cu panna vien\u0101! Grils apr\u012bkots ar main\u0101m\u0101m plat\u0113m, piel\u0101gojoties jebkur\u0101m J\u016bsu pras\u012bbam. \u013boti kompakts un jaud\u012bgs virtuves pal\u012bgs.<\/p>\n","protected":false},"featured_media":9322,"comment_status":"closed","ping_status":"closed","template":"","meta":{"inline_featured_image":false},"product_cat":[772,533],"product_tag":[],"yst_prominent_words":[],"class_list":{"0":"post-6596","1":"product","2":"type-product","3":"status-publish","4":"has-post-thumbnail","6":"product_cat-atlaides","7":"product_cat-sildplates-galda-grili","9":"first","10":"instock","11":"sale","12":"taxable","13":"shipping-taxable","14":"purchasable","15":"product-type-simple"},"jetpack_sharing_enabled":true,"_links":{"self":[{"href":"https:\/\/ddt.lv\/lv\/wp-json\/wp\/v2\/product\/6596"}],"collection":[{"href":"https:\/\/ddt.lv\/lv\/wp-json\/wp\/v2\/product"}],"about":[{"href":"https:\/\/ddt.lv\/lv\/wp-json\/wp\/v2\/types\/product"}],"replies":[{"embeddable":true,"href":"https:\/\/ddt.lv\/lv\/wp-json\/wp\/v2\/comments?post=6596"}],"wp:featuredmedia":[{"embeddable":true,"href":"https:\/\/ddt.lv\/lv\/wp-json\/wp\/v2\/media\/9322"}],"wp:attachment":[{"href":"https:\/\/ddt.lv\/lv\/wp-json\/wp\/v2\/media?parent=6596"}],"wp:term":[{"taxonomy":"product_cat","embeddable":true,"href":"https:\/\/ddt.lv\/lv\/wp-json\/wp\/v2\/product_cat?post=6596"},{"taxonomy":"product_tag","embeddable":true,"href":"https:\/\/ddt.lv\/lv\/wp-json\/wp\/v2\/product_tag?post=6596"},{"taxonomy":"yst_prominent_words","embeddable":true,"href":"https:\/\/ddt.lv\/lv\/wp-json\/wp\/v2\/yst_prominent_words?post=6596"}],"curies":[{"name":"wp","href":"https:\/\/api.w.org\/{rel}","templated":true}]}}