{"id":6498,"date":"2019-10-28T08:38:24","date_gmt":"2019-10-28T06:38:24","guid":{"rendered":"https:\/\/ddt.lv\/product\/termometrs-ar-vadu3mara-un-iekstelpam-ar-displ-3xaaaemos\/"},"modified":"2026-04-22T08:32:12","modified_gmt":"2026-04-22T05:32:12","slug":"termometrs-ar-vadu3mara-un-iekstelpam-ar-displ-3xaaaemos","status":"publish","type":"product","link":"https:\/\/ddt.lv\/lv\/product\/termometrs-ar-vadu3mara-un-iekstelpam-ar-displ-3xaaaemos\/","title":{"rendered":"Termometrs ar vadu (3m )\u0101ra un iek\u0161telp\u0101m ar displeju (3xAAA) EMOS"},"content":{"rendered":"<p>Digit\u0101lais termometrs ar vada sensoru (3m) .<\/p>\n<p>Termometrs r\u0101da iek\u0161telpu\/\u0101ra temperat\u016bru, mitrumu iek\u0161telp\u0101s un zem\u0101ko un augst\u0101ko temperat\u016bru.<\/p>\n","protected":false},"excerpt":{"rendered":"<p>Digit\u0101lais termometrs ar vada sensoru (3m) . Termometrs r\u0101da iek\u0161telpu\/\u0101ra temperat\u016bru, mitrumu iek\u0161telp\u0101s un zem\u0101ko un augst\u0101ko temperat\u016bru.<\/p>\n","protected":false},"featured_media":16142,"comment_status":"closed","ping_status":"closed","template":"","meta":{"inline_featured_image":false},"product_cat":[541],"product_tag":[],"yst_prominent_words":[],"class_list":{"0":"post-6498","1":"product","2":"type-product","3":"status-publish","4":"has-post-thumbnail","6":"product_cat-termometri-meteostacijas","8":"first","9":"outofstock","10":"taxable","11":"shipping-taxable","12":"purchasable","13":"product-type-simple"},"jetpack_sharing_enabled":true,"_links":{"self":[{"href":"https:\/\/ddt.lv\/lv\/wp-json\/wp\/v2\/product\/6498"}],"collection":[{"href":"https:\/\/ddt.lv\/lv\/wp-json\/wp\/v2\/product"}],"about":[{"href":"https:\/\/ddt.lv\/lv\/wp-json\/wp\/v2\/types\/product"}],"replies":[{"embeddable":true,"href":"https:\/\/ddt.lv\/lv\/wp-json\/wp\/v2\/comments?post=6498"}],"wp:featuredmedia":[{"embeddable":true,"href":"https:\/\/ddt.lv\/lv\/wp-json\/wp\/v2\/media\/16142"}],"wp:attachment":[{"href":"https:\/\/ddt.lv\/lv\/wp-json\/wp\/v2\/media?parent=6498"}],"wp:term":[{"taxonomy":"product_cat","embeddable":true,"href":"https:\/\/ddt.lv\/lv\/wp-json\/wp\/v2\/product_cat?post=6498"},{"taxonomy":"product_tag","embeddable":true,"href":"https:\/\/ddt.lv\/lv\/wp-json\/wp\/v2\/product_tag?post=6498"},{"taxonomy":"yst_prominent_words","embeddable":true,"href":"https:\/\/ddt.lv\/lv\/wp-json\/wp\/v2\/yst_prominent_words?post=6498"}],"curies":[{"name":"wp","href":"https:\/\/api.w.org\/{rel}","templated":true}]}}