{"id":6383,"date":"2019-10-28T08:38:09","date_gmt":"2019-10-28T06:38:09","guid":{"rendered":"https:\/\/ddt.lv\/product\/matu-griezejs-unold-2\/"},"modified":"2026-04-01T00:12:00","modified_gmt":"2026-03-31T21:12:00","slug":"matu-griezejs-unold-2","status":"publish","type":"product","link":"https:\/\/ddt.lv\/lv\/product\/matu-griezejs-unold\/","title":{"rendered":"Matu griez\u0113js UNOLD"},"content":{"rendered":"<p>Ar matu + b\u0101rdas griez\u0113ju no Unold prec\u012bzas b\u0101rdas formas un \u0161iks \u012bsu matu griezums ir vienk\u0101r\u0161s uzdevums!<\/p>\n<p>Lielisks sabiedrotais esot ce\u013c\u0101, jo darbojas gan ar komplekt\u0101 eso\u0161o akumulatoru, gan ar pirksti\u0146u baterij\u0101m, t\u0101d\u0113j\u0101di taupot vietu som\u0101, atst\u0101jot uzl\u0101des staciju m\u0101j\u0101s.<\/p>\n","protected":false},"excerpt":{"rendered":"<p>Ar matu + b\u0101rdas griez\u0113ju no Unold prec\u012bzas b\u0101rdas formas un \u0161iks \u012bsu matu griezums ir vienk\u0101r\u0161s uzdevums! Lielisks sabiedrotais esot ce\u013c\u0101, jo darbojas gan ar komplekt\u0101 eso\u0161o akumulatoru, gan ar pirksti\u0146u baterij\u0101m, t\u0101d\u0113j\u0101di taupot vietu som\u0101, atst\u0101jot uzl\u0101des staciju m\u0101j\u0101s.<\/p>\n","protected":false},"featured_media":11815,"comment_status":"closed","ping_status":"closed","template":"","meta":{"inline_featured_image":false},"product_cat":[547],"product_tag":[],"yst_prominent_words":[],"class_list":{"0":"post-6383","1":"product","2":"type-product","3":"status-publish","4":"has-post-thumbnail","6":"product_cat-matu-bardas-trimmeri","8":"first","9":"outofstock","10":"taxable","11":"shipping-taxable","12":"purchasable","13":"product-type-simple"},"jetpack_sharing_enabled":true,"_links":{"self":[{"href":"https:\/\/ddt.lv\/lv\/wp-json\/wp\/v2\/product\/6383"}],"collection":[{"href":"https:\/\/ddt.lv\/lv\/wp-json\/wp\/v2\/product"}],"about":[{"href":"https:\/\/ddt.lv\/lv\/wp-json\/wp\/v2\/types\/product"}],"replies":[{"embeddable":true,"href":"https:\/\/ddt.lv\/lv\/wp-json\/wp\/v2\/comments?post=6383"}],"wp:featuredmedia":[{"embeddable":true,"href":"https:\/\/ddt.lv\/lv\/wp-json\/wp\/v2\/media\/11815"}],"wp:attachment":[{"href":"https:\/\/ddt.lv\/lv\/wp-json\/wp\/v2\/media?parent=6383"}],"wp:term":[{"taxonomy":"product_cat","embeddable":true,"href":"https:\/\/ddt.lv\/lv\/wp-json\/wp\/v2\/product_cat?post=6383"},{"taxonomy":"product_tag","embeddable":true,"href":"https:\/\/ddt.lv\/lv\/wp-json\/wp\/v2\/product_tag?post=6383"},{"taxonomy":"yst_prominent_words","embeddable":true,"href":"https:\/\/ddt.lv\/lv\/wp-json\/wp\/v2\/yst_prominent_words?post=6383"}],"curies":[{"name":"wp","href":"https:\/\/api.w.org\/{rel}","templated":true}]}}