{"id":6381,"date":"2019-10-28T08:38:08","date_gmt":"2019-10-28T06:38:08","guid":{"rendered":"https:\/\/ddt.lv\/product\/matu-taisnotajs-mini-black-unold\/"},"modified":"2021-05-15T13:10:26","modified_gmt":"2021-05-15T10:10:26","slug":"matu-taisnotajs-mini-black-unold","status":"publish","type":"product","link":"https:\/\/ddt.lv\/lv\/product\/matu-taisnotajs-mini-black-unold\/","title":{"rendered":"Matu taisnot\u0101js Mini Black UNOLD"},"content":{"rendered":"<p>Kompakts un pietieko\u0161i sp\u0113j\u012bgs matu taisnot\u0101js Mini no Unold.<\/p>\n<p>Autom\u0101tiska piel\u0101go\u0161an\u0101s no 110 uz 240V, nodro\u0161inot lieto\u0161anu jebkur\u0101 pasaules mal\u0101!<\/p>\n<p>Komplekt\u0101 &#8211; uzglab\u0101\u0161anas soma un v\u0101ci\u0146\u0161.<\/p>\n","protected":false},"excerpt":{"rendered":"<p>Kompakts un pietieko\u0161i sp\u0113j\u012bgs matu taisnot\u0101js Mini no Unold. Autom\u0101tiska piel\u0101go\u0161an\u0101s no 110 uz 240V, nodro\u0161inot lieto\u0161anu jebkur\u0101 pasaules mal\u0101! Komplekt\u0101 &#8211; uzglab\u0101\u0161anas soma un v\u0101ci\u0146\u0161.<\/p>\n","protected":false},"featured_media":11834,"comment_status":"closed","ping_status":"closed","template":"","meta":{"inline_featured_image":false},"product_cat":[521,544,546],"product_tag":[],"yst_prominent_words":[],"class_list":{"0":"post-6381","1":"product","2":"type-product","3":"status-publish","4":"has-post-thumbnail","6":"product_cat-sadzives-tehnika","7":"product_cat-skaistumam","8":"product_cat-matu-taisnotaji","10":"first","11":"outofstock","12":"taxable","13":"shipping-taxable","14":"purchasable","15":"product-type-simple"},"jetpack_sharing_enabled":true,"_links":{"self":[{"href":"https:\/\/ddt.lv\/lv\/wp-json\/wp\/v2\/product\/6381"}],"collection":[{"href":"https:\/\/ddt.lv\/lv\/wp-json\/wp\/v2\/product"}],"about":[{"href":"https:\/\/ddt.lv\/lv\/wp-json\/wp\/v2\/types\/product"}],"replies":[{"embeddable":true,"href":"https:\/\/ddt.lv\/lv\/wp-json\/wp\/v2\/comments?post=6381"}],"wp:featuredmedia":[{"embeddable":true,"href":"https:\/\/ddt.lv\/lv\/wp-json\/wp\/v2\/media\/11834"}],"wp:attachment":[{"href":"https:\/\/ddt.lv\/lv\/wp-json\/wp\/v2\/media?parent=6381"}],"wp:term":[{"taxonomy":"product_cat","embeddable":true,"href":"https:\/\/ddt.lv\/lv\/wp-json\/wp\/v2\/product_cat?post=6381"},{"taxonomy":"product_tag","embeddable":true,"href":"https:\/\/ddt.lv\/lv\/wp-json\/wp\/v2\/product_tag?post=6381"},{"taxonomy":"yst_prominent_words","embeddable":true,"href":"https:\/\/ddt.lv\/lv\/wp-json\/wp\/v2\/yst_prominent_words?post=6381"}],"curies":[{"name":"wp","href":"https:\/\/api.w.org\/{rel}","templated":true}]}}