{"id":6346,"date":"2019-10-28T08:38:05","date_gmt":"2019-10-28T06:38:05","guid":{"rendered":"https:\/\/ddt.lv\/product\/4922-2-9v-baterija-high-energy-spo-alkaline-varta\/"},"modified":"2026-04-08T14:31:49","modified_gmt":"2026-04-08T11:31:49","slug":"4922-2-9v-baterija-high-energy-spo-alkaline-varta","status":"publish","type":"product","link":"https:\/\/ddt.lv\/lv\/product\/4922-2-9v-baterija-high-energy-spo-alkaline-varta\/","title":{"rendered":"4922\/2 9V baterijas VARTA Longlife Power Alkaline 2gb."},"content":{"rendered":"<p>VARTA Longlife Power ir jaud\u012bg\u0101k\u0101s no VARTA s\u0101rma baterij\u0101m. Izstr\u0101d\u0101ts \u012bpa\u0161i ier\u012bc\u0113m ar augstu ener\u0123ijas pat\u0113ri\u0146u,\u00a0piem\u0113ram, rota\u013cliet\u0101m, audio iek\u0101rt\u0101m, LED luktur\u012b\u0161iem un datorier\u012bc\u0113m.<\/p>","protected":false},"excerpt":{"rendered":"<p>VARTA Longlife Power ir jaud\u012bg\u0101k\u0101s no VARTA s\u0101rma baterij\u0101m. Izstr\u0101d\u0101ts \u012bpa\u0161i ier\u012bc\u0113m ar augstu ener\u0123ijas pat\u0113ri\u0146u,\u00a0piem\u0113ram, rota\u013cliet\u0101m, audio iek\u0101rt\u0101m, LED luktur\u012b\u0161iem un datorier\u012bc\u0113m.<\/p>\n","protected":false},"featured_media":33984,"comment_status":"closed","ping_status":"closed","template":"","meta":{"inline_featured_image":false},"product_cat":[772,446],"product_tag":[],"yst_prominent_words":[],"class_list":{"0":"post-6346","1":"product","2":"type-product","3":"status-publish","4":"has-post-thumbnail","6":"product_cat-atlaides","7":"product_cat-9v","9":"first","10":"instock","11":"sale","12":"taxable","13":"shipping-taxable","14":"purchasable","15":"product-type-simple"},"jetpack_sharing_enabled":true,"_links":{"self":[{"href":"https:\/\/ddt.lv\/lv\/wp-json\/wp\/v2\/product\/6346"}],"collection":[{"href":"https:\/\/ddt.lv\/lv\/wp-json\/wp\/v2\/product"}],"about":[{"href":"https:\/\/ddt.lv\/lv\/wp-json\/wp\/v2\/types\/product"}],"replies":[{"embeddable":true,"href":"https:\/\/ddt.lv\/lv\/wp-json\/wp\/v2\/comments?post=6346"}],"wp:featuredmedia":[{"embeddable":true,"href":"https:\/\/ddt.lv\/lv\/wp-json\/wp\/v2\/media\/33984"}],"wp:attachment":[{"href":"https:\/\/ddt.lv\/lv\/wp-json\/wp\/v2\/media?parent=6346"}],"wp:term":[{"taxonomy":"product_cat","embeddable":true,"href":"https:\/\/ddt.lv\/lv\/wp-json\/wp\/v2\/product_cat?post=6346"},{"taxonomy":"product_tag","embeddable":true,"href":"https:\/\/ddt.lv\/lv\/wp-json\/wp\/v2\/product_tag?post=6346"},{"taxonomy":"yst_prominent_words","embeddable":true,"href":"https:\/\/ddt.lv\/lv\/wp-json\/wp\/v2\/yst_prominent_words?post=6346"}],"curies":[{"name":"wp","href":"https:\/\/api.w.org\/{rel}","templated":true}]}}