{"id":6239,"date":"2019-10-28T08:37:44","date_gmt":"2019-10-28T06:37:44","guid":{"rendered":"https:\/\/ddt.lv\/product\/virtuves-masina-chef-unold\/"},"modified":"2026-04-08T14:31:35","modified_gmt":"2026-04-08T11:31:35","slug":"virtuves-masina-chef-unold","status":"publish","type":"product","link":"https:\/\/ddt.lv\/lv\/product\/virtuves-masina-chef-unold\/","title":{"rendered":"Virtuves ma\u0161\u012bna Chef UNOLD"},"content":{"rendered":"<p>Kompakts dizains, \u0113rts uzglab\u0101\u0161anai. Stikla mais\u012b\u0161anas trauks ar tilpumu 4 litri, v\u0101ks ar bajonetes stiprin\u0101jumu piederumiem, 10 \u0101truma pak\u0101pes, planet\u0101rs mikseris, T-veida jauk\u0161anas \u0101\u0137is un m\u012bklas \u0101\u0137is izgatavoti no liet\u0101 alum\u012bnija, atvere trauka v\u0101k\u0101 produktu papildin\u0101\u0161anai. Viegli izjaucams un \u0113\u0157ti kopjams!<\/p>\n","protected":false},"excerpt":{"rendered":"<p>Kompakts dizains, \u0113rts uzglab\u0101\u0161anai. Stikla mais\u012b\u0161anas trauks ar tilpumu 4 litri, v\u0101ks ar bajonetes stiprin\u0101jumu piederumiem, 10 \u0101truma pak\u0101pes, planet\u0101rs mikseris, T-veida jauk\u0161anas \u0101\u0137is un m\u012bklas \u0101\u0137is izgatavoti no liet\u0101 alum\u012bnija, atvere trauka v\u0101k\u0101 produktu papildin\u0101\u0161anai. Viegli izjaucams un \u0113\u0157ti kopjams!<\/p>\n","protected":false},"featured_media":11883,"comment_status":"closed","ping_status":"closed","template":"","meta":{"inline_featured_image":false},"product_cat":[772,529],"product_tag":[],"yst_prominent_words":[],"class_list":{"0":"post-6239","1":"product","2":"type-product","3":"status-publish","4":"has-post-thumbnail","6":"product_cat-atlaides","7":"product_cat-virtuves-masinas","9":"first","10":"instock","11":"sale","12":"taxable","13":"shipping-taxable","14":"purchasable","15":"product-type-simple"},"jetpack_sharing_enabled":true,"_links":{"self":[{"href":"https:\/\/ddt.lv\/lv\/wp-json\/wp\/v2\/product\/6239"}],"collection":[{"href":"https:\/\/ddt.lv\/lv\/wp-json\/wp\/v2\/product"}],"about":[{"href":"https:\/\/ddt.lv\/lv\/wp-json\/wp\/v2\/types\/product"}],"replies":[{"embeddable":true,"href":"https:\/\/ddt.lv\/lv\/wp-json\/wp\/v2\/comments?post=6239"}],"wp:featuredmedia":[{"embeddable":true,"href":"https:\/\/ddt.lv\/lv\/wp-json\/wp\/v2\/media\/11883"}],"wp:attachment":[{"href":"https:\/\/ddt.lv\/lv\/wp-json\/wp\/v2\/media?parent=6239"}],"wp:term":[{"taxonomy":"product_cat","embeddable":true,"href":"https:\/\/ddt.lv\/lv\/wp-json\/wp\/v2\/product_cat?post=6239"},{"taxonomy":"product_tag","embeddable":true,"href":"https:\/\/ddt.lv\/lv\/wp-json\/wp\/v2\/product_tag?post=6239"},{"taxonomy":"yst_prominent_words","embeddable":true,"href":"https:\/\/ddt.lv\/lv\/wp-json\/wp\/v2\/yst_prominent_words?post=6239"}],"curies":[{"name":"wp","href":"https:\/\/api.w.org\/{rel}","templated":true}]}}