{"id":6237,"date":"2019-10-28T08:37:44","date_gmt":"2019-10-28T06:37:44","guid":{"rendered":"https:\/\/ddt.lv\/product\/elektriska-pankuku-panna-crepes-maker-pro-unold\/"},"modified":"2026-04-08T14:31:35","modified_gmt":"2026-04-08T11:31:35","slug":"elektriska-pankuku-panna-crepes-maker-pro-unold","status":"publish","type":"product","link":"https:\/\/ddt.lv\/lv\/product\/elektriska-pankuku-panna-crepes-maker-pro-unold\/","title":{"rendered":"Pank\u016bku panna Crepes Maker PRO UNOLD"},"content":{"rendered":"<p>\u2018Crepes maker\u2019 pank\u016bku panna ir apvelt\u012bta ar 33cm lielu virsmas diametru un augstas kvalit\u0101tes nel\u012bpo\u0161u p\u0101rkl\u0101jumu.<\/p>\n<p>Komplekt\u0101 ietilpst: no\u0146emams str\u0101vas vads, m\u012bklas l\u0101psti\u0146a, un l\u0101psti\u0146a pank\u016bku no\u0146em\u0161anai.<\/p>\n<p>Papildus lieto\u0161anas instrukcijai atrad\u012bsiet recep\u0161u gr\u0101mati\u0146u gard\u0101m idej\u0101m!<\/p>\n","protected":false},"excerpt":{"rendered":"<p>\u2018Crepes maker\u2019 pank\u016bku panna ir apvelt\u012bta ar 33cm lielu virsmas diametru un augstas kvalit\u0101tes nel\u012bpo\u0161u p\u0101rkl\u0101jumu. Komplekt\u0101 ietilpst: no\u0146emams str\u0101vas vads, m\u012bklas l\u0101psti\u0146a, un l\u0101psti\u0146a pank\u016bku no\u0146em\u0161anai. Papildus lieto\u0161anas instrukcijai atrad\u012bsiet recep\u0161u gr\u0101mati\u0146u gard\u0101m idej\u0101m!<\/p>\n","protected":false},"featured_media":11894,"comment_status":"closed","ping_status":"closed","template":"","meta":{"inline_featured_image":false},"product_cat":[772,532],"product_tag":[],"yst_prominent_words":[],"class_list":{"0":"post-6237","1":"product","2":"type-product","3":"status-publish","4":"has-post-thumbnail","6":"product_cat-atlaides","7":"product_cat-vafelu-pankuku-pannas","9":"first","10":"instock","11":"sale","12":"taxable","13":"shipping-taxable","14":"purchasable","15":"product-type-simple"},"jetpack_sharing_enabled":true,"_links":{"self":[{"href":"https:\/\/ddt.lv\/lv\/wp-json\/wp\/v2\/product\/6237"}],"collection":[{"href":"https:\/\/ddt.lv\/lv\/wp-json\/wp\/v2\/product"}],"about":[{"href":"https:\/\/ddt.lv\/lv\/wp-json\/wp\/v2\/types\/product"}],"replies":[{"embeddable":true,"href":"https:\/\/ddt.lv\/lv\/wp-json\/wp\/v2\/comments?post=6237"}],"wp:featuredmedia":[{"embeddable":true,"href":"https:\/\/ddt.lv\/lv\/wp-json\/wp\/v2\/media\/11894"}],"wp:attachment":[{"href":"https:\/\/ddt.lv\/lv\/wp-json\/wp\/v2\/media?parent=6237"}],"wp:term":[{"taxonomy":"product_cat","embeddable":true,"href":"https:\/\/ddt.lv\/lv\/wp-json\/wp\/v2\/product_cat?post=6237"},{"taxonomy":"product_tag","embeddable":true,"href":"https:\/\/ddt.lv\/lv\/wp-json\/wp\/v2\/product_tag?post=6237"},{"taxonomy":"yst_prominent_words","embeddable":true,"href":"https:\/\/ddt.lv\/lv\/wp-json\/wp\/v2\/yst_prominent_words?post=6237"}],"curies":[{"name":"wp","href":"https:\/\/api.w.org\/{rel}","templated":true}]}}