{"id":6219,"date":"2019-10-28T08:37:39","date_gmt":"2019-10-28T06:37:39","guid":{"rendered":"https:\/\/ddt.lv\/product\/spiralgriezejs-zals-caurspidigsbalts-220-240v-unold\/"},"modified":"2026-04-06T10:51:30","modified_gmt":"2026-04-06T07:51:30","slug":"spiralgriezejs-zals-caurspidigsbalts-220-240v-unold","status":"publish","type":"product","link":"https:\/\/ddt.lv\/lv\/product\/spiralgriezejs-zals-caurspidigsbalts-220-240v-unold\/","title":{"rendered":"Spir\u0101\u013cu griez\u0113js d\u0101rze\u0146iem (za\u013c\u0161,balts) 220-240V UNOLD"},"content":{"rendered":"<p>Aug\u013ci, d\u0101rzeni un ve\u0123et\u0101ri \u0113dieni apet\u012bti raiso\u0161\u0101 izskat\u0101! \u2018Spiralizer\u2019 griez\u0113js sp\u0113j pagatavot ve\u0123et\u0101r\u0101s n\u016bdeles, sagriezt aug\u013cus un d\u0101rze\u0146us gan sal\u0101tiem, gan \u0113dienu dekor\u0101cijai. Komplekt\u0101 ietilpst \u010detri da\u017e\u0101da izm\u0113ra asme\u0146i, kuri p\u0101rv\u0113r\u0161 gan lielus, gan mazus aug\u013cus un d\u0101rze\u0146us spir\u0101l\u0113s un n\u016bdel\u0113s p\u0101ris sekund\u0113s.<\/p>\n<p>Papildus- recep\u0161u gr\u0101mati\u0146a gard\u0101m idej\u0101m!<\/p>\n","protected":false},"excerpt":{"rendered":"<p>Aug\u013ci, d\u0101rzeni un ve\u0123et\u0101ri \u0113dieni apet\u012bti raiso\u0161\u0101 izskat\u0101! \u2018Spiralizer\u2019 griez\u0113js sp\u0113j pagatavot ve\u0123et\u0101r\u0101s n\u016bdeles, sagriezt aug\u013cus un d\u0101rze\u0146us gan sal\u0101tiem, gan \u0113dienu dekor\u0101cijai. Komplekt\u0101 ietilpst \u010detri da\u017e\u0101da izm\u0113ra asme\u0146i, kuri p\u0101rv\u0113r\u0161 gan lielus, gan mazus aug\u013cus un d\u0101rze\u0146us spir\u0101l\u0113s un n\u016bdel\u0113s p\u0101ris sekund\u0113s. Papildus- recep\u0161u gr\u0101mati\u0146a gard\u0101m idej\u0101m!<\/p>\n","protected":false},"featured_media":11917,"comment_status":"closed","ping_status":"closed","template":"","meta":{"inline_featured_image":false},"product_cat":[524],"product_tag":[],"yst_prominent_words":[],"class_list":{"0":"post-6219","1":"product","2":"type-product","3":"status-publish","4":"has-post-thumbnail","6":"product_cat-virtuves-griezeji","8":"first","9":"instock","10":"taxable","11":"shipping-taxable","12":"purchasable","13":"product-type-simple"},"jetpack_sharing_enabled":true,"_links":{"self":[{"href":"https:\/\/ddt.lv\/lv\/wp-json\/wp\/v2\/product\/6219"}],"collection":[{"href":"https:\/\/ddt.lv\/lv\/wp-json\/wp\/v2\/product"}],"about":[{"href":"https:\/\/ddt.lv\/lv\/wp-json\/wp\/v2\/types\/product"}],"replies":[{"embeddable":true,"href":"https:\/\/ddt.lv\/lv\/wp-json\/wp\/v2\/comments?post=6219"}],"wp:featuredmedia":[{"embeddable":true,"href":"https:\/\/ddt.lv\/lv\/wp-json\/wp\/v2\/media\/11917"}],"wp:attachment":[{"href":"https:\/\/ddt.lv\/lv\/wp-json\/wp\/v2\/media?parent=6219"}],"wp:term":[{"taxonomy":"product_cat","embeddable":true,"href":"https:\/\/ddt.lv\/lv\/wp-json\/wp\/v2\/product_cat?post=6219"},{"taxonomy":"product_tag","embeddable":true,"href":"https:\/\/ddt.lv\/lv\/wp-json\/wp\/v2\/product_tag?post=6219"},{"taxonomy":"yst_prominent_words","embeddable":true,"href":"https:\/\/ddt.lv\/lv\/wp-json\/wp\/v2\/yst_prominent_words?post=6219"}],"curies":[{"name":"wp","href":"https:\/\/api.w.org\/{rel}","templated":true}]}}