{"id":6210,"date":"2019-10-28T08:37:37","date_gmt":"2019-10-28T06:37:37","guid":{"rendered":"https:\/\/ddt.lv\/product\/ag10-lr1130-1-5v-10bb-alkaline-agfaphoto\/"},"modified":"2026-04-14T15:46:11","modified_gmt":"2026-04-14T12:46:11","slug":"ag10-lr1130-1-5v-10bb-alkaline-agfaphoto","status":"publish","type":"product","link":"https:\/\/ddt.lv\/lv\/product\/ag10-lr1130-1-5v-10bb-alkaline-agfaphoto\/","title":{"rendered":"AG10 (LR1130) 1.5V baterijas AGFAPHOTO Alkaline 10gb."},"content":{"rendered":"<p>Baterijas no ra\u017eot\u0101ja AGFAPHOTO, piem\u0113rotas digit\u0101lajiem un analogiem pulkste\u0146iem, rota\u013cliet\u0101m, t\u0101lvad\u012bbas pult\u012bm un cit\u0101m ier\u012bc\u0113m.<\/p>\n","protected":false},"excerpt":{"rendered":"<p>Baterijas no ra\u017eot\u0101ja AGFAPHOTO, piem\u0113rotas digit\u0101lajiem un analogiem pulkste\u0146iem, rota\u013cliet\u0101m, t\u0101lvad\u012bbas pult\u012bm un cit\u0101m ier\u012bc\u0113m.<\/p>\n","protected":false},"featured_media":14966,"comment_status":"closed","ping_status":"closed","template":"","meta":{"inline_featured_image":false},"product_cat":[451],"product_tag":[],"yst_prominent_words":[],"class_list":{"0":"post-6210","1":"product","2":"type-product","3":"status-publish","4":"has-post-thumbnail","6":"product_cat-elektronics-baterijas","8":"first","9":"instock","10":"taxable","11":"shipping-taxable","12":"purchasable","13":"product-type-simple"},"jetpack_sharing_enabled":true,"_links":{"self":[{"href":"https:\/\/ddt.lv\/lv\/wp-json\/wp\/v2\/product\/6210"}],"collection":[{"href":"https:\/\/ddt.lv\/lv\/wp-json\/wp\/v2\/product"}],"about":[{"href":"https:\/\/ddt.lv\/lv\/wp-json\/wp\/v2\/types\/product"}],"replies":[{"embeddable":true,"href":"https:\/\/ddt.lv\/lv\/wp-json\/wp\/v2\/comments?post=6210"}],"wp:featuredmedia":[{"embeddable":true,"href":"https:\/\/ddt.lv\/lv\/wp-json\/wp\/v2\/media\/14966"}],"wp:attachment":[{"href":"https:\/\/ddt.lv\/lv\/wp-json\/wp\/v2\/media?parent=6210"}],"wp:term":[{"taxonomy":"product_cat","embeddable":true,"href":"https:\/\/ddt.lv\/lv\/wp-json\/wp\/v2\/product_cat?post=6210"},{"taxonomy":"product_tag","embeddable":true,"href":"https:\/\/ddt.lv\/lv\/wp-json\/wp\/v2\/product_tag?post=6210"},{"taxonomy":"yst_prominent_words","embeddable":true,"href":"https:\/\/ddt.lv\/lv\/wp-json\/wp\/v2\/yst_prominent_words?post=6210"}],"curies":[{"name":"wp","href":"https:\/\/api.w.org\/{rel}","templated":true}]}}