{"id":6175,"date":"2019-10-28T08:37:32","date_gmt":"2019-10-28T06:37:32","guid":{"rendered":"https:\/\/ddt.lv\/product\/indukcijas-plitina-dubulta-elegance-unold\/"},"modified":"2026-04-01T00:11:20","modified_gmt":"2026-03-31T21:11:20","slug":"indukcijas-plitina-dubulta-elegance-unold","status":"publish","type":"product","link":"https:\/\/ddt.lv\/lv\/product\/indukcijas-plitina-dubulta-elegance-unold\/","title":{"rendered":"Indukcijas pl\u012bts, divri\u0146\u0137u Elegance UNOLD"},"content":{"rendered":"<p>Lieliska indukcijas pl\u012bti\u0146a gan k\u0101 papildin\u0101jums cepe\u0161kr\u0101snij, gan k\u0101 neatkar\u012bga, pilnv\u0113rt\u012bga pl\u012bts neliel\u0101 virtuv\u0113!<\/p>\n<p>Pl\u012bts Elegance ir apvelt\u012bta ar diviem ri\u0146\u0137iem (2000w un 1500w) , nodro\u0161inot \u0101tru darb\u012bbu un ener\u0123ijas taup\u012bbu. Sader\u012bgs ar indukcijas virsm\u0101m draudz\u012bgiem traukiem, no 12-20cm diametr\u0101 lieliem.<\/p>\n<p>M\u016bsdien\u012bgs dizains &#8211; melns p\u0101rkl\u0101jums ar t\u0113rauda akcentiem!<\/p>\n<p>Abiem ri\u0146\u0137iem ir 6 karstuma iestat\u012bjumi, autom\u0101tiska trauka sader\u012bbas noteik\u0161ana un taimeris, kuru var iestat\u012bt lidz pat 180 min\u016bt\u0113m.<\/p>\n","protected":false},"excerpt":{"rendered":"<p>Lieliska indukcijas pl\u012bti\u0146a gan k\u0101 papildin\u0101jums cepe\u0161kr\u0101snij, gan k\u0101 neatkar\u012bga, pilnv\u0113rt\u012bga pl\u012bts neliel\u0101 virtuv\u0113! Pl\u012bts Elegance ir apvelt\u012bta ar diviem ri\u0146\u0137iem (2000w un 1500w) , nodro\u0161inot \u0101tru darb\u012bbu un ener\u0123ijas taup\u012bbu. Sader\u012bgs ar indukcijas virsm\u0101m draudz\u012bgiem traukiem, no 12-20cm diametr\u0101 lieliem. M\u016bsdien\u012bgs dizains &#8211; melns p\u0101rkl\u0101jums ar t\u0113rauda akcentiem! Abiem ri\u0146\u0137iem ir 6 karstuma iestat\u012bjumi, [&hellip;]<\/p>\n","protected":false},"featured_media":12178,"comment_status":"closed","ping_status":"closed","template":"","meta":{"inline_featured_image":false},"product_cat":[772,528],"product_tag":[],"yst_prominent_words":[],"class_list":{"0":"post-6175","1":"product","2":"type-product","3":"status-publish","4":"has-post-thumbnail","6":"product_cat-atlaides","7":"product_cat-indukcijas-virsmas","9":"first","10":"outofstock","11":"sale","12":"taxable","13":"shipping-taxable","14":"purchasable","15":"product-type-simple"},"jetpack_sharing_enabled":true,"_links":{"self":[{"href":"https:\/\/ddt.lv\/lv\/wp-json\/wp\/v2\/product\/6175"}],"collection":[{"href":"https:\/\/ddt.lv\/lv\/wp-json\/wp\/v2\/product"}],"about":[{"href":"https:\/\/ddt.lv\/lv\/wp-json\/wp\/v2\/types\/product"}],"replies":[{"embeddable":true,"href":"https:\/\/ddt.lv\/lv\/wp-json\/wp\/v2\/comments?post=6175"}],"wp:featuredmedia":[{"embeddable":true,"href":"https:\/\/ddt.lv\/lv\/wp-json\/wp\/v2\/media\/12178"}],"wp:attachment":[{"href":"https:\/\/ddt.lv\/lv\/wp-json\/wp\/v2\/media?parent=6175"}],"wp:term":[{"taxonomy":"product_cat","embeddable":true,"href":"https:\/\/ddt.lv\/lv\/wp-json\/wp\/v2\/product_cat?post=6175"},{"taxonomy":"product_tag","embeddable":true,"href":"https:\/\/ddt.lv\/lv\/wp-json\/wp\/v2\/product_tag?post=6175"},{"taxonomy":"yst_prominent_words","embeddable":true,"href":"https:\/\/ddt.lv\/lv\/wp-json\/wp\/v2\/yst_prominent_words?post=6175"}],"curies":[{"name":"wp","href":"https:\/\/api.w.org\/{rel}","templated":true}]}}