{"id":6173,"date":"2019-10-28T08:37:32","date_gmt":"2019-10-28T06:37:32","guid":{"rendered":"https:\/\/ddt.lv\/product\/vakuuma-iepakotajs-design-unold\/"},"modified":"2026-04-06T10:51:20","modified_gmt":"2026-04-06T07:51:20","slug":"vakuuma-iepakotajs-design-unold","status":"publish","type":"product","link":"https:\/\/ddt.lv\/lv\/product\/vakuuma-iepakotajs-design-unold\/","title":{"rendered":"Vakuuma iepakot\u0101js DESIGN UNOLD"},"content":{"rendered":"<p>P\u0101rtika vakuum\u0101 uzglab\u0101jas gandr\u012bz piecas reizes ilg\u0101k k\u0101 vienk\u0101r\u0161i to uzglab\u0101jot ledusskap\u012b. Ar Vakuuma iepakot\u0101ju Design pat \u012bpa\u0161i j\u016bt\u012bgu un mitru p\u0101rtiku iesp\u0113jams \u0113rti ievakum\u0113t, pateicoties ieb\u016bv\u0113tajam \u0161\u0137idruma sav\u0101c\u0113jam. Apr\u012bkots ar jaud\u012bgu s\u016bkni ( aptuveni 0.8 bar). Komplekt\u0101 ietilpst 5gb vakuuma maisi\u0146i, kurus var izmantot atk\u0101rtoti.<\/p>\n","protected":false},"excerpt":{"rendered":"<p>P\u0101rtika vakuum\u0101 uzglab\u0101jas gandr\u012bz piecas reizes ilg\u0101k k\u0101 vienk\u0101r\u0161i to uzglab\u0101jot ledusskap\u012b. Ar Vakuuma iepakot\u0101ju Design pat \u012bpa\u0161i j\u016bt\u012bgu un mitru p\u0101rtiku iesp\u0113jams \u0113rti ievakum\u0113t, pateicoties ieb\u016bv\u0113tajam \u0161\u0137idruma sav\u0101c\u0113jam. Apr\u012bkots ar jaud\u012bgu s\u016bkni ( aptuveni 0.8 bar). Komplekt\u0101 ietilpst 5gb vakuuma maisi\u0146i, kurus var izmantot atk\u0101rtoti.<\/p>\n","protected":false},"featured_media":12221,"comment_status":"closed","ping_status":"closed","template":"","meta":{"inline_featured_image":false},"product_cat":[534],"product_tag":[],"yst_prominent_words":[],"class_list":{"0":"post-6173","1":"product","2":"type-product","3":"status-publish","4":"has-post-thumbnail","6":"product_cat-dazadi","8":"first","9":"outofstock","10":"taxable","11":"shipping-taxable","12":"purchasable","13":"product-type-simple"},"jetpack_sharing_enabled":true,"_links":{"self":[{"href":"https:\/\/ddt.lv\/lv\/wp-json\/wp\/v2\/product\/6173"}],"collection":[{"href":"https:\/\/ddt.lv\/lv\/wp-json\/wp\/v2\/product"}],"about":[{"href":"https:\/\/ddt.lv\/lv\/wp-json\/wp\/v2\/types\/product"}],"replies":[{"embeddable":true,"href":"https:\/\/ddt.lv\/lv\/wp-json\/wp\/v2\/comments?post=6173"}],"wp:featuredmedia":[{"embeddable":true,"href":"https:\/\/ddt.lv\/lv\/wp-json\/wp\/v2\/media\/12221"}],"wp:attachment":[{"href":"https:\/\/ddt.lv\/lv\/wp-json\/wp\/v2\/media?parent=6173"}],"wp:term":[{"taxonomy":"product_cat","embeddable":true,"href":"https:\/\/ddt.lv\/lv\/wp-json\/wp\/v2\/product_cat?post=6173"},{"taxonomy":"product_tag","embeddable":true,"href":"https:\/\/ddt.lv\/lv\/wp-json\/wp\/v2\/product_tag?post=6173"},{"taxonomy":"yst_prominent_words","embeddable":true,"href":"https:\/\/ddt.lv\/lv\/wp-json\/wp\/v2\/yst_prominent_words?post=6173"}],"curies":[{"name":"wp","href":"https:\/\/api.w.org\/{rel}","templated":true}]}}