{"id":6143,"date":"2019-10-28T08:37:29","date_gmt":"2019-10-28T06:37:29","guid":{"rendered":"https:\/\/ddt.lv\/product\/elektriskais-grils-unold\/"},"modified":"2026-04-01T00:11:13","modified_gmt":"2026-03-31T21:11:13","slug":"elektriskais-grils-unold","status":"publish","type":"product","link":"https:\/\/ddt.lv\/lv\/product\/elektriskais-grils-unold\/","title":{"rendered":"Elektriskais grils Grill and Kebab UNOLD"},"content":{"rendered":"<p>Praktisks pal\u012bgs gan virtuv\u0113, gan br\u012bv\u0101 dab\u0101!<\/p>\n<p>Liela grila plate aug\u0161pus\u0113 ar regul\u0113jamu temperat\u016bru un 9 iesmi\u0146i apak\u0161\u0101 &#8211; gardam kebabam, zivju \u0113dieniem, sa\u0161likam vai d\u0101rze\u0146iem un saldajam!<\/p>\n<p>Gril\u0113\u0161anas virsma ir no\u0146emama, nodro\u0161inot \u0113rtu un vienk\u0101r\u0161u kop\u0161anu. Visas no\u0146emam\u0101s deta\u013cas ir mazg\u0101jamas ar\u012b trauku ma\u0161\u012bn\u0101.<\/p>\n","protected":false},"excerpt":{"rendered":"<p>Praktisks pal\u012bgs gan virtuv\u0113, gan br\u012bv\u0101 dab\u0101! Liela grila plate aug\u0161pus\u0113 ar regul\u0113jamu temperat\u016bru un 9 iesmi\u0146i apak\u0161\u0101 &#8211; gardam kebabam, zivju \u0113dieniem, sa\u0161likam vai d\u0101rze\u0146iem un saldajam! Gril\u0113\u0161anas virsma ir no\u0146emama, nodro\u0161inot \u0113rtu un vienk\u0101r\u0161u kop\u0161anu. Visas no\u0146emam\u0101s deta\u013cas ir mazg\u0101jamas ar\u012b trauku ma\u0161\u012bn\u0101.<\/p>\n","protected":false},"featured_media":12314,"comment_status":"closed","ping_status":"closed","template":"","meta":{"inline_featured_image":false},"product_cat":[1584,772],"product_tag":[],"yst_prominent_words":[],"class_list":{"0":"post-6143","1":"product","2":"type-product","3":"status-publish","4":"has-post-thumbnail","6":"product_cat-grilli-gazes-plitinas-degli","7":"product_cat-atlaides","9":"first","10":"instock","11":"sale","12":"taxable","13":"shipping-taxable","14":"purchasable","15":"product-type-simple"},"jetpack_sharing_enabled":true,"_links":{"self":[{"href":"https:\/\/ddt.lv\/lv\/wp-json\/wp\/v2\/product\/6143"}],"collection":[{"href":"https:\/\/ddt.lv\/lv\/wp-json\/wp\/v2\/product"}],"about":[{"href":"https:\/\/ddt.lv\/lv\/wp-json\/wp\/v2\/types\/product"}],"replies":[{"embeddable":true,"href":"https:\/\/ddt.lv\/lv\/wp-json\/wp\/v2\/comments?post=6143"}],"wp:featuredmedia":[{"embeddable":true,"href":"https:\/\/ddt.lv\/lv\/wp-json\/wp\/v2\/media\/12314"}],"wp:attachment":[{"href":"https:\/\/ddt.lv\/lv\/wp-json\/wp\/v2\/media?parent=6143"}],"wp:term":[{"taxonomy":"product_cat","embeddable":true,"href":"https:\/\/ddt.lv\/lv\/wp-json\/wp\/v2\/product_cat?post=6143"},{"taxonomy":"product_tag","embeddable":true,"href":"https:\/\/ddt.lv\/lv\/wp-json\/wp\/v2\/product_tag?post=6143"},{"taxonomy":"yst_prominent_words","embeddable":true,"href":"https:\/\/ddt.lv\/lv\/wp-json\/wp\/v2\/yst_prominent_words?post=6143"}],"curies":[{"name":"wp","href":"https:\/\/api.w.org\/{rel}","templated":true}]}}