{"id":6009,"date":"2019-10-28T08:37:13","date_gmt":"2019-10-28T06:37:13","guid":{"rendered":"https:\/\/ddt.lv\/product\/wmf-steika-piederumu-komplekts\/"},"modified":"2026-04-01T00:10:54","modified_gmt":"2026-03-31T21:10:54","slug":"wmf-steika-piederumu-komplekts","status":"publish","type":"product","link":"https:\/\/ddt.lv\/lv\/product\/wmf-steika-piederumu-komplekts\/","title":{"rendered":"WMF Steika piederumu komplekts"},"content":{"rendered":"<p>Lielisks piederumu komplekts kaisl\u012bgiem steika baud\u012bt\u0101jiem!<\/p>\n","protected":false},"excerpt":{"rendered":"<p>Lielisks piederumu komplekts kaisl\u012bgiem steika baud\u012bt\u0101jiem!<\/p>\n","protected":false},"featured_media":12387,"comment_status":"closed","ping_status":"closed","template":"","meta":{"inline_featured_image":false},"product_cat":[772,530],"product_tag":[],"yst_prominent_words":[],"class_list":{"0":"post-6009","1":"product","2":"type-product","3":"status-publish","4":"has-post-thumbnail","6":"product_cat-atlaides","7":"product_cat-piederumi-un-apkope","9":"first","10":"instock","11":"sale","12":"taxable","13":"shipping-taxable","14":"purchasable","15":"product-type-simple"},"jetpack_sharing_enabled":true,"_links":{"self":[{"href":"https:\/\/ddt.lv\/lv\/wp-json\/wp\/v2\/product\/6009"}],"collection":[{"href":"https:\/\/ddt.lv\/lv\/wp-json\/wp\/v2\/product"}],"about":[{"href":"https:\/\/ddt.lv\/lv\/wp-json\/wp\/v2\/types\/product"}],"replies":[{"embeddable":true,"href":"https:\/\/ddt.lv\/lv\/wp-json\/wp\/v2\/comments?post=6009"}],"wp:featuredmedia":[{"embeddable":true,"href":"https:\/\/ddt.lv\/lv\/wp-json\/wp\/v2\/media\/12387"}],"wp:attachment":[{"href":"https:\/\/ddt.lv\/lv\/wp-json\/wp\/v2\/media?parent=6009"}],"wp:term":[{"taxonomy":"product_cat","embeddable":true,"href":"https:\/\/ddt.lv\/lv\/wp-json\/wp\/v2\/product_cat?post=6009"},{"taxonomy":"product_tag","embeddable":true,"href":"https:\/\/ddt.lv\/lv\/wp-json\/wp\/v2\/product_tag?post=6009"},{"taxonomy":"yst_prominent_words","embeddable":true,"href":"https:\/\/ddt.lv\/lv\/wp-json\/wp\/v2\/yst_prominent_words?post=6009"}],"curies":[{"name":"wp","href":"https:\/\/api.w.org\/{rel}","templated":true}]}}