{"id":5967,"date":"2019-10-28T08:37:07","date_gmt":"2019-10-28T06:37:07","guid":{"rendered":"https:\/\/ddt.lv\/product\/58399-2-aa-baterija-phone-accu-1600mah-varta\/"},"modified":"2026-04-01T00:10:51","modified_gmt":"2026-03-31T21:10:51","slug":"58399-2-aa-baterija-phone-accu-1600mah-varta","status":"publish","type":"product","link":"https:\/\/ddt.lv\/lv\/product\/58399-2-aa-baterija-phone-accu-1600mah-varta\/","title":{"rendered":"58399\/2 AA baterijas l\u0101d\u0113jamas VARTA Accu Phone 1600mAh 2gb."},"content":{"rendered":"<p>Varta Phone l\u0101d\u0113jam\u0101s baterijas ir \u012bpa\u0161i veidotas maksim\u0101li lab\u0101kajam rezult\u0101tam lieto\u0161anai bezvadu m\u0101jas telefonos.<\/p>\n","protected":false},"excerpt":{"rendered":"<p>Varta Phone l\u0101d\u0113jam\u0101s baterijas ir \u012bpa\u0161i veidotas maksim\u0101li lab\u0101kajam rezult\u0101tam lieto\u0161anai bezvadu m\u0101jas telefonos.<\/p>\n","protected":false},"featured_media":14776,"comment_status":"closed","ping_status":"closed","template":"","meta":{"inline_featured_image":false},"product_cat":[441],"product_tag":[],"yst_prominent_words":[],"class_list":{"0":"post-5967","1":"product","2":"type-product","3":"status-publish","4":"has-post-thumbnail","6":"product_cat-aa","8":"first","9":"instock","10":"taxable","11":"shipping-taxable","12":"purchasable","13":"product-type-simple"},"jetpack_sharing_enabled":true,"_links":{"self":[{"href":"https:\/\/ddt.lv\/lv\/wp-json\/wp\/v2\/product\/5967"}],"collection":[{"href":"https:\/\/ddt.lv\/lv\/wp-json\/wp\/v2\/product"}],"about":[{"href":"https:\/\/ddt.lv\/lv\/wp-json\/wp\/v2\/types\/product"}],"replies":[{"embeddable":true,"href":"https:\/\/ddt.lv\/lv\/wp-json\/wp\/v2\/comments?post=5967"}],"wp:featuredmedia":[{"embeddable":true,"href":"https:\/\/ddt.lv\/lv\/wp-json\/wp\/v2\/media\/14776"}],"wp:attachment":[{"href":"https:\/\/ddt.lv\/lv\/wp-json\/wp\/v2\/media?parent=5967"}],"wp:term":[{"taxonomy":"product_cat","embeddable":true,"href":"https:\/\/ddt.lv\/lv\/wp-json\/wp\/v2\/product_cat?post=5967"},{"taxonomy":"product_tag","embeddable":true,"href":"https:\/\/ddt.lv\/lv\/wp-json\/wp\/v2\/product_tag?post=5967"},{"taxonomy":"yst_prominent_words","embeddable":true,"href":"https:\/\/ddt.lv\/lv\/wp-json\/wp\/v2\/yst_prominent_words?post=5967"}],"curies":[{"name":"wp","href":"https:\/\/api.w.org\/{rel}","templated":true}]}}