{"id":5938,"date":"2019-10-28T08:37:03","date_gmt":"2019-10-28T06:37:03","guid":{"rendered":"https:\/\/ddt.lv\/product\/udens-varitajs-1-0l-balts-unold\/"},"modified":"2021-05-15T13:11:40","modified_gmt":"2021-05-15T10:11:40","slug":"udens-varitajs-1-0l-balts-unold","status":"publish","type":"product","link":"https:\/\/ddt.lv\/lv\/product\/udens-varitajs-1-0l-balts-unold\/","title":{"rendered":"Elektrisk\u0101 t\u0113jkanna Unold White, 1.0l"},"content":{"rendered":"<p>Lieliska dizaina t\u0113jkanna, kura ieder\u0113sies jebkur\u0101 virtuv\u0113!<\/p>\n<p>Dubult\u0101 ner\u016bs\u0113jo\u0161\u0101 t\u0113rauda siena nodro\u0161ina v\u0101ro\u0161i karstu \u016bdeni iek\u0161pus\u0113, un v\u0113su piesk\u0101rienu \u0101rpus\u0113!<\/p>\n<p>Liela atvere \u0113rtai t\u012br\u012b\u0161anai.<\/p>\n","protected":false},"excerpt":{"rendered":"<p>Lieliska dizaina t\u0113jkanna, kura ieder\u0113sies jebkur\u0101 virtuv\u0113! Dubult\u0101 ner\u016bs\u0113jo\u0161\u0101 t\u0113rauda siena nodro\u0161ina v\u0101ro\u0161i karstu \u016bdeni iek\u0161pus\u0113, un v\u0113su piesk\u0101rienu \u0101rpus\u0113! Liela atvere \u0113rtai t\u012br\u012b\u0161anai.<\/p>\n","protected":false},"featured_media":12410,"comment_status":"closed","ping_status":"closed","template":"","meta":{"inline_featured_image":false},"product_cat":[521,522,523],"product_tag":[],"yst_prominent_words":[],"class_list":{"0":"post-5938","1":"product","2":"type-product","3":"status-publish","4":"has-post-thumbnail","6":"product_cat-sadzives-tehnika","7":"product_cat-virtuves-tehnika","8":"product_cat-tejkannas-kafijas-automati","10":"first","11":"outofstock","12":"taxable","13":"shipping-taxable","14":"purchasable","15":"product-type-simple"},"jetpack_sharing_enabled":true,"_links":{"self":[{"href":"https:\/\/ddt.lv\/lv\/wp-json\/wp\/v2\/product\/5938"}],"collection":[{"href":"https:\/\/ddt.lv\/lv\/wp-json\/wp\/v2\/product"}],"about":[{"href":"https:\/\/ddt.lv\/lv\/wp-json\/wp\/v2\/types\/product"}],"replies":[{"embeddable":true,"href":"https:\/\/ddt.lv\/lv\/wp-json\/wp\/v2\/comments?post=5938"}],"wp:featuredmedia":[{"embeddable":true,"href":"https:\/\/ddt.lv\/lv\/wp-json\/wp\/v2\/media\/12410"}],"wp:attachment":[{"href":"https:\/\/ddt.lv\/lv\/wp-json\/wp\/v2\/media?parent=5938"}],"wp:term":[{"taxonomy":"product_cat","embeddable":true,"href":"https:\/\/ddt.lv\/lv\/wp-json\/wp\/v2\/product_cat?post=5938"},{"taxonomy":"product_tag","embeddable":true,"href":"https:\/\/ddt.lv\/lv\/wp-json\/wp\/v2\/product_tag?post=5938"},{"taxonomy":"yst_prominent_words","embeddable":true,"href":"https:\/\/ddt.lv\/lv\/wp-json\/wp\/v2\/yst_prominent_words?post=5938"}],"curies":[{"name":"wp","href":"https:\/\/api.w.org\/{rel}","templated":true}]}}