{"id":5891,"date":"2019-10-28T08:36:56","date_gmt":"2019-10-28T06:36:56","guid":{"rendered":"https:\/\/ddt.lv\/product\/4120-2-d-baterija-energy-alkaline-varta\/"},"modified":"2026-04-08T14:30:33","modified_gmt":"2026-04-08T11:30:33","slug":"4120-2-d-baterija-energy-alkaline-varta","status":"publish","type":"product","link":"https:\/\/ddt.lv\/lv\/product\/4120-2-d-baterija-energy-alkaline-varta\/","title":{"rendered":"4120\/2 D baterijas VARTA Energy Alkaline 2gb."},"content":{"rendered":"<p>Energy \u2013 Standarta Alkaline bateriju s\u0113rija, lieliski piem\u0113rota ikdienas vajadz\u012bbam, piem\u0113ram, TV pult\u012bm, sienas pulkste\u0146iem.<\/p>\n","protected":false},"excerpt":{"rendered":"<p>Energy \u2013 Standarta Alkaline bateriju s\u0113rija, lieliski piem\u0113rota ikdienas vajadz\u012bbam, piem\u0113ram, TV pult\u012bm, sienas pulkste\u0146iem.<\/p>\n","protected":false},"featured_media":33359,"comment_status":"closed","ping_status":"closed","template":"","meta":{"inline_featured_image":false},"product_cat":[772,444],"product_tag":[],"yst_prominent_words":[],"class_list":{"0":"post-5891","1":"product","2":"type-product","3":"status-publish","4":"has-post-thumbnail","6":"product_cat-atlaides","7":"product_cat-d","9":"first","10":"instock","11":"sale","12":"taxable","13":"shipping-taxable","14":"purchasable","15":"product-type-simple"},"jetpack_sharing_enabled":true,"_links":{"self":[{"href":"https:\/\/ddt.lv\/lv\/wp-json\/wp\/v2\/product\/5891"}],"collection":[{"href":"https:\/\/ddt.lv\/lv\/wp-json\/wp\/v2\/product"}],"about":[{"href":"https:\/\/ddt.lv\/lv\/wp-json\/wp\/v2\/types\/product"}],"replies":[{"embeddable":true,"href":"https:\/\/ddt.lv\/lv\/wp-json\/wp\/v2\/comments?post=5891"}],"wp:featuredmedia":[{"embeddable":true,"href":"https:\/\/ddt.lv\/lv\/wp-json\/wp\/v2\/media\/33359"}],"wp:attachment":[{"href":"https:\/\/ddt.lv\/lv\/wp-json\/wp\/v2\/media?parent=5891"}],"wp:term":[{"taxonomy":"product_cat","embeddable":true,"href":"https:\/\/ddt.lv\/lv\/wp-json\/wp\/v2\/product_cat?post=5891"},{"taxonomy":"product_tag","embeddable":true,"href":"https:\/\/ddt.lv\/lv\/wp-json\/wp\/v2\/product_tag?post=5891"},{"taxonomy":"yst_prominent_words","embeddable":true,"href":"https:\/\/ddt.lv\/lv\/wp-json\/wp\/v2\/yst_prominent_words?post=5891"}],"curies":[{"name":"wp","href":"https:\/\/api.w.org\/{rel}","templated":true}]}}