{"id":5881,"date":"2019-10-28T08:36:55","date_gmt":"2019-10-28T06:36:55","guid":{"rendered":"https:\/\/ddt.lv\/product\/dur-v13at-6-1-4v-baterija-activair-bl6\/"},"modified":"2026-04-03T13:42:09","modified_gmt":"2026-04-03T10:42:09","slug":"dur-v13at-6-1-4v-baterija-activair-bl6","status":"publish","type":"product","link":"https:\/\/ddt.lv\/lv\/product\/dur-v13at-6-1-4v-baterija-activair-bl6\/","title":{"rendered":"DUR V13AT\/6 baterijas dzirdes apar\u0101tiem Duracell 1.4V Activair V13AT 6gb."},"content":{"rendered":"<p>Duracell Activair ir jaud\u012bgas dzirdes apar\u0101tu baterijas ar ilgu glab\u0101\u0161anas laiku, pateicoties \u0113rtajam iepakojumam.<\/p>\n","protected":false},"excerpt":{"rendered":"<p>Duracell Activair ir jaud\u012bgas dzirdes apar\u0101tu baterijas ar ilgu glab\u0101\u0161anas laiku, pateicoties \u0113rtajam iepakojumam.<\/p>\n","protected":false},"featured_media":14614,"comment_status":"closed","ping_status":"closed","template":"","meta":{"inline_featured_image":false},"product_cat":[772,448],"product_tag":[],"yst_prominent_words":[],"class_list":{"0":"post-5881","1":"product","2":"type-product","3":"status-publish","4":"has-post-thumbnail","6":"product_cat-atlaides","7":"product_cat-dzirdes-aparatiem","9":"first","10":"outofstock","11":"sale","12":"taxable","13":"shipping-taxable","14":"purchasable","15":"product-type-simple"},"jetpack_sharing_enabled":true,"_links":{"self":[{"href":"https:\/\/ddt.lv\/lv\/wp-json\/wp\/v2\/product\/5881"}],"collection":[{"href":"https:\/\/ddt.lv\/lv\/wp-json\/wp\/v2\/product"}],"about":[{"href":"https:\/\/ddt.lv\/lv\/wp-json\/wp\/v2\/types\/product"}],"replies":[{"embeddable":true,"href":"https:\/\/ddt.lv\/lv\/wp-json\/wp\/v2\/comments?post=5881"}],"wp:featuredmedia":[{"embeddable":true,"href":"https:\/\/ddt.lv\/lv\/wp-json\/wp\/v2\/media\/14614"}],"wp:attachment":[{"href":"https:\/\/ddt.lv\/lv\/wp-json\/wp\/v2\/media?parent=5881"}],"wp:term":[{"taxonomy":"product_cat","embeddable":true,"href":"https:\/\/ddt.lv\/lv\/wp-json\/wp\/v2\/product_cat?post=5881"},{"taxonomy":"product_tag","embeddable":true,"href":"https:\/\/ddt.lv\/lv\/wp-json\/wp\/v2\/product_tag?post=5881"},{"taxonomy":"yst_prominent_words","embeddable":true,"href":"https:\/\/ddt.lv\/lv\/wp-json\/wp\/v2\/yst_prominent_words?post=5881"}],"curies":[{"name":"wp","href":"https:\/\/api.w.org\/{rel}","templated":true}]}}