{"id":5823,"date":"2019-10-28T08:36:49","date_gmt":"2019-10-28T06:36:49","guid":{"rendered":"https:\/\/ddt.lv\/product\/bezvadu-zvans-balts-52-melod-emos\/"},"modified":"2026-04-13T09:48:08","modified_gmt":"2026-04-13T06:48:08","slug":"bezvadu-zvans-balts-52-melod-emos","status":"publish","type":"product","link":"https:\/\/ddt.lv\/lv\/product\/bezvadu-zvans-balts-52-melod-emos\/","title":{"rendered":"Bezvadu durvju zvans balts, 52 melodijas EMOS"},"content":{"rendered":"<div class=\"row product-tabs-row\">\n<div class=\"col-xs-12\">\n<div>\n<div class=\"tab-content\">\n<div id=\"product_full_description\" class=\"tab-pane active\" role=\"tabpanel\">Uzticams durvju zvans, kas piem\u0113rots m\u0101j\u0101m, dz\u012bvok\u013ciem vai birojiem. \u0112rts lieto\u0161an\u0101!<\/div>\n<\/div>\n<\/div>\n<\/div>\n<\/div>\n","protected":false},"excerpt":{"rendered":"<p>Uzticams durvju zvans, kas piem\u0113rots m\u0101j\u0101m, dz\u012bvok\u013ciem vai birojiem. \u0112rts lieto\u0161an\u0101!<\/p>\n","protected":false},"featured_media":16259,"comment_status":"closed","ping_status":"closed","template":"","meta":{"inline_featured_image":false},"product_cat":[543],"product_tag":[],"yst_prominent_words":[],"class_list":{"0":"post-5823","1":"product","2":"type-product","3":"status-publish","4":"has-post-thumbnail","6":"product_cat-durvju-zvani","8":"first","9":"outofstock","10":"taxable","11":"shipping-taxable","12":"purchasable","13":"product-type-simple"},"jetpack_sharing_enabled":true,"_links":{"self":[{"href":"https:\/\/ddt.lv\/lv\/wp-json\/wp\/v2\/product\/5823"}],"collection":[{"href":"https:\/\/ddt.lv\/lv\/wp-json\/wp\/v2\/product"}],"about":[{"href":"https:\/\/ddt.lv\/lv\/wp-json\/wp\/v2\/types\/product"}],"replies":[{"embeddable":true,"href":"https:\/\/ddt.lv\/lv\/wp-json\/wp\/v2\/comments?post=5823"}],"wp:featuredmedia":[{"embeddable":true,"href":"https:\/\/ddt.lv\/lv\/wp-json\/wp\/v2\/media\/16259"}],"wp:attachment":[{"href":"https:\/\/ddt.lv\/lv\/wp-json\/wp\/v2\/media?parent=5823"}],"wp:term":[{"taxonomy":"product_cat","embeddable":true,"href":"https:\/\/ddt.lv\/lv\/wp-json\/wp\/v2\/product_cat?post=5823"},{"taxonomy":"product_tag","embeddable":true,"href":"https:\/\/ddt.lv\/lv\/wp-json\/wp\/v2\/product_tag?post=5823"},{"taxonomy":"yst_prominent_words","embeddable":true,"href":"https:\/\/ddt.lv\/lv\/wp-json\/wp\/v2\/yst_prominent_words?post=5823"}],"curies":[{"name":"wp","href":"https:\/\/api.w.org\/{rel}","templated":true}]}}