{"id":5792,"date":"2019-10-28T08:36:45","date_gmt":"2019-10-28T06:36:45","guid":{"rendered":"https:\/\/ddt.lv\/product\/testeris-rayovac\/"},"modified":"2026-04-13T09:48:02","modified_gmt":"2026-04-13T06:48:02","slug":"testeris-rayovac","status":"publish","type":"product","link":"https:\/\/ddt.lv\/lv\/product\/testeris-rayovac\/","title":{"rendered":"Rayovac testeris dzirdes baterij\u0101m"},"content":{"rendered":"<p>Rayovac dzirdes apar\u0101tu bateriju testeris ar bateriju uzglab\u0101\u0161anas vietu. \u0112rts r\u012bks, lai sekotu l\u012bdz bateriju m\u016b\u017eam un sal\u012bdzin\u0101\u0161anai.<\/p>\n","protected":false},"excerpt":{"rendered":"<p>Rayovac dzirdes apar\u0101tu bateriju testeris ar bateriju uzglab\u0101\u0161anas vietu. \u0112rts r\u012bks, lai sekotu l\u012bdz bateriju m\u016b\u017eam un sal\u012bdzin\u0101\u0161anai.<\/p>\n","protected":false},"featured_media":14639,"comment_status":"closed","ping_status":"closed","template":"","meta":{"inline_featured_image":false},"product_cat":[772,448],"product_tag":[],"yst_prominent_words":[],"class_list":{"0":"post-5792","1":"product","2":"type-product","3":"status-publish","4":"has-post-thumbnail","6":"product_cat-atlaides","7":"product_cat-dzirdes-aparatiem","9":"first","10":"instock","11":"sale","12":"taxable","13":"shipping-taxable","14":"purchasable","15":"product-type-simple"},"jetpack_sharing_enabled":true,"_links":{"self":[{"href":"https:\/\/ddt.lv\/lv\/wp-json\/wp\/v2\/product\/5792"}],"collection":[{"href":"https:\/\/ddt.lv\/lv\/wp-json\/wp\/v2\/product"}],"about":[{"href":"https:\/\/ddt.lv\/lv\/wp-json\/wp\/v2\/types\/product"}],"replies":[{"embeddable":true,"href":"https:\/\/ddt.lv\/lv\/wp-json\/wp\/v2\/comments?post=5792"}],"wp:featuredmedia":[{"embeddable":true,"href":"https:\/\/ddt.lv\/lv\/wp-json\/wp\/v2\/media\/14639"}],"wp:attachment":[{"href":"https:\/\/ddt.lv\/lv\/wp-json\/wp\/v2\/media?parent=5792"}],"wp:term":[{"taxonomy":"product_cat","embeddable":true,"href":"https:\/\/ddt.lv\/lv\/wp-json\/wp\/v2\/product_cat?post=5792"},{"taxonomy":"product_tag","embeddable":true,"href":"https:\/\/ddt.lv\/lv\/wp-json\/wp\/v2\/product_tag?post=5792"},{"taxonomy":"yst_prominent_words","embeddable":true,"href":"https:\/\/ddt.lv\/lv\/wp-json\/wp\/v2\/yst_prominent_words?post=5792"}],"curies":[{"name":"wp","href":"https:\/\/api.w.org\/{rel}","templated":true}]}}