{"id":5737,"date":"2019-10-28T08:36:39","date_gmt":"2019-10-28T06:36:39","guid":{"rendered":"https:\/\/ddt.lv\/product\/57642-pocket-2-4-viet-ladejama-ierice-varta\/"},"modified":"2026-04-09T16:15:25","modified_gmt":"2026-04-09T13:15:25","slug":"57642-pocket-2-4-viet-ladejama-ierice-varta","status":"publish","type":"product","link":"https:\/\/ddt.lv\/lv\/product\/57642-pocket-2-4-viet-ladejama-ierice-varta\/","title":{"rendered":"57642 Bateriju (Accu) l\u0101d\u0113t\u0101js VARTA Pocket 2\/4 vietas"},"content":{"rendered":"<p>Kompakts un izsmalcin\u0101ts dizains!<\/p>\n","protected":false},"excerpt":{"rendered":"<p>Kompakts un izsmalcin\u0101ts dizains!<\/p>\n","protected":false},"featured_media":14860,"comment_status":"closed","ping_status":"closed","template":"","meta":{"inline_featured_image":false},"product_cat":[453],"product_tag":[],"yst_prominent_words":[],"class_list":{"0":"post-5737","1":"product","2":"type-product","3":"status-publish","4":"has-post-thumbnail","6":"product_cat-ladesanas-ierices","8":"first","9":"outofstock","10":"taxable","11":"shipping-taxable","12":"purchasable","13":"product-type-simple"},"jetpack_sharing_enabled":true,"_links":{"self":[{"href":"https:\/\/ddt.lv\/lv\/wp-json\/wp\/v2\/product\/5737"}],"collection":[{"href":"https:\/\/ddt.lv\/lv\/wp-json\/wp\/v2\/product"}],"about":[{"href":"https:\/\/ddt.lv\/lv\/wp-json\/wp\/v2\/types\/product"}],"replies":[{"embeddable":true,"href":"https:\/\/ddt.lv\/lv\/wp-json\/wp\/v2\/comments?post=5737"}],"wp:featuredmedia":[{"embeddable":true,"href":"https:\/\/ddt.lv\/lv\/wp-json\/wp\/v2\/media\/14860"}],"wp:attachment":[{"href":"https:\/\/ddt.lv\/lv\/wp-json\/wp\/v2\/media?parent=5737"}],"wp:term":[{"taxonomy":"product_cat","embeddable":true,"href":"https:\/\/ddt.lv\/lv\/wp-json\/wp\/v2\/product_cat?post=5737"},{"taxonomy":"product_tag","embeddable":true,"href":"https:\/\/ddt.lv\/lv\/wp-json\/wp\/v2\/product_tag?post=5737"},{"taxonomy":"yst_prominent_words","embeddable":true,"href":"https:\/\/ddt.lv\/lv\/wp-json\/wp\/v2\/yst_prominent_words?post=5737"}],"curies":[{"name":"wp","href":"https:\/\/api.w.org\/{rel}","templated":true}]}}