{"id":5717,"date":"2019-10-28T08:36:37","date_gmt":"2019-10-28T06:36:37","guid":{"rendered":"https:\/\/ddt.lv\/product\/v13ga-2-baterija-electronics-alkaline-1-5v-varta\/"},"modified":"2026-04-01T00:08:00","modified_gmt":"2026-03-31T21:08:00","slug":"v13ga-2-baterija-electronics-alkaline-1-5v-varta","status":"publish","type":"product","link":"https:\/\/ddt.lv\/lv\/product\/v13ga-2-baterija-electronics-alkaline-1-5v-varta\/","title":{"rendered":"V13GA 1.5V baterija VARTA Electronics Alkaline 2gb."},"content":{"rendered":"<p>Uzticamas un ilgi kalpojo\u0161as baterijas no ra\u017eot\u0101ja Varta, paredz\u0113tas maz\u0101m elektronikas ier\u012bc\u0113m!<\/p>\n","protected":false},"excerpt":{"rendered":"<p>Uzticamas un ilgi kalpojo\u0161as baterijas no ra\u017eot\u0101ja Varta, paredz\u0113tas maz\u0101m elektronikas ier\u012bc\u0113m!<\/p>\n","protected":false},"featured_media":34011,"comment_status":"closed","ping_status":"closed","template":"","meta":{"inline_featured_image":false},"product_cat":[451],"product_tag":[],"yst_prominent_words":[],"class_list":{"0":"post-5717","1":"product","2":"type-product","3":"status-publish","4":"has-post-thumbnail","6":"product_cat-elektronics-baterijas","8":"first","9":"instock","10":"taxable","11":"shipping-taxable","12":"purchasable","13":"product-type-simple"},"jetpack_sharing_enabled":true,"_links":{"self":[{"href":"https:\/\/ddt.lv\/lv\/wp-json\/wp\/v2\/product\/5717"}],"collection":[{"href":"https:\/\/ddt.lv\/lv\/wp-json\/wp\/v2\/product"}],"about":[{"href":"https:\/\/ddt.lv\/lv\/wp-json\/wp\/v2\/types\/product"}],"replies":[{"embeddable":true,"href":"https:\/\/ddt.lv\/lv\/wp-json\/wp\/v2\/comments?post=5717"}],"wp:featuredmedia":[{"embeddable":true,"href":"https:\/\/ddt.lv\/lv\/wp-json\/wp\/v2\/media\/34011"}],"wp:attachment":[{"href":"https:\/\/ddt.lv\/lv\/wp-json\/wp\/v2\/media?parent=5717"}],"wp:term":[{"taxonomy":"product_cat","embeddable":true,"href":"https:\/\/ddt.lv\/lv\/wp-json\/wp\/v2\/product_cat?post=5717"},{"taxonomy":"product_tag","embeddable":true,"href":"https:\/\/ddt.lv\/lv\/wp-json\/wp\/v2\/product_tag?post=5717"},{"taxonomy":"yst_prominent_words","embeddable":true,"href":"https:\/\/ddt.lv\/lv\/wp-json\/wp\/v2\/yst_prominent_words?post=5717"}],"curies":[{"name":"wp","href":"https:\/\/api.w.org\/{rel}","templated":true}]}}