{"id":5633,"date":"2019-10-28T08:36:27","date_gmt":"2019-10-28T06:36:27","guid":{"rendered":"https:\/\/ddt.lv\/product\/dzirdes-aparatu-tirisanas-ierice-rayovac\/"},"modified":"2026-04-08T14:27:41","modified_gmt":"2026-04-08T11:27:41","slug":"dzirdes-aparatu-tirisanas-ierice-rayovac","status":"publish","type":"product","link":"https:\/\/ddt.lv\/lv\/product\/dzirdes-aparatu-tirisanas-ierice-rayovac\/","title":{"rendered":"Rayovac dzirdes apar\u0101tu t\u012br\u012b\u0161anas ier\u012bce 5 in1"},"content":{"rendered":"<p>\u0112rt\u0101kai dzirdes apar\u0101tu kop\u0161anai!<\/p>\n","protected":false},"excerpt":{"rendered":"<p>\u0112rt\u0101kai dzirdes apar\u0101tu kop\u0161anai!<\/p>\n","protected":false},"featured_media":14676,"comment_status":"closed","ping_status":"closed","template":"","meta":{"inline_featured_image":false},"product_cat":[772,448],"product_tag":[],"yst_prominent_words":[],"class_list":{"0":"post-5633","1":"product","2":"type-product","3":"status-publish","4":"has-post-thumbnail","6":"product_cat-atlaides","7":"product_cat-dzirdes-aparatiem","9":"first","10":"instock","11":"sale","12":"taxable","13":"shipping-taxable","14":"purchasable","15":"product-type-simple"},"jetpack_sharing_enabled":true,"_links":{"self":[{"href":"https:\/\/ddt.lv\/lv\/wp-json\/wp\/v2\/product\/5633"}],"collection":[{"href":"https:\/\/ddt.lv\/lv\/wp-json\/wp\/v2\/product"}],"about":[{"href":"https:\/\/ddt.lv\/lv\/wp-json\/wp\/v2\/types\/product"}],"replies":[{"embeddable":true,"href":"https:\/\/ddt.lv\/lv\/wp-json\/wp\/v2\/comments?post=5633"}],"wp:featuredmedia":[{"embeddable":true,"href":"https:\/\/ddt.lv\/lv\/wp-json\/wp\/v2\/media\/14676"}],"wp:attachment":[{"href":"https:\/\/ddt.lv\/lv\/wp-json\/wp\/v2\/media?parent=5633"}],"wp:term":[{"taxonomy":"product_cat","embeddable":true,"href":"https:\/\/ddt.lv\/lv\/wp-json\/wp\/v2\/product_cat?post=5633"},{"taxonomy":"product_tag","embeddable":true,"href":"https:\/\/ddt.lv\/lv\/wp-json\/wp\/v2\/product_tag?post=5633"},{"taxonomy":"yst_prominent_words","embeddable":true,"href":"https:\/\/ddt.lv\/lv\/wp-json\/wp\/v2\/yst_prominent_words?post=5633"}],"curies":[{"name":"wp","href":"https:\/\/api.w.org\/{rel}","templated":true}]}}