{"id":5427,"date":"2019-10-28T08:35:58","date_gmt":"2019-10-28T06:35:58","guid":{"rendered":"https:\/\/ddt.lv\/product\/accu-baterija-ni-mh-aa-2700mah-camelion-bl4\/"},"modified":"2026-04-01T00:07:08","modified_gmt":"2026-03-31T21:07:08","slug":"accu-baterija-ni-mh-aa-2700mah-camelion-bl4","status":"publish","type":"product","link":"https:\/\/ddt.lv\/lv\/product\/accu-baterija-ni-mh-aa-2700mah-camelion-bl4\/","title":{"rendered":"AA accu baterijas l\u0101d\u0113jamas Camelion NI-MH 2700mAh 4gb."},"content":{"rendered":"<p>Jaud\u012bgas atk\u0101rtoti uzl\u0101d\u0113jamas baterijas no ra\u017eot\u0101ja Camelion! Lieliski piem\u0113rotas lieto\u0161anai m\u0101jas ier\u012bc\u0113s!<\/p>\n","protected":false},"excerpt":{"rendered":"<p>Jaud\u012bgas atk\u0101rtoti uzl\u0101d\u0113jamas baterijas no ra\u017eot\u0101ja Camelion! Lieliski piem\u0113rotas lieto\u0161anai m\u0101jas ier\u012bc\u0113s!<\/p>\n","protected":false},"featured_media":14781,"comment_status":"closed","ping_status":"closed","template":"","meta":{"inline_featured_image":false},"product_cat":[441],"product_tag":[],"yst_prominent_words":[],"class_list":{"0":"post-5427","1":"product","2":"type-product","3":"status-publish","4":"has-post-thumbnail","6":"product_cat-aa","8":"first","9":"instock","10":"taxable","11":"shipping-taxable","12":"purchasable","13":"product-type-simple"},"jetpack_sharing_enabled":true,"_links":{"self":[{"href":"https:\/\/ddt.lv\/lv\/wp-json\/wp\/v2\/product\/5427"}],"collection":[{"href":"https:\/\/ddt.lv\/lv\/wp-json\/wp\/v2\/product"}],"about":[{"href":"https:\/\/ddt.lv\/lv\/wp-json\/wp\/v2\/types\/product"}],"replies":[{"embeddable":true,"href":"https:\/\/ddt.lv\/lv\/wp-json\/wp\/v2\/comments?post=5427"}],"wp:featuredmedia":[{"embeddable":true,"href":"https:\/\/ddt.lv\/lv\/wp-json\/wp\/v2\/media\/14781"}],"wp:attachment":[{"href":"https:\/\/ddt.lv\/lv\/wp-json\/wp\/v2\/media?parent=5427"}],"wp:term":[{"taxonomy":"product_cat","embeddable":true,"href":"https:\/\/ddt.lv\/lv\/wp-json\/wp\/v2\/product_cat?post=5427"},{"taxonomy":"product_tag","embeddable":true,"href":"https:\/\/ddt.lv\/lv\/wp-json\/wp\/v2\/product_tag?post=5427"},{"taxonomy":"yst_prominent_words","embeddable":true,"href":"https:\/\/ddt.lv\/lv\/wp-json\/wp\/v2\/yst_prominent_words?post=5427"}],"curies":[{"name":"wp","href":"https:\/\/api.w.org\/{rel}","templated":true}]}}