{"id":5332,"date":"2019-10-28T08:35:43","date_gmt":"2019-10-28T06:35:43","guid":{"rendered":"https:\/\/ddt.lv\/product\/5716-4-aa-baterija-accu-2600mah-varta\/"},"modified":"2026-04-01T00:06:55","modified_gmt":"2026-03-31T21:06:55","slug":"5716-4-aa-baterija-accu-2600mah-varta","status":"publish","type":"product","link":"https:\/\/ddt.lv\/lv\/product\/5716-4-aa-baterija-accu-2600mah-varta\/","title":{"rendered":"5716\/4 AA baterijas l\u0101d\u0113jamas VARTA Accu Power 2600mAh 4gb."},"content":{"rendered":"<p>Varta Power l\u0101d\u0113jam\u0101s baterijas saglab\u0101 vismaz 75% no savas ietilp\u012bbas pat p\u0113c 12 m\u0113ne\u0161u lieto\u0161anas. Lieliski piem\u0113rotas ikdienas lieto\u0161an\u0101, var uzl\u0101d\u0113t ar jebkuru l\u0101d\u0113t\u0101ju.<\/p>\n","protected":false},"excerpt":{"rendered":"<p>Varta Power l\u0101d\u0113jam\u0101s baterijas saglab\u0101 vismaz 75% no savas ietilp\u012bbas pat p\u0113c 12 m\u0113ne\u0161u lieto\u0161anas. Lieliski piem\u0113rotas ikdienas lieto\u0161an\u0101, var uzl\u0101d\u0113t ar jebkuru l\u0101d\u0113t\u0101ju.<\/p>\n","protected":false},"featured_media":33117,"comment_status":"closed","ping_status":"closed","template":"","meta":{"inline_featured_image":false},"product_cat":[441],"product_tag":[],"yst_prominent_words":[],"class_list":{"0":"post-5332","1":"product","2":"type-product","3":"status-publish","4":"has-post-thumbnail","6":"product_cat-aa","8":"first","9":"instock","10":"taxable","11":"shipping-taxable","12":"purchasable","13":"product-type-simple"},"jetpack_sharing_enabled":true,"_links":{"self":[{"href":"https:\/\/ddt.lv\/lv\/wp-json\/wp\/v2\/product\/5332"}],"collection":[{"href":"https:\/\/ddt.lv\/lv\/wp-json\/wp\/v2\/product"}],"about":[{"href":"https:\/\/ddt.lv\/lv\/wp-json\/wp\/v2\/types\/product"}],"replies":[{"embeddable":true,"href":"https:\/\/ddt.lv\/lv\/wp-json\/wp\/v2\/comments?post=5332"}],"wp:featuredmedia":[{"embeddable":true,"href":"https:\/\/ddt.lv\/lv\/wp-json\/wp\/v2\/media\/33117"}],"wp:attachment":[{"href":"https:\/\/ddt.lv\/lv\/wp-json\/wp\/v2\/media?parent=5332"}],"wp:term":[{"taxonomy":"product_cat","embeddable":true,"href":"https:\/\/ddt.lv\/lv\/wp-json\/wp\/v2\/product_cat?post=5332"},{"taxonomy":"product_tag","embeddable":true,"href":"https:\/\/ddt.lv\/lv\/wp-json\/wp\/v2\/product_tag?post=5332"},{"taxonomy":"yst_prominent_words","embeddable":true,"href":"https:\/\/ddt.lv\/lv\/wp-json\/wp\/v2\/yst_prominent_words?post=5332"}],"curies":[{"name":"wp","href":"https:\/\/api.w.org\/{rel}","templated":true}]}}