{"id":5272,"date":"2019-10-28T08:35:35","date_gmt":"2019-10-28T06:35:35","guid":{"rendered":"https:\/\/ddt.lv\/product\/102012-1-4-5v-baterija-superlife-varta-pleve\/"},"modified":"2026-04-22T08:26:59","modified_gmt":"2026-04-22T05:26:59","slug":"102012-1-4-5v-baterija-superlife-varta-pleve","status":"publish","type":"product","link":"https:\/\/ddt.lv\/lv\/product\/102012-1-4-5v-baterija-superlife-varta-pleve\/","title":{"rendered":"102012\/1 4.5V baterija VARTA Superlife 1gb. pl\u0113v\u0113"},"content":{"rendered":"<p>Superlife \u2013 Uzticams ener\u0123ijas avots, piem\u0113rots ier\u012bc\u0113m ar mazu ener\u0123ijas pat\u0113ri\u0146u.<\/p>\n","protected":false},"excerpt":{"rendered":"<p>Superlife \u2013 Uzticams ener\u0123ijas avots, piem\u0113rots ier\u012bc\u0113m ar mazu ener\u0123ijas pat\u0113ri\u0146u.<\/p>\n","protected":false},"featured_media":33982,"comment_status":"closed","ping_status":"closed","template":"","meta":{"inline_featured_image":false},"product_cat":[445],"product_tag":[],"yst_prominent_words":[],"class_list":{"0":"post-5272","1":"product","2":"type-product","3":"status-publish","4":"has-post-thumbnail","6":"product_cat-4-5v","8":"first","9":"instock","10":"taxable","11":"shipping-taxable","12":"purchasable","13":"product-type-simple"},"jetpack_sharing_enabled":true,"_links":{"self":[{"href":"https:\/\/ddt.lv\/lv\/wp-json\/wp\/v2\/product\/5272"}],"collection":[{"href":"https:\/\/ddt.lv\/lv\/wp-json\/wp\/v2\/product"}],"about":[{"href":"https:\/\/ddt.lv\/lv\/wp-json\/wp\/v2\/types\/product"}],"replies":[{"embeddable":true,"href":"https:\/\/ddt.lv\/lv\/wp-json\/wp\/v2\/comments?post=5272"}],"wp:featuredmedia":[{"embeddable":true,"href":"https:\/\/ddt.lv\/lv\/wp-json\/wp\/v2\/media\/33982"}],"wp:attachment":[{"href":"https:\/\/ddt.lv\/lv\/wp-json\/wp\/v2\/media?parent=5272"}],"wp:term":[{"taxonomy":"product_cat","embeddable":true,"href":"https:\/\/ddt.lv\/lv\/wp-json\/wp\/v2\/product_cat?post=5272"},{"taxonomy":"product_tag","embeddable":true,"href":"https:\/\/ddt.lv\/lv\/wp-json\/wp\/v2\/product_tag?post=5272"},{"taxonomy":"yst_prominent_words","embeddable":true,"href":"https:\/\/ddt.lv\/lv\/wp-json\/wp\/v2\/yst_prominent_words?post=5272"}],"curies":[{"name":"wp","href":"https:\/\/api.w.org\/{rel}","templated":true}]}}